{"id":84,"date":"2024-08-29T15:35:36","date_gmt":"2024-08-29T12:35:36","guid":{"rendered":"https:\/\/neera-shop.ru\/lv\/?post_type=product&#038;p=84"},"modified":"2025-03-14T00:07:21","modified_gmt":"2025-03-13T21:07:21","slug":"madalbal-syrup-1000ml","status":"publish","type":"product","link":"https:\/\/neera.ee\/lv\/product\/madalbal-syrup-1000ml\/","title":{"rendered":"MadalBal S\u012brups (1000ml)"},"content":{"rendered":"","protected":false},"excerpt":{"rendered":"<p>Sast\u0101vda\u013cas: Izv\u0113l\u0113ti palmu s\u012brapi (Indon\u0113zija, \u0160rilanka), augstas kvalit\u0101tes javas s\u012brups (Kan\u0101da).<\/p>\n","protected":false},"featured_media":506,"template":"","meta":{"_acf_changed":false,"inline_featured_image":false},"product_brand":[],"product_cat":[16],"product_tag":[],"class_list":{"0":"post-84","1":"product","2":"type-product","3":"status-publish","4":"has-post-thumbnail","6":"product_cat-syrup","8":"first","9":"instock","10":"shipping-taxable","11":"purchasable","12":"product-type-simple"},"acf":[],"yoast_head":"<!-- This site is optimized with the Yoast SEO plugin v24.6 - https:\/\/yoast.com\/wordpress\/plugins\/seo\/ -->\n<title>MadalBal S\u012brups (1000ml) - Neera - Att\u012bro\u0161s s\u012brups<\/title>\n<meta name=\"robots\" content=\"index, follow, max-snippet:-1, max-image-preview:large, max-video-preview:-1\" \/>\n<link rel=\"canonical\" href=\"https:\/\/neera.ee\/lv\/product\/madalbal-syrup-1000ml\/\" \/>\n<meta property=\"og:locale\" content=\"lv_LV\" \/>\n<meta property=\"og:type\" content=\"article\" \/>\n<meta property=\"og:title\" content=\"MadalBal S\u012brups (1000ml) - Neera - Att\u012bro\u0161s s\u012brups\" \/>\n<meta property=\"og:description\" content=\"Sast\u0101vda\u013cas: Izv\u0113l\u0113ti palmu s\u012brapi (Indon\u0113zija, \u0160rilanka), augstas kvalit\u0101tes javas s\u012brups (Kan\u0101da).\" \/>\n<meta property=\"og:url\" content=\"https:\/\/neera.ee\/lv\/product\/madalbal-syrup-1000ml\/\" \/>\n<meta property=\"og:site_name\" content=\"Neera - Att\u012bro\u0161s s\u012brups\" \/>\n<meta property=\"article:modified_time\" content=\"2025-03-13T21:07:21+00:00\" \/>\n<meta property=\"og:image\" content=\"https:\/\/neera.ee\/lv\/wp-content\/uploads\/sites\/4\/2024\/09\/product.webp\" \/>\n\t<meta property=\"og:image:width\" content=\"666\" \/>\n\t<meta property=\"og:image:height\" content=\"1175\" \/>\n\t<meta property=\"og:image:type\" content=\"image\/webp\" \/>\n<meta name=\"twitter:card\" content=\"summary_large_image\" \/>\n<meta name=\"twitter:label1\" content=\"Est. reading time\" \/>\n\t<meta name=\"twitter:data1\" content=\"1 min\u016bte\" \/>\n<script type=\"application\/ld+json\" class=\"yoast-schema-graph\">{\"@context\":\"https:\/\/schema.org\",\"@graph\":[{\"@type\":\"WebPage\",\"@id\":\"https:\/\/neera.ee\/lv\/product\/madalbal-syrup-1000ml\/\",\"url\":\"https:\/\/neera.ee\/lv\/product\/madalbal-syrup-1000ml\/\",\"name\":\"MadalBal S\u012brups (1000ml) - Neera - Att\u012bro\u0161s s\u012brups\",\"isPartOf\":{\"@id\":\"https:\/\/neera-shop.ru\/lv\/#website\"},\"primaryImageOfPage\":{\"@id\":\"https:\/\/neera.ee\/lv\/product\/madalbal-syrup-1000ml\/#primaryimage\"},\"image\":{\"@id\":\"https:\/\/neera.ee\/lv\/product\/madalbal-syrup-1000ml\/#primaryimage\"},\"thumbnailUrl\":\"https:\/\/neera.ee\/lv\/wp-content\/uploads\/sites\/4\/2024\/09\/product.webp\",\"datePublished\":\"2024-08-29T12:35:36+00:00\",\"dateModified\":\"2025-03-13T21:07:21+00:00\",\"breadcrumb\":{\"@id\":\"https:\/\/neera.ee\/lv\/product\/madalbal-syrup-1000ml\/#breadcrumb\"},\"inLanguage\":\"lv-LV\",\"potentialAction\":[{\"@type\":\"ReadAction\",\"target\":[\"https:\/\/neera.ee\/lv\/product\/madalbal-syrup-1000ml\/\"]}]},{\"@type\":\"ImageObject\",\"inLanguage\":\"lv-LV\",\"@id\":\"https:\/\/neera.ee\/lv\/product\/madalbal-syrup-1000ml\/#primaryimage\",\"url\":\"https:\/\/neera.ee\/lv\/wp-content\/uploads\/sites\/4\/2024\/09\/product.webp\",\"contentUrl\":\"https:\/\/neera.ee\/lv\/wp-content\/uploads\/sites\/4\/2024\/09\/product.webp\",\"width\":666,\"height\":1175},{\"@type\":\"BreadcrumbList\",\"@id\":\"https:\/\/neera.ee\/lv\/product\/madalbal-syrup-1000ml\/#breadcrumb\",\"itemListElement\":[{\"@type\":\"ListItem\",\"position\":1,\"name\":\"Home\",\"item\":\"https:\/\/neera.ee\/lv\/\"},{\"@type\":\"ListItem\",\"position\":2,\"name\":\"Veikals\",\"item\":\"https:\/\/neera.ee\/lv\/shop\/\"},{\"@type\":\"ListItem\",\"position\":3,\"name\":\"MadalBal S\u012brups (1000ml)\"}]},{\"@type\":\"WebSite\",\"@id\":\"https:\/\/neera-shop.ru\/lv\/#website\",\"url\":\"https:\/\/neera-shop.ru\/lv\/\",\"name\":\"Neera - Att\u012bro\u0161s s\u012brups\",\"description\":\"Neera Natural Madal Bal s\u012brups - \u012bpa\u0161s k\u013cavu s\u012brupa un palmu s\u012brupa mais\u012bjums, kas kalpo par pamatu j\u016bsu Master Cleanse di\u0113tas ce\u013cojumam.\",\"potentialAction\":[{\"@type\":\"SearchAction\",\"target\":{\"@type\":\"EntryPoint\",\"urlTemplate\":\"https:\/\/neera-shop.ru\/lv\/?s={search_term_string}\"},\"query-input\":{\"@type\":\"PropertyValueSpecification\",\"valueRequired\":true,\"valueName\":\"search_term_string\"}}],\"inLanguage\":\"lv-LV\"}]}<\/script>\n<!-- \/ Yoast SEO plugin. -->","yoast_head_json":{"title":"MadalBal S\u012brups (1000ml) - Neera - Att\u012bro\u0161s s\u012brups","robots":{"index":"index","follow":"follow","max-snippet":"max-snippet:-1","max-image-preview":"max-image-preview:large","max-video-preview":"max-video-preview:-1"},"canonical":"https:\/\/neera.ee\/lv\/product\/madalbal-syrup-1000ml\/","og_locale":"lv_LV","og_type":"article","og_title":"MadalBal S\u012brups (1000ml) - Neera - Att\u012bro\u0161s s\u012brups","og_description":"Sast\u0101vda\u013cas: Izv\u0113l\u0113ti palmu s\u012brapi (Indon\u0113zija, \u0160rilanka), augstas kvalit\u0101tes javas s\u012brups (Kan\u0101da).","og_url":"https:\/\/neera.ee\/lv\/product\/madalbal-syrup-1000ml\/","og_site_name":"Neera - Att\u012bro\u0161s s\u012brups","article_modified_time":"2025-03-13T21:07:21+00:00","og_image":[{"width":666,"height":1175,"url":"https:\/\/neera.ee\/lv\/wp-content\/uploads\/sites\/4\/2024\/09\/product.webp","type":"image\/webp"}],"twitter_card":"summary_large_image","twitter_misc":{"Est. reading time":"1 min\u016bte"},"schema":{"@context":"https:\/\/schema.org","@graph":[{"@type":"WebPage","@id":"https:\/\/neera.ee\/lv\/product\/madalbal-syrup-1000ml\/","url":"https:\/\/neera.ee\/lv\/product\/madalbal-syrup-1000ml\/","name":"MadalBal S\u012brups (1000ml) - Neera - Att\u012bro\u0161s s\u012brups","isPartOf":{"@id":"https:\/\/neera-shop.ru\/lv\/#website"},"primaryImageOfPage":{"@id":"https:\/\/neera.ee\/lv\/product\/madalbal-syrup-1000ml\/#primaryimage"},"image":{"@id":"https:\/\/neera.ee\/lv\/product\/madalbal-syrup-1000ml\/#primaryimage"},"thumbnailUrl":"https:\/\/neera.ee\/lv\/wp-content\/uploads\/sites\/4\/2024\/09\/product.webp","datePublished":"2024-08-29T12:35:36+00:00","dateModified":"2025-03-13T21:07:21+00:00","breadcrumb":{"@id":"https:\/\/neera.ee\/lv\/product\/madalbal-syrup-1000ml\/#breadcrumb"},"inLanguage":"lv-LV","potentialAction":[{"@type":"ReadAction","target":["https:\/\/neera.ee\/lv\/product\/madalbal-syrup-1000ml\/"]}]},{"@type":"ImageObject","inLanguage":"lv-LV","@id":"https:\/\/neera.ee\/lv\/product\/madalbal-syrup-1000ml\/#primaryimage","url":"https:\/\/neera.ee\/lv\/wp-content\/uploads\/sites\/4\/2024\/09\/product.webp","contentUrl":"https:\/\/neera.ee\/lv\/wp-content\/uploads\/sites\/4\/2024\/09\/product.webp","width":666,"height":1175},{"@type":"BreadcrumbList","@id":"https:\/\/neera.ee\/lv\/product\/madalbal-syrup-1000ml\/#breadcrumb","itemListElement":[{"@type":"ListItem","position":1,"name":"Home","item":"https:\/\/neera.ee\/lv\/"},{"@type":"ListItem","position":2,"name":"Veikals","item":"https:\/\/neera.ee\/lv\/shop\/"},{"@type":"ListItem","position":3,"name":"MadalBal S\u012brups (1000ml)"}]},{"@type":"WebSite","@id":"https:\/\/neera-shop.ru\/lv\/#website","url":"https:\/\/neera-shop.ru\/lv\/","name":"Neera - Att\u012bro\u0161s s\u012brups","description":"Neera Natural Madal Bal s\u012brups - \u012bpa\u0161s k\u013cavu s\u012brupa un palmu s\u012brupa mais\u012bjums, kas kalpo par pamatu j\u016bsu Master Cleanse di\u0113tas ce\u013cojumam.","potentialAction":[{"@type":"SearchAction","target":{"@type":"EntryPoint","urlTemplate":"https:\/\/neera-shop.ru\/lv\/?s={search_term_string}"},"query-input":{"@type":"PropertyValueSpecification","valueRequired":true,"valueName":"search_term_string"}}],"inLanguage":"lv-LV"}]}},"_links":{"self":[{"href":"https:\/\/neera.ee\/lv\/wp-json\/wp\/v2\/product\/84","targetHints":{"allow":["GET"]}}],"collection":[{"href":"https:\/\/neera.ee\/lv\/wp-json\/wp\/v2\/product"}],"about":[{"href":"https:\/\/neera.ee\/lv\/wp-json\/wp\/v2\/types\/product"}],"wp:featuredmedia":[{"embeddable":true,"href":"https:\/\/neera.ee\/lv\/wp-json\/wp\/v2\/media\/506"}],"wp:attachment":[{"href":"https:\/\/neera.ee\/lv\/wp-json\/wp\/v2\/media?parent=84"}],"wp:term":[{"taxonomy":"product_brand","embeddable":true,"href":"https:\/\/neera.ee\/lv\/wp-json\/wp\/v2\/product_brand?post=84"},{"taxonomy":"product_cat","embeddable":true,"href":"https:\/\/neera.ee\/lv\/wp-json\/wp\/v2\/product_cat?post=84"},{"taxonomy":"product_tag","embeddable":true,"href":"https:\/\/neera.ee\/lv\/wp-json\/wp\/v2\/product_tag?post=84"}],"curies":[{"name":"wp","href":"https:\/\/api.w.org\/{rel}","templated":true}]}}