{"id":80,"date":"2024-08-29T02:27:25","date_gmt":"2024-08-28T23:27:25","guid":{"rendered":"https:\/\/neera-shop.ru\/lv\/?page_id=80"},"modified":"2025-03-14T00:40:09","modified_gmt":"2025-03-13T21:40:09","slug":"weight-loss","status":"publish","type":"page","link":"https:\/\/neera.ee\/lv\/the-program\/weight-loss\/","title":{"rendered":"Svara zudums"},"content":{"rendered":"<h1 class=\"wp-block-heading has-text-align-center tw-mb-16 NB tw-text-center tw-w-full\">Svara zudums<\/h1><p>Daudzi cilv\u0113ki izv\u0113las Neera \u0137erme\u0146a att\u012br\u012b\u0161anas programmu ar\u012b t\u0101p\u0113c, ka t\u0101 pal\u012bdz samazin\u0101t lieko svaru.<br><br>Toks\u012bnu uzkr\u0101\u0161an\u0101s organism\u0101 un liekais svars vienm\u0113r ir saist\u012bti. Daudzi p\u0101rtikas produkti, kas izraisa svara pieaugumu, ar\u012b pies\u0101r\u0146o m\u016bsu \u0137ermeni ar toks\u012bniem.<br><br>Vai svara zudums tie\u0161\u0101m ir tik svar\u012bgs? M\u0113s uzskat\u0101m, ka katram cilv\u0113kam ir j\u0101j\u016btas \u0113rti attiec\u012bb\u0101 uz savu \u0137ermeni neatkar\u012bgi no t\u0101, vai vi\u0146am ir liekais svars vai n\u0113. Tom\u0113r ir svar\u012bgi zin\u0101t, ka liekais svars rada nopietnus vesel\u012bbas riskus.<br><br>Saska\u0146\u0101 ar Amerikas Slim\u012bbu kontroles un profilakses centra (CDC) datiem aptauko\u0161an\u0101s katru gadu Amerikas Savienotaj\u0101s Valst\u012bs izraisa vair\u0101k nek\u0101 300 000 n\u0101ves gad\u012bjumu, un pat neliels liek\u0101 svara daudzums palielina da\u017e\u0101du slim\u012bbu risku. CDC lieko svaru saista ar paaugstin\u0101tu hipertensijas, diab\u0113ta, sirds slim\u012bbu, elpo\u0161anas probl\u0113mu un da\u017eu v\u0113\u017ea risku.<br><br>NEERA di\u0113ta pal\u012bdz\u0113s jums zaud\u0113t svaru, ierobe\u017eojot uz\u0146emto kaloriju daudzumu. Svar\u012bga loma ir ar\u012b Madalbal s\u012brupa dabiskaj\u0101m sast\u0101vda\u013c\u0101m. Citronu sula pal\u012bdz sadal\u012bt \u0137erme\u0146a taukus. P\u0113c Stenlija Burova teikt\u0101, &#8220;Tauki burtiski k\u016bst&#8221;. Kaj\u0113nas pipari ir paz\u012bstami ar\u012b k\u0101 dabisks produkts, kas veicina svara zudumu.<br><br>Neera di\u0113ta ne tikai pal\u012bdz zaud\u0113t lieko svaru, bet ar\u012b nov\u0113r\u0161 t\u0101 atgrie\u0161anos. P\u0113c \u0161\u012bs t\u012br\u012b\u0161anas di\u0113tas veik\u0161anas j\u016bs atbr\u012bvosities no alkas p\u0113c smagas, nevesel\u012bgas p\u0101rtikas.<br><br>Daudzi no tipiskajiem p\u0101rtikas produktiem m\u016bsu m\u016bsdienu sabiedr\u012bb\u0101 tiek intens\u012bvi apstr\u0101d\u0101ti, k\u0101 rezult\u0101t\u0101 palielin\u0101s cukura, pies\u0101tin\u0101to tauku un p\u0101rstr\u0101d\u0101to og\u013chidr\u0101tu l\u012bmenis. T\u012br\u012b\u0161anas kursa laik\u0101 j\u016bs atbr\u012bvosities no atkar\u012bbas no \u0161iem nevajadz\u012bgajiem p\u0101rtikas produktiem.<br><br>Daudzi cilv\u0113ki, kuri izm\u0113\u0123ina pat 5-7 dienu di\u0113tu, pamana, cik lieliski vi\u0146i s\u0101k justies, un nev\u0113las atgriezties pie sava iepriek\u0161\u0113j\u0101 dz\u012bvesveida.<br><br>Pirms vair\u0101k nek\u0101 30 gadiem Madalbal\u0101 izgudrotais dabisko koksnes s\u012brupu mais\u012bjums veicina dabisko \u0137erme\u0146a tauku att\u012br\u012b\u0161anas un sadedzin\u0101\u0161anas procesu, kura efektivit\u0101ti ir apstiprin\u0101ju\u0161i daudzi \u0101rsti un naturop\u0101ti vis\u0101 pasaul\u0113.<br><br>Neera super att\u012br\u012b\u0161anas programma ieguva milz\u012bgu popularit\u0101ti Eirop\u0101, Amerik\u0101 un \u0410\u0437ij\u0101, kur t\u016bksto\u0161iem cilv\u0113ku no pirmavotiem p\u0101rliecin\u0101j\u0101s par t\u0101s efektivit\u0101ti un atz\u012bm\u0113ja t\u0101s iev\u0113rojamo sp\u0113ju pal\u012bdz\u0113t zaud\u0113t lieko svaru.<br><br>Di\u0113tisk\u0101s p\u0101rtikas veikali zi\u0146o par dab\u012bg\u0101 madalbal koka s\u012brupa pieaugo\u0161o popularit\u0101ti un p\u0101rdo\u0161anu, kas ir Neera super Cleansing citronu di\u0113tas pamat\u0101. Citronu di\u0113ta ir viena no popul\u0101r\u0101kaj\u0101m Holivud\u0101. Daudzas slaven\u012bbas, tostarp And\u017eel\u012bna D\u017eolija, to ir izmantoju\u0161as, lai \u0101tri ieg\u016btu formu film\u0113\u0161anai film\u0101s, m\u016bzikas videoklipos un balvu pasnieg\u0161anas ceremonij\u0101s, kad parast\u0101 di\u0113ta nevar\u0113ja pal\u012bdz\u0113t. \u017durn\u0101la Elle krievu numur\u0101 bija citronu t\u012br\u012b\u0161anas di\u0113ta Neera.<br><br><\/p><h3 class=\"wp-block-heading\">Limon\u0101des D\u017eo<\/h3><p><br>Anglija un Amerika ir traki par jauno Master Cleanse di\u0113tu jeb citronu Detox. Baumo, ka Kortnija Lova, Miks D\u017eegers un pat visureso\u0161\u0101 Madonna ir vi\u0146as fani. Parastie cilv\u0113ki ar\u012b seko \u0161ai tendencei: ir daudz Emu\u0101ru, kuros limon\u0101des di\u0113tas piekrit\u0113ji dal\u0101s pieredz\u0113 un atbalsta viens otru \u0161aj\u0101 izaicino\u0161aj\u0101 ce\u013cojum\u0101. Metodes b\u016bt\u012bba ir piln\u012bga septi\u0146u dienu bado\u0161an\u0101s. Malt\u012btes viet\u0101 j\u016bs varat pagatavot kokteili ar \u016bdeni, citronu sulu un palmu un k\u013cavu s\u012brupu mais\u012bjumu. \u0160im arom\u0101tiskajam mais\u012bjumam varat pievienot ar\u012b kaj\u0113nas piparus un ingveru. Saska\u0146\u0101 ar zi\u0146ojumiem, dzerot dz\u0113riena porciju, j\u016bs nejut\u012bsities izsalcis, un jums ir j\u0101izdzer septi\u0146as l\u012bdz devi\u0146as gl\u0101zes \u0161\u012b ma\u0123isk\u0101 dz\u0113riena dien\u0101. Sol\u012btie rezult\u0101ti ietver tr\u012bs l\u012bdz \u010detru kilogramu zaud\u0113\u0161anu, svaigu \u0101du, mirdzo\u0161as acis un lielisku labsaj\u016btu.<br><br>\u0160\u012b Att\u012bro\u0161\u0101 di\u0113ta pal\u012bdz\u0113ja dzied\u0101t\u0101jai Bejonsei Knowles nomest 9 kg pirms vi\u0146as lomas film\u0101 Dreamgirls (2006).<br><br><\/p><figure class=\"wp-block-image size-large is-resized wp-block-image-rounded\"><img decoding=\"async\" src=\"\/lv\/wp-content\/uploads\/sites\/4\/2024\/09\/beyonce-2.webp\" alt=\"\" style=\"aspect-ratio:3\/2;object-fit:cover;width:840px\"\/><\/figure><p><br>Va\u0161ingtona, 2007.gada 23. septembr\u012b aktrise un dzied\u0101t\u0101ja A\u0161anti septi\u0146as dienas veica att\u012br\u012b\u0161anas kursu, kas vi\u0146ai pal\u012bdz\u0113ja nomest 8 kilogramus pirms film\u0113\u0161anas jaunaj\u0101 film\u0101 Resident Evil: izmir\u0161ana un jaun\u0101 albuma deklar\u0101cija ierakst\u012b\u0161anas.<br><br><\/p><figure class=\"wp-block-image size-large is-resized wp-block-image-rounded\"><img decoding=\"async\" src=\"\/lv\/wp-content\/uploads\/sites\/4\/2024\/09\/ashanti-2.webp\" alt=\"\" style=\"object-fit:cover;width:840px;height:auto\"\/><\/figure><p class=\"link tw-text-lg\"><br><a href=\"\/lv\/shop\/\" data-type=\"link\" data-id=\"https:\/\/neera.ee\/ru\/shop\/\">P\u0113rc \u0161obr\u012bd dab\u012bgo koka s\u012brupu &#8220;Madalball&#8221;!<\/a><\/p>","protected":false},"excerpt":{"rendered":"<p>Svara zudums Daudzi cilv\u0113ki izv\u0113las Neera \u0137erme\u0146a att\u012br\u012b\u0161anas programmu ar\u012b t\u0101p\u0113c, ka t\u0101 pal\u012bdz samazin\u0101t lieko svaru. Toks\u012bnu uzkr\u0101\u0161an\u0101s organism\u0101 un liekais svars vienm\u0113r ir saist\u012bti. Daudzi p\u0101rtikas produkti, kas izraisa svara pieaugumu, ar\u012b pies\u0101r\u0146o m\u016bsu \u0137ermeni ar toks\u012bniem. Vai svara zudums tie\u0161\u0101m ir tik svar\u012bgs? M\u0113s uzskat\u0101m, ka katram cilv\u0113kam ir j\u0101j\u016btas \u0113rti attiec\u012bb\u0101 [&hellip;]<\/p>\n","protected":false},"author":1,"featured_media":0,"parent":72,"menu_order":0,"comment_status":"closed","ping_status":"closed","template":"","meta":{"_acf_changed":false,"inline_featured_image":false,"footnotes":""},"class_list":["post-80","page","type-page","status-publish","hentry"],"acf":[],"yoast_head":"<!-- This site is optimized with the Yoast SEO plugin v24.6 - https:\/\/yoast.com\/wordpress\/plugins\/seo\/ -->\n<title>Svara zudums - Neera - Att\u012bro\u0161s s\u012brups<\/title>\n<meta name=\"robots\" content=\"index, follow, max-snippet:-1, max-image-preview:large, max-video-preview:-1\" \/>\n<link rel=\"canonical\" href=\"https:\/\/neera.ee\/lv\/the-program\/weight-loss\/\" \/>\n<meta property=\"og:locale\" content=\"lv_LV\" \/>\n<meta property=\"og:type\" content=\"article\" \/>\n<meta property=\"og:title\" content=\"Svara zudums - Neera - Att\u012bro\u0161s s\u012brups\" \/>\n<meta property=\"og:description\" content=\"Svara zudums Daudzi cilv\u0113ki izv\u0113las Neera \u0137erme\u0146a att\u012br\u012b\u0161anas programmu ar\u012b t\u0101p\u0113c, ka t\u0101 pal\u012bdz samazin\u0101t lieko svaru. Toks\u012bnu uzkr\u0101\u0161an\u0101s organism\u0101 un liekais svars vienm\u0113r ir saist\u012bti. Daudzi p\u0101rtikas produkti, kas izraisa svara pieaugumu, ar\u012b pies\u0101r\u0146o m\u016bsu \u0137ermeni ar toks\u012bniem. Vai svara zudums tie\u0161\u0101m ir tik svar\u012bgs? M\u0113s uzskat\u0101m, ka katram cilv\u0113kam ir j\u0101j\u016btas \u0113rti attiec\u012bb\u0101 [&hellip;]\" \/>\n<meta property=\"og:url\" content=\"https:\/\/neera.ee\/lv\/the-program\/weight-loss\/\" \/>\n<meta property=\"og:site_name\" content=\"Neera - Att\u012bro\u0161s s\u012brups\" \/>\n<meta property=\"article:modified_time\" content=\"2025-03-13T21:40:09+00:00\" \/>\n<meta name=\"twitter:card\" content=\"summary_large_image\" \/>\n<meta name=\"twitter:label1\" content=\"Est. reading time\" \/>\n\t<meta name=\"twitter:data1\" content=\"4 min\u016btes\" \/>\n<script type=\"application\/ld+json\" class=\"yoast-schema-graph\">{\"@context\":\"https:\/\/schema.org\",\"@graph\":[{\"@type\":\"WebPage\",\"@id\":\"https:\/\/neera.ee\/lv\/the-program\/weight-loss\/\",\"url\":\"https:\/\/neera.ee\/lv\/the-program\/weight-loss\/\",\"name\":\"Svara zudums - Neera - Att\u012bro\u0161s s\u012brups\",\"isPartOf\":{\"@id\":\"https:\/\/neera-shop.ru\/lv\/#website\"},\"datePublished\":\"2024-08-28T23:27:25+00:00\",\"dateModified\":\"2025-03-13T21:40:09+00:00\",\"breadcrumb\":{\"@id\":\"https:\/\/neera.ee\/lv\/the-program\/weight-loss\/#breadcrumb\"},\"inLanguage\":\"lv-LV\",\"potentialAction\":[{\"@type\":\"ReadAction\",\"target\":[\"https:\/\/neera.ee\/lv\/the-program\/weight-loss\/\"]}]},{\"@type\":\"BreadcrumbList\",\"@id\":\"https:\/\/neera.ee\/lv\/the-program\/weight-loss\/#breadcrumb\",\"itemListElement\":[{\"@type\":\"ListItem\",\"position\":1,\"name\":\"Home\",\"item\":\"https:\/\/neera.ee\/lv\/\"},{\"@type\":\"ListItem\",\"position\":2,\"name\":\"Programma\",\"item\":\"https:\/\/neera-shop.ru\/lv\/the-program\/\"},{\"@type\":\"ListItem\",\"position\":3,\"name\":\"Svara zudums\"}]},{\"@type\":\"WebSite\",\"@id\":\"https:\/\/neera-shop.ru\/lv\/#website\",\"url\":\"https:\/\/neera-shop.ru\/lv\/\",\"name\":\"Neera - Att\u012bro\u0161s s\u012brups\",\"description\":\"Neera Natural Madal Bal s\u012brups - \u012bpa\u0161s k\u013cavu s\u012brupa un palmu s\u012brupa mais\u012bjums, kas kalpo par pamatu j\u016bsu Master Cleanse di\u0113tas ce\u013cojumam.\",\"potentialAction\":[{\"@type\":\"SearchAction\",\"target\":{\"@type\":\"EntryPoint\",\"urlTemplate\":\"https:\/\/neera-shop.ru\/lv\/?s={search_term_string}\"},\"query-input\":{\"@type\":\"PropertyValueSpecification\",\"valueRequired\":true,\"valueName\":\"search_term_string\"}}],\"inLanguage\":\"lv-LV\"}]}<\/script>\n<!-- \/ Yoast SEO plugin. -->","yoast_head_json":{"title":"Svara zudums - Neera - Att\u012bro\u0161s s\u012brups","robots":{"index":"index","follow":"follow","max-snippet":"max-snippet:-1","max-image-preview":"max-image-preview:large","max-video-preview":"max-video-preview:-1"},"canonical":"https:\/\/neera.ee\/lv\/the-program\/weight-loss\/","og_locale":"lv_LV","og_type":"article","og_title":"Svara zudums - Neera - Att\u012bro\u0161s s\u012brups","og_description":"Svara zudums Daudzi cilv\u0113ki izv\u0113las Neera \u0137erme\u0146a att\u012br\u012b\u0161anas programmu ar\u012b t\u0101p\u0113c, ka t\u0101 pal\u012bdz samazin\u0101t lieko svaru. Toks\u012bnu uzkr\u0101\u0161an\u0101s organism\u0101 un liekais svars vienm\u0113r ir saist\u012bti. Daudzi p\u0101rtikas produkti, kas izraisa svara pieaugumu, ar\u012b pies\u0101r\u0146o m\u016bsu \u0137ermeni ar toks\u012bniem. Vai svara zudums tie\u0161\u0101m ir tik svar\u012bgs? M\u0113s uzskat\u0101m, ka katram cilv\u0113kam ir j\u0101j\u016btas \u0113rti attiec\u012bb\u0101 [&hellip;]","og_url":"https:\/\/neera.ee\/lv\/the-program\/weight-loss\/","og_site_name":"Neera - Att\u012bro\u0161s s\u012brups","article_modified_time":"2025-03-13T21:40:09+00:00","twitter_card":"summary_large_image","twitter_misc":{"Est. reading time":"4 min\u016btes"},"schema":{"@context":"https:\/\/schema.org","@graph":[{"@type":"WebPage","@id":"https:\/\/neera.ee\/lv\/the-program\/weight-loss\/","url":"https:\/\/neera.ee\/lv\/the-program\/weight-loss\/","name":"Svara zudums - Neera - Att\u012bro\u0161s s\u012brups","isPartOf":{"@id":"https:\/\/neera-shop.ru\/lv\/#website"},"datePublished":"2024-08-28T23:27:25+00:00","dateModified":"2025-03-13T21:40:09+00:00","breadcrumb":{"@id":"https:\/\/neera.ee\/lv\/the-program\/weight-loss\/#breadcrumb"},"inLanguage":"lv-LV","potentialAction":[{"@type":"ReadAction","target":["https:\/\/neera.ee\/lv\/the-program\/weight-loss\/"]}]},{"@type":"BreadcrumbList","@id":"https:\/\/neera.ee\/lv\/the-program\/weight-loss\/#breadcrumb","itemListElement":[{"@type":"ListItem","position":1,"name":"Home","item":"https:\/\/neera.ee\/lv\/"},{"@type":"ListItem","position":2,"name":"Programma","item":"https:\/\/neera-shop.ru\/lv\/the-program\/"},{"@type":"ListItem","position":3,"name":"Svara zudums"}]},{"@type":"WebSite","@id":"https:\/\/neera-shop.ru\/lv\/#website","url":"https:\/\/neera-shop.ru\/lv\/","name":"Neera - Att\u012bro\u0161s s\u012brups","description":"Neera Natural Madal Bal s\u012brups - \u012bpa\u0161s k\u013cavu s\u012brupa un palmu s\u012brupa mais\u012bjums, kas kalpo par pamatu j\u016bsu Master Cleanse di\u0113tas ce\u013cojumam.","potentialAction":[{"@type":"SearchAction","target":{"@type":"EntryPoint","urlTemplate":"https:\/\/neera-shop.ru\/lv\/?s={search_term_string}"},"query-input":{"@type":"PropertyValueSpecification","valueRequired":true,"valueName":"search_term_string"}}],"inLanguage":"lv-LV"}]}},"_links":{"self":[{"href":"https:\/\/neera.ee\/lv\/wp-json\/wp\/v2\/pages\/80","targetHints":{"allow":["GET"]}}],"collection":[{"href":"https:\/\/neera.ee\/lv\/wp-json\/wp\/v2\/pages"}],"about":[{"href":"https:\/\/neera.ee\/lv\/wp-json\/wp\/v2\/types\/page"}],"author":[{"embeddable":true,"href":"https:\/\/neera.ee\/lv\/wp-json\/wp\/v2\/users\/1"}],"replies":[{"embeddable":true,"href":"https:\/\/neera.ee\/lv\/wp-json\/wp\/v2\/comments?post=80"}],"version-history":[{"count":6,"href":"https:\/\/neera.ee\/lv\/wp-json\/wp\/v2\/pages\/80\/revisions"}],"predecessor-version":[{"id":607,"href":"https:\/\/neera.ee\/lv\/wp-json\/wp\/v2\/pages\/80\/revisions\/607"}],"up":[{"embeddable":true,"href":"https:\/\/neera.ee\/lv\/wp-json\/wp\/v2\/pages\/72"}],"wp:attachment":[{"href":"https:\/\/neera.ee\/lv\/wp-json\/wp\/v2\/media?parent=80"}],"curies":[{"name":"wp","href":"https:\/\/api.w.org\/{rel}","templated":true}]}}