{"id":76,"date":"2024-08-29T02:26:16","date_gmt":"2024-08-28T23:26:16","guid":{"rendered":"https:\/\/neera-shop.ru\/lv\/?page_id=76"},"modified":"2025-03-14T00:39:23","modified_gmt":"2025-03-13T21:39:23","slug":"how-it-works","status":"publish","type":"page","link":"https:\/\/neera.ee\/lv\/the-program\/how-it-works\/","title":{"rendered":"K\u0101 tas darbojas"},"content":{"rendered":"<h1 class=\"wp-block-heading has-text-align-center tw-mb-16 NB tw-text-center tw-w-full\">K\u0101 tas darbojas<\/h1><p>Vis\u0101 Neera att\u012br\u012b\u0161anas kurs\u0101 j\u016bs aizst\u0101jat cieto p\u0101rtiku ar Neera dz\u0113rienu. Dz\u0113riens dos jums ener\u0123iju un visas nepiecie\u0161am\u0101s uzturvielas. <br><br>Jums vajadz\u0113tu atteikties no ikdienas kulin\u0101rijas atkar\u012bb\u0101m, lai \u013cautu gremo\u0161anas sist\u0113mai atp\u016bsties. \u0160is dz\u0113riens ar\u012b stimul\u0113s j\u016bsu \u0137erme\u0146a dabisko att\u012br\u012b\u0161anas procesu. <br><br>Neera dz\u0113riens ir vienk\u0101r\u0161s, dabisks, barojo\u0161s, efekt\u012bvs un gar\u0161\u012bgs. Neera dz\u0113riens ietver:<br><br><br><\/p><div class=\"wp-block-columns tw-grid tw-gap-4 tw-mb-12 tw-grid-cols-2 tw-grid-rows-2 is-layout-flex wp-container-core-columns-is-layout-1 wp-block-columns-is-layout-flex\"><div class=\"wp-block-column is-layout-flow wp-block-column-is-layout-flow\"><figure class=\"wp-block-image size-large wp-block-image-rounded\"><img decoding=\"async\" src=\"\/lv\/wp-content\/uploads\/sites\/4\/2024\/09\/water.webp\" alt=\"\" style=\"aspect-ratio:1;object-fit:cover\"\/><figcaption class=\"wp-element-caption\">\u016adens<\/figcaption><\/figure><\/div>\n\n<div class=\"wp-block-column is-layout-flow wp-block-column-is-layout-flow\"><figure class=\"wp-block-image size-large wp-block-image-rounded\"><img decoding=\"async\" src=\"\/lv\/wp-content\/uploads\/sites\/4\/2024\/09\/lemon.webp\" alt=\"\" style=\"aspect-ratio:1;object-fit:cover\"\/><figcaption class=\"wp-element-caption\">Citronu Sula<\/figcaption><\/figure><\/div><\/div><div class=\"wp-block-columns tw-grid tw-gap-4 tw-mb-12 tw-grid-cols-2 tw-grid-rows-2 is-layout-flex wp-container-core-columns-is-layout-2 wp-block-columns-is-layout-flex\"><div class=\"wp-block-column is-layout-flow wp-block-column-is-layout-flow\"><figure class=\"wp-block-image size-large wp-block-image-rounded\"><img decoding=\"async\" src=\"\/lv\/wp-content\/uploads\/sites\/4\/2024\/09\/hero-image.webp\" alt=\"\" style=\"aspect-ratio:1;object-fit:cover\"\/><figcaption class=\"wp-element-caption\">MadalBal S\u012brups<\/figcaption><\/figure><\/div>\n\n<div class=\"wp-block-column is-layout-flow wp-block-column-is-layout-flow\"><figure class=\"wp-block-image size-large wp-block-image-rounded\"><img decoding=\"async\" src=\"\/lv\/wp-content\/uploads\/sites\/4\/2024\/09\/pepper-2-scaled.webp\" alt=\"\" style=\"aspect-ratio:1;object-fit:cover\"\/><figcaption class=\"wp-element-caption\">Kaj\u0113nas pipari (p\u0113c izv\u0113les)<\/figcaption><\/figure><\/div><\/div><h2 class=\"wp-block-heading\">Neera dz\u0113rienam ir visas svar\u012bg\u0101s uztura funkcijas:<br><br><\/h2><ol class=\"wp-block-list tw-list-decimal tw-pl-6 list-li-gap-2\"><li class=\"tw-mb-2\">Nodro\u0161ina organismam visas nepiecie\u0161am\u0101s uzturvielas norm\u0101lai darb\u012bbai vis\u0101 di\u0113tas period\u0101. Pal\u012bdz atjaunot bio\u0137\u012bmisko un miner\u0101lu l\u012bdzsvaru audos un \u0161\u016bn\u0101s un pa\u0101trina \u0161\u016bnu atjauno\u0161anos.<\/li>\n\n<li class=\"tw-mb-2\">\u0100tri un viegli uzs\u016bcas asin\u012bs. Atbr\u012bvo ener\u0123iju, ko j\u016bsu \u0137ermenis parasti izmanto citu fizisko uzdevumu sagremo\u0161anai. Piem\u0113ram, \u0161\u016bnu re\u0123ener\u0101cija un detoksik\u0101cija.<\/li>\n\n<li class=\"tw-mb-2\">Nodro\u0161ina J\u016bsu \u0137ermenim nepiecie\u0161amo \u0161\u0137idruma daudzumu, lai efekt\u012bvi izvad\u012btu toks\u012bnus no \u0137erme\u0146a.<\/li>\n\n<li class=\"tw-mb-2\">Askorb\u012bnsk\u0101be un citronu sulas s\u0101rmain\u0101 funkcija veicina att\u012br\u012b\u0161anas procesu, darbojoties k\u0101 &#8220;iek\u0161\u0113jais mazg\u0101\u0161anas l\u012bdzeklis&#8221; un s\u0101rmojot \u0137ermeni.<\/li>\n\n<li class=\"tw-mb-2\">Kaj\u0113nas pipari pa\u0101trina vielmai\u0146u, palielinot asinsriti un izvadot toks\u012bnus no \u0137erme\u0146a. Tas ir ar\u012b lielisks C vitam\u012bna avots.<\/li><\/ol><h2 class=\"wp-block-heading\"><br>Uzziniet vair\u0101k par vis\u0101m dz\u0113riena sast\u0101vda\u013c\u0101m:<\/h2><h3 class=\"wp-block-heading\"><br>Madalbal S\u012brups:<br><br><\/h3><figure class=\"wp-block-image size-large wp-block-image-rounded\"><img decoding=\"async\" src=\"\/lv\/wp-content\/uploads\/sites\/4\/2024\/09\/product-3.webp\" alt=\"\" style=\"aspect-ratio:3\/2;object-fit:cover\"\/><\/figure><p><br>MadalBal s\u012brups tika \u012bpa\u0161i izstr\u0101d\u0101ts Neera di\u0113tai.<br><br><\/p><h3 class=\"wp-block-heading\">Citronu sula:<br><br><\/h3><figure class=\"wp-block-image size-large wp-block-image-rounded\"><img decoding=\"async\" src=\"\/lv\/wp-content\/uploads\/sites\/4\/2024\/09\/lemon-juice.webp\" alt=\"\" style=\"aspect-ratio:3\/2;object-fit:cover\"\/><\/figure><p><br>Citroni ir izmantoti kop\u0161 seniem laikiem. Vi\u0146u dzimtene ir Indija, Mjanma (Birma) un \u0136\u012bnas Dienvidi. Aleksandrs Lielais vi\u0146us atveda uz Grie\u0137iju, un vi\u0146i ilgu laiku bija d\u0101rga delikatese. L\u012bdz ar Romas imp\u0113rijas kri\u0161anu citroni piln\u012bb\u0101 pazuda no Eiropas, l\u012bdz krustne\u0161i tos atkl\u0101ja Palest\u012bn\u0101 13.gadsimt\u0101. <br><br>Pateicoties citronu sulas akt\u012bvajai ietekmei uz vielmai\u0146u, citronus bie\u017ei izmanto k\u0101 dabisku l\u012bdzekli \u0137erme\u0146a att\u012br\u012b\u0161anai un jo \u012bpa\u0161i aknu att\u012br\u012b\u0161anai. Svaigi spiesta citronu sula satur milz\u012bgu daudzumu C vitam\u012bna un k\u0101lija. Citronu sula ir ar\u012b viens no lab\u0101kajiem dabiskajiem s\u0101rmainajiem produktiem. M\u016bsdien\u0101s daudzi cilv\u0113ki cie\u0161 no acidozes. Acidozei ir daudz simptomu &#8211; no visp\u0101r\u0113ja noguruma l\u012bdz nierakme\u0146u veido\u0161anai -, un t\u0101 var izrais\u012bt nopietnas slim\u012bbas. S\u0101rmaini p\u0101rtikas produkti s\u0101rmo asinis, nov\u0113r\u0161ot sk\u0101buma palielin\u0101\u0161anos. <br><br>Citrusaug\u013ci kopum\u0101 un jo \u012bpa\u0161i citroni ir vissp\u0113c\u012bg\u0101kie s\u0101rmainie p\u0101rtikas produkti dab\u0101.<br><br><\/p><h3 class=\"wp-block-heading\">Kaj\u0113nas pipari:<br><br><\/h3><figure class=\"wp-block-image size-large wp-block-image-rounded\"><img decoding=\"async\" src=\"\/lv\/wp-content\/uploads\/sites\/4\/2024\/09\/pepper.webp\" alt=\"\" style=\"aspect-ratio:3\/2;object-fit:cover\"\/><\/figure><p><br>Kaj\u0113nas pipari NEERA dz\u0113rienam pie\u0161\u0137ir pat\u012bkamu gar\u0161u, ta\u010du v\u0113l svar\u012bg\u0101k ir tas, ka tie ar\u012b pal\u012bdz aktiviz\u0113t toks\u012bnu izvad\u012b\u0161anas un toksiniz\u0101cijas procesu no \u0137erme\u0146a.<br><br>Kaj\u0113nas pipari stimul\u0113 asinsriti. Tas satur akt\u012bvo sast\u0101vda\u013cu kapsaic\u012bnu, kas uzlabo vielmai\u0146u (vielmai\u0146as procesus), sadedzina taukus, mazina apet\u012bti un mazina izsalkumu.<br><br>K\u0101 l\u012bdzeklis asinsrites uzlabo\u0161anai tas pal\u012bdz asin\u012bm sasniegt att\u0101las \u0137erme\u0146a vietas, kas ir \u013coti svar\u012bgi, lai efekt\u012bvi att\u012br\u012btu \u0137ermeni un izvad\u012btu visus toks\u012bnus un toks\u012bnus \u0101r\u0113j\u0101 vid\u0113. Kaj\u0113nas pipari dz\u0113rienam j\u0101pievieno p\u0113c savas gaumes. Eksperiment\u0113jiet p\u0113c savas gaumes.<br><br>Neera \u0137erme\u0146a att\u012br\u012b\u0161anas programma ir pal\u012bdz\u0113jusi t\u016bksto\u0161iem cilv\u0113ku vis\u0101 pasaul\u0113 uzlabot vi\u0146u dz\u012bves kvalit\u0101ti. Pa\u0161laik 33 valst\u012bs katru gadu tiek pat\u0113r\u0113ts vair\u0101k nek\u0101 pusotrs miljons litru koksnes s\u012brupa, ko galvenok\u0101rt izraksta naturop\u0101ti, homeop\u0101ti un Aj\u016brv\u0113das \u0101rsti.<\/p><p class=\"link\"><br><a href=\"\/lv\/shop\/\" data-type=\"page\" data-id=\"5\">Pas\u016btiet s\u012brupu m\u016bsu vietn\u0113 un mainiet savu dz\u012bvi uz labo pusi<\/a><br><br><\/p><h2 class=\"wp-block-heading\">K\u0101 pagatavot dz\u0113rienu &#8220;Neera&#8221;:<\/h2><p><br>Vienai gl\u0101zei (250 ml) t\u012bra \u016bdens: 20 ml madal Bal s\u012brupa, 20 ml svaigi spiestas citronu sulas (nelietojiet gatavus koncentr\u0101tus un sulas). P\u0113c gar\u0161as pievienojiet kaj\u0113nas piparus.<br><br>J\u016bs varat ar\u012b pagatavot dz\u0113rienu visai dienai:<br><br>Lai pagatavotu apm\u0113ram 2 litrus, tas ir, 6-8 gl\u0101zes programmas ieteikt\u0101 dz\u0113riena, sajauciet 140 ml Madalbal s\u012brupa un 3-4 citronu sulu ar 2 litriem t\u012bra \u016bdens, p\u0113c gar\u0161as pievienojiet kaj\u0113nas piparus un samaisiet.<br><br>J\u016bsu dz\u0113riens ir gatavs visu dienu. Citronu sulas daudzumam dz\u0113rien\u0101 j\u0101b\u016bt aptuveni vien\u0101dam ar izmantot\u0101 s\u012brupa daudzumu.<br><br>Dz\u0113rienu var dzert atdzes\u0113tu, istabas temperat\u016br\u0101 vai siltu.<br><br><\/p><p class=\"link tw-text-lg\"><a href=\"\/lv\/shop\/\" data-type=\"page\" data-id=\"6\">P\u0113rc \u0161obr\u012bd dab\u012bgo koka s\u012brupu &#8220;Madalball&#8221;!<\/a><\/p>","protected":false},"excerpt":{"rendered":"<p>K\u0101 tas darbojas Vis\u0101 Neera att\u012br\u012b\u0161anas kurs\u0101 j\u016bs aizst\u0101jat cieto p\u0101rtiku ar Neera dz\u0113rienu. Dz\u0113riens dos jums ener\u0123iju un visas nepiecie\u0161am\u0101s uzturvielas. Jums vajadz\u0113tu atteikties no ikdienas kulin\u0101rijas atkar\u012bb\u0101m, lai \u013cautu gremo\u0161anas sist\u0113mai atp\u016bsties. \u0160is dz\u0113riens ar\u012b stimul\u0113s j\u016bsu \u0137erme\u0146a dabisko att\u012br\u012b\u0161anas procesu. Neera dz\u0113riens ir vienk\u0101r\u0161s, dabisks, barojo\u0161s, efekt\u012bvs un gar\u0161\u012bgs. Neera dz\u0113riens ietver: [&hellip;]<\/p>\n","protected":false},"author":1,"featured_media":0,"parent":72,"menu_order":0,"comment_status":"closed","ping_status":"closed","template":"","meta":{"_acf_changed":false,"inline_featured_image":false,"footnotes":""},"class_list":["post-76","page","type-page","status-publish","hentry"],"acf":[],"yoast_head":"<!-- This site is optimized with the Yoast SEO plugin v24.6 - https:\/\/yoast.com\/wordpress\/plugins\/seo\/ -->\n<title>K\u0101 tas darbojas - Neera - Att\u012bro\u0161s s\u012brups<\/title>\n<meta name=\"robots\" content=\"index, follow, max-snippet:-1, max-image-preview:large, max-video-preview:-1\" \/>\n<link rel=\"canonical\" href=\"https:\/\/neera.ee\/lv\/the-program\/how-it-works\/\" \/>\n<meta property=\"og:locale\" content=\"lv_LV\" \/>\n<meta property=\"og:type\" content=\"article\" \/>\n<meta property=\"og:title\" content=\"K\u0101 tas darbojas - Neera - Att\u012bro\u0161s s\u012brups\" \/>\n<meta property=\"og:description\" content=\"K\u0101 tas darbojas Vis\u0101 Neera att\u012br\u012b\u0161anas kurs\u0101 j\u016bs aizst\u0101jat cieto p\u0101rtiku ar Neera dz\u0113rienu. Dz\u0113riens dos jums ener\u0123iju un visas nepiecie\u0161am\u0101s uzturvielas. Jums vajadz\u0113tu atteikties no ikdienas kulin\u0101rijas atkar\u012bb\u0101m, lai \u013cautu gremo\u0161anas sist\u0113mai atp\u016bsties. \u0160is dz\u0113riens ar\u012b stimul\u0113s j\u016bsu \u0137erme\u0146a dabisko att\u012br\u012b\u0161anas procesu. Neera dz\u0113riens ir vienk\u0101r\u0161s, dabisks, barojo\u0161s, efekt\u012bvs un gar\u0161\u012bgs. Neera dz\u0113riens ietver: [&hellip;]\" \/>\n<meta property=\"og:url\" content=\"https:\/\/neera.ee\/lv\/the-program\/how-it-works\/\" \/>\n<meta property=\"og:site_name\" content=\"Neera - Att\u012bro\u0161s s\u012brups\" \/>\n<meta property=\"article:modified_time\" content=\"2025-03-13T21:39:23+00:00\" \/>\n<meta name=\"twitter:card\" content=\"summary_large_image\" \/>\n<meta name=\"twitter:label1\" content=\"Est. reading time\" \/>\n\t<meta name=\"twitter:data1\" content=\"5 min\u016btes\" \/>\n<script type=\"application\/ld+json\" class=\"yoast-schema-graph\">{\"@context\":\"https:\/\/schema.org\",\"@graph\":[{\"@type\":\"WebPage\",\"@id\":\"https:\/\/neera.ee\/lv\/the-program\/how-it-works\/\",\"url\":\"https:\/\/neera.ee\/lv\/the-program\/how-it-works\/\",\"name\":\"K\u0101 tas darbojas - Neera - Att\u012bro\u0161s s\u012brups\",\"isPartOf\":{\"@id\":\"https:\/\/neera-shop.ru\/lv\/#website\"},\"datePublished\":\"2024-08-28T23:26:16+00:00\",\"dateModified\":\"2025-03-13T21:39:23+00:00\",\"breadcrumb\":{\"@id\":\"https:\/\/neera.ee\/lv\/the-program\/how-it-works\/#breadcrumb\"},\"inLanguage\":\"lv-LV\",\"potentialAction\":[{\"@type\":\"ReadAction\",\"target\":[\"https:\/\/neera.ee\/lv\/the-program\/how-it-works\/\"]}]},{\"@type\":\"BreadcrumbList\",\"@id\":\"https:\/\/neera.ee\/lv\/the-program\/how-it-works\/#breadcrumb\",\"itemListElement\":[{\"@type\":\"ListItem\",\"position\":1,\"name\":\"Home\",\"item\":\"https:\/\/neera.ee\/lv\/\"},{\"@type\":\"ListItem\",\"position\":2,\"name\":\"Programma\",\"item\":\"https:\/\/neera-shop.ru\/lv\/the-program\/\"},{\"@type\":\"ListItem\",\"position\":3,\"name\":\"K\u0101 tas darbojas\"}]},{\"@type\":\"WebSite\",\"@id\":\"https:\/\/neera-shop.ru\/lv\/#website\",\"url\":\"https:\/\/neera-shop.ru\/lv\/\",\"name\":\"Neera - Att\u012bro\u0161s s\u012brups\",\"description\":\"Neera Natural Madal Bal s\u012brups - \u012bpa\u0161s k\u013cavu s\u012brupa un palmu s\u012brupa mais\u012bjums, kas kalpo par pamatu j\u016bsu Master Cleanse di\u0113tas ce\u013cojumam.\",\"potentialAction\":[{\"@type\":\"SearchAction\",\"target\":{\"@type\":\"EntryPoint\",\"urlTemplate\":\"https:\/\/neera-shop.ru\/lv\/?s={search_term_string}\"},\"query-input\":{\"@type\":\"PropertyValueSpecification\",\"valueRequired\":true,\"valueName\":\"search_term_string\"}}],\"inLanguage\":\"lv-LV\"}]}<\/script>\n<!-- \/ Yoast SEO plugin. -->","yoast_head_json":{"title":"K\u0101 tas darbojas - Neera - Att\u012bro\u0161s s\u012brups","robots":{"index":"index","follow":"follow","max-snippet":"max-snippet:-1","max-image-preview":"max-image-preview:large","max-video-preview":"max-video-preview:-1"},"canonical":"https:\/\/neera.ee\/lv\/the-program\/how-it-works\/","og_locale":"lv_LV","og_type":"article","og_title":"K\u0101 tas darbojas - Neera - Att\u012bro\u0161s s\u012brups","og_description":"K\u0101 tas darbojas Vis\u0101 Neera att\u012br\u012b\u0161anas kurs\u0101 j\u016bs aizst\u0101jat cieto p\u0101rtiku ar Neera dz\u0113rienu. Dz\u0113riens dos jums ener\u0123iju un visas nepiecie\u0161am\u0101s uzturvielas. Jums vajadz\u0113tu atteikties no ikdienas kulin\u0101rijas atkar\u012bb\u0101m, lai \u013cautu gremo\u0161anas sist\u0113mai atp\u016bsties. \u0160is dz\u0113riens ar\u012b stimul\u0113s j\u016bsu \u0137erme\u0146a dabisko att\u012br\u012b\u0161anas procesu. Neera dz\u0113riens ir vienk\u0101r\u0161s, dabisks, barojo\u0161s, efekt\u012bvs un gar\u0161\u012bgs. Neera dz\u0113riens ietver: [&hellip;]","og_url":"https:\/\/neera.ee\/lv\/the-program\/how-it-works\/","og_site_name":"Neera - Att\u012bro\u0161s s\u012brups","article_modified_time":"2025-03-13T21:39:23+00:00","twitter_card":"summary_large_image","twitter_misc":{"Est. reading time":"5 min\u016btes"},"schema":{"@context":"https:\/\/schema.org","@graph":[{"@type":"WebPage","@id":"https:\/\/neera.ee\/lv\/the-program\/how-it-works\/","url":"https:\/\/neera.ee\/lv\/the-program\/how-it-works\/","name":"K\u0101 tas darbojas - Neera - Att\u012bro\u0161s s\u012brups","isPartOf":{"@id":"https:\/\/neera-shop.ru\/lv\/#website"},"datePublished":"2024-08-28T23:26:16+00:00","dateModified":"2025-03-13T21:39:23+00:00","breadcrumb":{"@id":"https:\/\/neera.ee\/lv\/the-program\/how-it-works\/#breadcrumb"},"inLanguage":"lv-LV","potentialAction":[{"@type":"ReadAction","target":["https:\/\/neera.ee\/lv\/the-program\/how-it-works\/"]}]},{"@type":"BreadcrumbList","@id":"https:\/\/neera.ee\/lv\/the-program\/how-it-works\/#breadcrumb","itemListElement":[{"@type":"ListItem","position":1,"name":"Home","item":"https:\/\/neera.ee\/lv\/"},{"@type":"ListItem","position":2,"name":"Programma","item":"https:\/\/neera-shop.ru\/lv\/the-program\/"},{"@type":"ListItem","position":3,"name":"K\u0101 tas darbojas"}]},{"@type":"WebSite","@id":"https:\/\/neera-shop.ru\/lv\/#website","url":"https:\/\/neera-shop.ru\/lv\/","name":"Neera - Att\u012bro\u0161s s\u012brups","description":"Neera Natural Madal Bal s\u012brups - \u012bpa\u0161s k\u013cavu s\u012brupa un palmu s\u012brupa mais\u012bjums, kas kalpo par pamatu j\u016bsu Master Cleanse di\u0113tas ce\u013cojumam.","potentialAction":[{"@type":"SearchAction","target":{"@type":"EntryPoint","urlTemplate":"https:\/\/neera-shop.ru\/lv\/?s={search_term_string}"},"query-input":{"@type":"PropertyValueSpecification","valueRequired":true,"valueName":"search_term_string"}}],"inLanguage":"lv-LV"}]}},"_links":{"self":[{"href":"https:\/\/neera.ee\/lv\/wp-json\/wp\/v2\/pages\/76","targetHints":{"allow":["GET"]}}],"collection":[{"href":"https:\/\/neera.ee\/lv\/wp-json\/wp\/v2\/pages"}],"about":[{"href":"https:\/\/neera.ee\/lv\/wp-json\/wp\/v2\/types\/page"}],"author":[{"embeddable":true,"href":"https:\/\/neera.ee\/lv\/wp-json\/wp\/v2\/users\/1"}],"replies":[{"embeddable":true,"href":"https:\/\/neera.ee\/lv\/wp-json\/wp\/v2\/comments?post=76"}],"version-history":[{"count":8,"href":"https:\/\/neera.ee\/lv\/wp-json\/wp\/v2\/pages\/76\/revisions"}],"predecessor-version":[{"id":603,"href":"https:\/\/neera.ee\/lv\/wp-json\/wp\/v2\/pages\/76\/revisions\/603"}],"up":[{"embeddable":true,"href":"https:\/\/neera.ee\/lv\/wp-json\/wp\/v2\/pages\/72"}],"wp:attachment":[{"href":"https:\/\/neera.ee\/lv\/wp-json\/wp\/v2\/media?parent=76"}],"curies":[{"name":"wp","href":"https:\/\/api.w.org\/{rel}","templated":true}]}}