{"id":74,"date":"2024-08-29T02:25:39","date_gmt":"2024-08-28T23:25:39","guid":{"rendered":"https:\/\/neera-shop.ru\/lv\/?page_id=74"},"modified":"2025-03-14T00:39:17","modified_gmt":"2025-03-13T21:39:17","slug":"difficulties","status":"publish","type":"page","link":"https:\/\/neera.ee\/lv\/the-program\/difficulties\/","title":{"rendered":"Bie\u017eas gr\u016bt\u012bbas"},"content":{"rendered":"<h1 class=\"wp-block-heading has-text-align-center tw-mb-16 NB tw-text-center tw-w-full\">Izaicinot gr\u016bt\u012bbas!<\/h1><p>Neera programma ir diezgan vienk\u0101r\u0161a \u0137erme\u0146a att\u012br\u012b\u0161anas metode, ta\u010du tas nenoz\u012bm\u0113, ka ar to visp\u0101r neb\u016bs probl\u0113mu. Liel\u0101kajai da\u013cai cilv\u0113ku visa kursa laik\u0101 nav nek\u0101du probl\u0113mu, ta\u010du da\u017ereiz da\u017ei var saskarties ar zin\u0101m\u0101m gr\u016bt\u012bb\u0101m.<br><br><\/p><h2 class=\"wp-block-heading\">Toks\u012bnu izvad\u012b\u0161anas probl\u0113mas<\/h2><p><br>Da\u017eiem cilv\u0113kiem galven\u0101 probl\u0113ma ir toks\u012bnu izvad\u012b\u0161ana. Neera programmas laik\u0101 m\u0113s atbr\u012bvojam savu \u0137ermeni no toks\u012bniem un toks\u012bniem, tos dabiski izvadot. \u0160is process var rad\u012bt zin\u0101mu diskomfortu. Tom\u0113r \u0161o diskomfortu nevajadz\u0113tu jaukt ar programmas blakuspar\u0101d\u012bb\u0101m. Paties\u012bb\u0101 \u0161\u012bs paz\u012bmes ir laba z\u012bme, ka j\u016bsu \u0137ermenis tiek att\u012br\u012bts un darbojas, jo j\u016bsu gremo\u0161anas org\u0101ni ir kait\u012bgu toks\u012bnu izvad\u012b\u0161anas proces\u0101.<br><br><\/p><p>Bie\u017ei t\u012br\u012b\u0161anas simptomi var b\u016bt:<br><br><\/p><ul class=\"wp-block-list tw-list-disc tw-pl-6 list-li-gap-2\"><li class=\"tw-mb-2\">Novecojusi elpa<\/li>\n\n<li class=\"tw-mb-2\">Nogurums<\/li>\n\n<li class=\"tw-mb-2\">D\u016b\u0161a<\/li>\n\n<li class=\"tw-mb-2\">Tum\u0161i m\u012bzt<\/li>\n\n<li class=\"tw-mb-2\">Sastr\u0113gumi vai iesnas<\/li>\n\n<li class=\"tw-mb-2\">Reibonis<\/li>\n\n<li class=\"tw-mb-2\">Musku\u013cu s\u0101pes<\/li>\n\n<li>Galvass\u0101pes<\/li><\/ul><p><br>Ja nepiecie\u0161ams, sagatavojieties nelielai papildu atp\u016btai. Parasti \u0161\u012bs blakuspar\u0101d\u012bbas par\u0101d\u0101s pirmaj\u0101s div\u0101s dien\u0101s un p\u0113c tam izz\u016bd. Daudziem cilv\u0113kiem pat\u012bk s\u0101kt Neera t\u012br\u012b\u0161anas kursu ned\u0113\u013cas nogal\u0113s, kad vi\u0146i var atp\u016bsties un vajadz\u012bbas gad\u012bjum\u0101 pavad\u012bt papildu atp\u016btu. Ja jums rodas galvass\u0101pes vai cits diskomforts, m\u0113\u0123iniet dzert z\u0101\u013cu t\u0113jas, piem\u0113ram, piparm\u0113tras. J\u016bs varat ar\u012b pal\u012bdz\u0113t izvad\u012bt toks\u012bnus caur \u0101du ar mas\u0101\u017eu, limfodren\u0101\u017eu, saunu vai vannu, lai atp\u016bstos.<br><br><\/p><h2 class=\"wp-block-heading\">Tipisks grafiks<br><br><\/h2><ul class=\"wp-block-list tw-list-disc tw-pl-6 list-li-gap-2\"><li class=\"tw-mb-2\"><strong>1. diena: <\/strong>labsaj\u016bta ir laba, iesp\u0113jams, ar vieglu izsalkumu un vieglu nogurumu. Dzeriet vair\u0101k Neera dz\u0113riena un turiet to pie rokas. Tas pal\u012bdz\u0113s izvair\u012bties no k\u0101rdin\u0101juma uzkod\u0101m.<\/li>\n\n<li class=\"tw-mb-2\"><strong>2. -3. Diena: <\/strong>\u0161aj\u0101s dien\u0101s parasti par\u0101d\u0101s pirm\u0101s Detoksik\u0101cijas paz\u012bmes. Da\u017ei var justies drebu\u013ci. Tas notiek toks\u012bnu izvad\u012b\u0161anas d\u0113\u013c. Ja nepiecie\u0161ams, esiet gatavs nedaudz atp\u016bsties.<\/li>\n\n<li class=\"tw-mb-2\"><strong>3. -5. Diena:<\/strong> labsaj\u016bta iev\u0113rojami uzlabojas. Ar katru dienu liel\u0101k\u0101 da\u013ca cilv\u0113ku j\u016btas lab\u0101k un lab\u0101k. Palielin\u0101s skaidr\u012bbas, viegluma un labsaj\u016btas saj\u016bta. Fizisk\u0101 vajadz\u012bba p\u0113c cietas p\u0101rtikas liel\u0101kajai da\u013cai cilv\u0113ku samazin\u0101s.<\/li>\n\n<li class=\"tw-mb-2\"><strong>6. -15. diena: <\/strong>lieliska pa\u0161saj\u016bta! Tas ir p\u0101rsteidzo\u0161i, cik labi m\u0113s varam justies, kad dodam savam \u0137ermenim iesp\u0113ju. Liel\u0101k\u0101 da\u013ca cilv\u0113ku reti izj\u016bt izsalkumu un j\u016btas veseli un atp\u016btu\u0161ies. Ja j\u016btaties izsalcis, dzeriet vair\u0101k Neera dz\u0113riena. Tagad, kad liel\u0101k\u0101 da\u013ca toks\u012bnu ir izk\u013cuvu\u0161i no \u0137erme\u0146a un esat p\u0101rg\u0101jis uz \u0161\u0137idru di\u0113tu, j\u016bs sajut\u012bsiet sp\u0113ku. J\u016bs jut\u012bsities tik labi, ka patiesi no\u017e\u0113losit visus tos, kuri joproj\u0101m dz\u012bvo ar past\u0101v\u012bg\u0101m dom\u0101m par p\u0101rtiku.<\/li><\/ul>","protected":false},"excerpt":{"rendered":"<p>Izaicinot gr\u016bt\u012bbas! Neera programma ir diezgan vienk\u0101r\u0161a \u0137erme\u0146a att\u012br\u012b\u0161anas metode, ta\u010du tas nenoz\u012bm\u0113, ka ar to visp\u0101r neb\u016bs probl\u0113mu. Liel\u0101kajai da\u013cai cilv\u0113ku visa kursa laik\u0101 nav nek\u0101du probl\u0113mu, ta\u010du da\u017ereiz da\u017ei var saskarties ar zin\u0101m\u0101m gr\u016bt\u012bb\u0101m. Toks\u012bnu izvad\u012b\u0161anas probl\u0113mas Da\u017eiem cilv\u0113kiem galven\u0101 probl\u0113ma ir toks\u012bnu izvad\u012b\u0161ana. Neera programmas laik\u0101 m\u0113s atbr\u012bvojam savu \u0137ermeni no toks\u012bniem [&hellip;]<\/p>\n","protected":false},"author":1,"featured_media":0,"parent":72,"menu_order":0,"comment_status":"closed","ping_status":"closed","template":"","meta":{"_acf_changed":false,"inline_featured_image":false,"footnotes":""},"class_list":["post-74","page","type-page","status-publish","hentry"],"acf":[],"yoast_head":"<!-- This site is optimized with the Yoast SEO plugin v24.6 - https:\/\/yoast.com\/wordpress\/plugins\/seo\/ -->\n<title>Bie\u017eas gr\u016bt\u012bbas - Neera - Att\u012bro\u0161s s\u012brups<\/title>\n<meta name=\"robots\" content=\"index, follow, max-snippet:-1, max-image-preview:large, max-video-preview:-1\" \/>\n<link rel=\"canonical\" href=\"https:\/\/neera.ee\/lv\/the-program\/difficulties\/\" \/>\n<meta property=\"og:locale\" content=\"lv_LV\" \/>\n<meta property=\"og:type\" content=\"article\" \/>\n<meta property=\"og:title\" content=\"Bie\u017eas gr\u016bt\u012bbas - Neera - Att\u012bro\u0161s s\u012brups\" \/>\n<meta property=\"og:description\" content=\"Izaicinot gr\u016bt\u012bbas! Neera programma ir diezgan vienk\u0101r\u0161a \u0137erme\u0146a att\u012br\u012b\u0161anas metode, ta\u010du tas nenoz\u012bm\u0113, ka ar to visp\u0101r neb\u016bs probl\u0113mu. Liel\u0101kajai da\u013cai cilv\u0113ku visa kursa laik\u0101 nav nek\u0101du probl\u0113mu, ta\u010du da\u017ereiz da\u017ei var saskarties ar zin\u0101m\u0101m gr\u016bt\u012bb\u0101m. Toks\u012bnu izvad\u012b\u0161anas probl\u0113mas Da\u017eiem cilv\u0113kiem galven\u0101 probl\u0113ma ir toks\u012bnu izvad\u012b\u0161ana. Neera programmas laik\u0101 m\u0113s atbr\u012bvojam savu \u0137ermeni no toks\u012bniem [&hellip;]\" \/>\n<meta property=\"og:url\" content=\"https:\/\/neera.ee\/lv\/the-program\/difficulties\/\" \/>\n<meta property=\"og:site_name\" content=\"Neera - Att\u012bro\u0161s s\u012brups\" \/>\n<meta property=\"article:modified_time\" content=\"2025-03-13T21:39:17+00:00\" \/>\n<meta name=\"twitter:card\" content=\"summary_large_image\" \/>\n<meta name=\"twitter:label1\" content=\"Est. reading time\" \/>\n\t<meta name=\"twitter:data1\" content=\"2 min\u016btes\" \/>\n<script type=\"application\/ld+json\" class=\"yoast-schema-graph\">{\"@context\":\"https:\/\/schema.org\",\"@graph\":[{\"@type\":\"WebPage\",\"@id\":\"https:\/\/neera.ee\/lv\/the-program\/difficulties\/\",\"url\":\"https:\/\/neera.ee\/lv\/the-program\/difficulties\/\",\"name\":\"Bie\u017eas gr\u016bt\u012bbas - Neera - Att\u012bro\u0161s s\u012brups\",\"isPartOf\":{\"@id\":\"https:\/\/neera-shop.ru\/lv\/#website\"},\"datePublished\":\"2024-08-28T23:25:39+00:00\",\"dateModified\":\"2025-03-13T21:39:17+00:00\",\"breadcrumb\":{\"@id\":\"https:\/\/neera.ee\/lv\/the-program\/difficulties\/#breadcrumb\"},\"inLanguage\":\"lv-LV\",\"potentialAction\":[{\"@type\":\"ReadAction\",\"target\":[\"https:\/\/neera.ee\/lv\/the-program\/difficulties\/\"]}]},{\"@type\":\"BreadcrumbList\",\"@id\":\"https:\/\/neera.ee\/lv\/the-program\/difficulties\/#breadcrumb\",\"itemListElement\":[{\"@type\":\"ListItem\",\"position\":1,\"name\":\"Home\",\"item\":\"https:\/\/neera.ee\/lv\/\"},{\"@type\":\"ListItem\",\"position\":2,\"name\":\"Programma\",\"item\":\"https:\/\/neera-shop.ru\/lv\/the-program\/\"},{\"@type\":\"ListItem\",\"position\":3,\"name\":\"Bie\u017eas gr\u016bt\u012bbas\"}]},{\"@type\":\"WebSite\",\"@id\":\"https:\/\/neera-shop.ru\/lv\/#website\",\"url\":\"https:\/\/neera-shop.ru\/lv\/\",\"name\":\"Neera - Att\u012bro\u0161s s\u012brups\",\"description\":\"Neera Natural Madal Bal s\u012brups - \u012bpa\u0161s k\u013cavu s\u012brupa un palmu s\u012brupa mais\u012bjums, kas kalpo par pamatu j\u016bsu Master Cleanse di\u0113tas ce\u013cojumam.\",\"potentialAction\":[{\"@type\":\"SearchAction\",\"target\":{\"@type\":\"EntryPoint\",\"urlTemplate\":\"https:\/\/neera-shop.ru\/lv\/?s={search_term_string}\"},\"query-input\":{\"@type\":\"PropertyValueSpecification\",\"valueRequired\":true,\"valueName\":\"search_term_string\"}}],\"inLanguage\":\"lv-LV\"}]}<\/script>\n<!-- \/ Yoast SEO plugin. -->","yoast_head_json":{"title":"Bie\u017eas gr\u016bt\u012bbas - Neera - Att\u012bro\u0161s s\u012brups","robots":{"index":"index","follow":"follow","max-snippet":"max-snippet:-1","max-image-preview":"max-image-preview:large","max-video-preview":"max-video-preview:-1"},"canonical":"https:\/\/neera.ee\/lv\/the-program\/difficulties\/","og_locale":"lv_LV","og_type":"article","og_title":"Bie\u017eas gr\u016bt\u012bbas - Neera - Att\u012bro\u0161s s\u012brups","og_description":"Izaicinot gr\u016bt\u012bbas! Neera programma ir diezgan vienk\u0101r\u0161a \u0137erme\u0146a att\u012br\u012b\u0161anas metode, ta\u010du tas nenoz\u012bm\u0113, ka ar to visp\u0101r neb\u016bs probl\u0113mu. Liel\u0101kajai da\u013cai cilv\u0113ku visa kursa laik\u0101 nav nek\u0101du probl\u0113mu, ta\u010du da\u017ereiz da\u017ei var saskarties ar zin\u0101m\u0101m gr\u016bt\u012bb\u0101m. Toks\u012bnu izvad\u012b\u0161anas probl\u0113mas Da\u017eiem cilv\u0113kiem galven\u0101 probl\u0113ma ir toks\u012bnu izvad\u012b\u0161ana. Neera programmas laik\u0101 m\u0113s atbr\u012bvojam savu \u0137ermeni no toks\u012bniem [&hellip;]","og_url":"https:\/\/neera.ee\/lv\/the-program\/difficulties\/","og_site_name":"Neera - Att\u012bro\u0161s s\u012brups","article_modified_time":"2025-03-13T21:39:17+00:00","twitter_card":"summary_large_image","twitter_misc":{"Est. reading time":"2 min\u016btes"},"schema":{"@context":"https:\/\/schema.org","@graph":[{"@type":"WebPage","@id":"https:\/\/neera.ee\/lv\/the-program\/difficulties\/","url":"https:\/\/neera.ee\/lv\/the-program\/difficulties\/","name":"Bie\u017eas gr\u016bt\u012bbas - Neera - Att\u012bro\u0161s s\u012brups","isPartOf":{"@id":"https:\/\/neera-shop.ru\/lv\/#website"},"datePublished":"2024-08-28T23:25:39+00:00","dateModified":"2025-03-13T21:39:17+00:00","breadcrumb":{"@id":"https:\/\/neera.ee\/lv\/the-program\/difficulties\/#breadcrumb"},"inLanguage":"lv-LV","potentialAction":[{"@type":"ReadAction","target":["https:\/\/neera.ee\/lv\/the-program\/difficulties\/"]}]},{"@type":"BreadcrumbList","@id":"https:\/\/neera.ee\/lv\/the-program\/difficulties\/#breadcrumb","itemListElement":[{"@type":"ListItem","position":1,"name":"Home","item":"https:\/\/neera.ee\/lv\/"},{"@type":"ListItem","position":2,"name":"Programma","item":"https:\/\/neera-shop.ru\/lv\/the-program\/"},{"@type":"ListItem","position":3,"name":"Bie\u017eas gr\u016bt\u012bbas"}]},{"@type":"WebSite","@id":"https:\/\/neera-shop.ru\/lv\/#website","url":"https:\/\/neera-shop.ru\/lv\/","name":"Neera - Att\u012bro\u0161s s\u012brups","description":"Neera Natural Madal Bal s\u012brups - \u012bpa\u0161s k\u013cavu s\u012brupa un palmu s\u012brupa mais\u012bjums, kas kalpo par pamatu j\u016bsu Master Cleanse di\u0113tas ce\u013cojumam.","potentialAction":[{"@type":"SearchAction","target":{"@type":"EntryPoint","urlTemplate":"https:\/\/neera-shop.ru\/lv\/?s={search_term_string}"},"query-input":{"@type":"PropertyValueSpecification","valueRequired":true,"valueName":"search_term_string"}}],"inLanguage":"lv-LV"}]}},"_links":{"self":[{"href":"https:\/\/neera.ee\/lv\/wp-json\/wp\/v2\/pages\/74","targetHints":{"allow":["GET"]}}],"collection":[{"href":"https:\/\/neera.ee\/lv\/wp-json\/wp\/v2\/pages"}],"about":[{"href":"https:\/\/neera.ee\/lv\/wp-json\/wp\/v2\/types\/page"}],"author":[{"embeddable":true,"href":"https:\/\/neera.ee\/lv\/wp-json\/wp\/v2\/users\/1"}],"replies":[{"embeddable":true,"href":"https:\/\/neera.ee\/lv\/wp-json\/wp\/v2\/comments?post=74"}],"version-history":[{"count":5,"href":"https:\/\/neera.ee\/lv\/wp-json\/wp\/v2\/pages\/74\/revisions"}],"predecessor-version":[{"id":602,"href":"https:\/\/neera.ee\/lv\/wp-json\/wp\/v2\/pages\/74\/revisions\/602"}],"up":[{"embeddable":true,"href":"https:\/\/neera.ee\/lv\/wp-json\/wp\/v2\/pages\/72"}],"wp:attachment":[{"href":"https:\/\/neera.ee\/lv\/wp-json\/wp\/v2\/media?parent=74"}],"curies":[{"name":"wp","href":"https:\/\/api.w.org\/{rel}","templated":true}]}}