{"id":70,"date":"2024-08-29T02:24:24","date_gmt":"2024-08-28T23:24:24","guid":{"rendered":"https:\/\/neera-shop.ru\/lv\/?page_id=70"},"modified":"2025-03-14T00:39:28","modified_gmt":"2025-03-13T21:39:28","slug":"body-detox","status":"publish","type":"page","link":"https:\/\/neera.ee\/lv\/the-program\/body-detox\/","title":{"rendered":"\u0136erme\u0146a detoksik\u0101cija"},"content":{"rendered":"<h1 class=\"wp-block-heading has-text-align-center tw-mb-16 NB tw-text-center tw-w-full\">K\u0101p\u0113c periodiski j\u0101t\u012bra \u0137ermenis?<\/h1><p>Katra m\u016bsu \u0137erme\u0146a \u0161\u016bna dabiski nep\u0101rtraukti ra\u017eo da\u017e\u0101dus toks\u012bnus. T\u0101 ir norm\u0101la jebkura dz\u012bva organisma dz\u012bv\u012bbas funkcija. <br><br>\u0160\u012bs dabisk\u0101s \u0161\u016bnu sekr\u0113cijas sauc par endog\u0113n\u0101m un veidojas visu m\u016bsu \u0137erme\u0146a org\u0101nu norm\u0101las darb\u012bbas laik\u0101. <br><br>Diem\u017e\u0113l m\u016bsu m\u016bsdienu sabiedr\u012bb\u0101 liel\u0101k\u0101 da\u013ca p\u0101rtikas, ko m\u0113s pat\u0113r\u0113jam, pievieno papildu toks\u012bnus tiem, kurus dabiski ra\u017eo m\u016bsu \u0137erme\u0146a \u0161\u016bnas. T\u0101p\u0113c viss, kas non\u0101k m\u016bsu \u0137ermen\u012b no \u0101rpuses, ir j\u0101sagremo un j\u0101izvada no \u0137erme\u0146a, pret\u0113j\u0101 gad\u012bjum\u0101 tas p\u0101rv\u0113r\u0161as par papildu toksisku vielu daudzumu. <br><br>Liel\u0101k\u0101 da\u013ca p\u0101rtikas, ko m\u0113s \u0161odien pat\u0113r\u0113jam, p\u0101rv\u0113r\u0161as par toksiskiem atkritumiem m\u016bsu \u0137ermen\u012b, jo to nevar pien\u0101c\u012bgi sagremot un izvad\u012bt no \u0137erme\u0146a. <br><br>Visi p\u0101rstr\u0101d\u0101tie p\u0101rtikas produkti, m\u0101ksl\u012bg\u0101s sast\u0101vda\u013cas, nev\u0113lam\u0101 p\u0101rtika un \u0101tr\u0101s \u0113din\u0101\u0161anas produkti rada papildu stresu m\u016bsu \u0137ermenim. <br><br>Papildus nepareizam uzturam m\u016bsu \u0137ermenis dabiski absorb\u0113 toksiskas vielas no apk\u0101rt\u0113j\u0101s vides. To veicina nevesel\u012bga ekolo\u0123isk\u0101 vide m\u016bsu pils\u0113t\u0101s. Da\u017ei apr\u0113\u0137ini liecina, ka gais\u0101, ko elpojam, ir vair\u0101k nek\u0101 200 000 toksisku komponentu. Daudzi no \u0161iem toks\u012bniem non\u0101k m\u016bsu \u0137ermen\u012b. <br><br>2001.gad\u0101 ASV Slim\u012bbu kontroles centri veica p\u0113t\u012bjumus par toksisk\u0101m viel\u0101m cilv\u0113ka \u0137ermen\u012b. Vi\u0146i p\u0101rbaud\u012bja 2500 cilv\u0113kus un vi\u0146u \u0137ermen\u012b atrada vismaz 700 sint\u0113tiskas \u0137\u012bmiskas vielas. <br><br>Tika p\u0101rbaud\u012bti ar\u012b jaundzimu\u0161ie, un vi\u0146u \u0137ermen\u012b tika atrasti ar\u012b aptuveni 200 toksiski komponenti. Visbie\u017e\u0101k sastopam\u0101s \u0137\u012bmisk\u0101s vielas jaundzimu\u0161o \u0137ermen\u012b bija dz\u012bvsudrabs, pestic\u012bdi un teflons (nesen identific\u0113ts k\u0101 kancerog\u0113ns). <br><br>\u0160o vielu ietekme uz m\u016bsu \u0137ermeni joproj\u0101m tiek p\u0113t\u012bta. Tom\u0113r jau tagad ir skaidrs, ka \u0161\u012bs \u0137\u012bmisk\u0101s vielas atrodas m\u016bsu \u0137ermen\u012b un var ietekm\u0113t m\u016bsu im\u016bnsist\u0113mu, izraisot vieglas kaites un da\u017eos gad\u012bjumos izraisot nopietn\u0101kas slim\u012bbas. Daudzas izplat\u012btas slim\u012bbas ir saist\u012btas ar toksikozi. <br><br>Vai esat paman\u012bjis k\u0101du no \u0161iem simptomiem?<br><br><\/p><ul class=\"wp-block-list tw-list-disc tw-pl-6 list-li-gap-2\"><li class=\"tw-mb-2\">Galvass\u0101pes<\/li>\n\n<li class=\"tw-mb-2\">Klepus<\/li>\n\n<li class=\"tw-mb-2\">Iekaisis kakls<\/li>\n\n<li class=\"tw-mb-2\">Saspringts vai st\u012bvs kakls<\/li>\n\n<li class=\"tw-mb-2\">Stenokardija<\/li>\n\n<li class=\"tw-mb-2\">Augsts holester\u012bna l\u012bmenis<\/li>\n\n<li class=\"tw-mb-2\">S\u0101pes muguras lejasda\u013c\u0101<\/li>\n\n<li class=\"tw-mb-2\">Niezo\u0161s deguns<\/li>\n\n<li class=\"tw-mb-2\">Acu kairin\u0101jums<\/li>\n\n<li class=\"tw-mb-2\">Drudzis<\/li>\n\n<li class=\"tw-mb-2\">Nervozit\u0101te<\/li>\n\n<li class=\"tw-mb-2\">Reibonis<\/li>\n\n<li class=\"tw-mb-2\">Garast\u0101vok\u013ca sv\u0101rst\u012bbas<\/li>\n\n<li class=\"tw-mb-2\">Trauksme<\/li>\n\n<li class=\"tw-mb-2\">\u0100das izsitumi<\/li>\n\n<li class=\"tw-mb-2\">D\u016b\u0161a<\/li>\n\n<li class=\"tw-mb-2\">Gremo\u0161anas<\/li>\n\n<li class=\"tw-mb-2\">Anoreksija<\/li>\n\n<li class=\"tw-mb-2\">Novecojusi elpa<\/li>\n\n<li class=\"tw-mb-2\">Aizciet\u0113jums<\/li>\n\n<li class=\"tw-mb-2\">Nom\u0101kts<\/li>\n\n<li class=\"tw-mb-2\">Aptauko\u0161an\u0101s<\/li>\n\n<li class=\"tw-mb-2\">Seksu\u0101l\u0101s disfunkcijas<\/li><\/ul><p><br>Liel\u0101k\u0101 da\u013ca sirds slim\u012bbu, cukura diab\u0113ts un da\u017ei v\u0113\u017ea veidi ir saist\u012bti ar toks\u012bniem m\u016bsu \u0137ermen\u012b. <br><br>Neera super Cleanse di\u0113ta pal\u012bdz\u0113s izvad\u012bt toks\u012bnus no \u0137erme\u0146a, samazin\u0101t \u0137erme\u0146a svaru un nov\u0113rst da\u017e\u0101das slim\u012bbas.<br><br><\/p><h2 class=\"wp-block-heading\">Toks\u012bnu izvad\u012b\u0161ana no organisma<\/h2><p><br>Pareiza toks\u012bnu izvad\u012b\u0161ana no \u0137erme\u0146a ir Neera programmas galven\u0101 sast\u0101vda\u013ca. Visi toks\u012bni un toks\u012bni kursa laik\u0101 Past\u0101v\u012bgi j\u0101izvada, un tie nedr\u012bkst uzkr\u0101ties cit\u0101s \u0137erme\u0146a da\u013c\u0101s vai org\u0101nos. <br><br>Tom\u0113r t\u012br\u012b\u0161anas kursa laik\u0101 j\u016bsu zarnu kust\u012bbas k\u013c\u016bs ret\u0101kas. Tas ir dabiski, jo j\u016bs nelietojat cietu p\u0101rtiku. Bet t\u012br\u012b\u0161anas procesa ietvaros jums katru dienu j\u0101iztuk\u0161o zarnas.<br><br><\/p><h2 class=\"wp-block-heading\">Att\u012bro\u0161as z\u0101\u013cu t\u0113jas un s\u0101ls\u016bdens skalo\u0161ana<\/h2><p><br>Liel\u0101kajai da\u013cai cilv\u0113ku m\u0113s iesak\u0101m dzert augu caurejas t\u0113ju m\u0113ren\u012bb\u0101 vai skalot muti ar j\u016bras \u016bdeni. Da\u017eiem cilv\u0113kiem, kuriem ir regul\u0101ra zarnu kust\u012bba, papildu caurejas l\u012bdzeklis var neb\u016bt vajadz\u012bgs. <br><br>Lai nodro\u0161in\u0101tu ikdienas zarnu kust\u012bbu, liel\u0101k\u0101 da\u013ca cilv\u0113ku pirms gul\u0113tie\u0161anas izdzer tasi caurejas t\u0113jas. Tad no r\u012bta v\u0113l viena tase caurejas t\u0113jas parasti stimul\u0113 zarnu kust\u012bbu. <br><br>Sav\u0101 gr\u0101mat\u0101 Stenlijs Burovs ieteica r\u012bta tasi caurejas t\u0113jas aizst\u0101t ar s\u0101ls\u016bdens skalo\u0161anu. Tas ir \u013coti efekt\u012bvs caurejas l\u012bdzeklis. Protams, tas negar\u0161o \u013coti labi, bet ir \u013coti efekt\u012bvs, un m\u0113s iesak\u0101m izm\u0113\u0123in\u0101t \u0161o metodi vismaz vienu reizi t\u012br\u012b\u0161anas kursa laik\u0101. <br><br>J\u016bras \u016bdens skalo\u0161anas sagatavo\u0161ana ir \u013coti vienk\u0101r\u0161a. Sajauciet vienu litru nedaudz silta \u016bdens ar div\u0101m t\u0113jkarot\u0113m j\u016bras s\u0101ls. Ir \u013coti svar\u012bgi, lai j\u016bs izmantotu j\u016bras s\u0101li, nevis parasto galda s\u0101li. No r\u012bta izdzeriet visu litru. Zarnu kust\u012bba parasti notiek \u0101tri, pusstundas l\u012bdz stundas laik\u0101. <br><br>M\u0113s neiesak\u0101m lietot caurejas l\u012bdzek\u013cus svara zaud\u0113\u0161anai. Da\u017ei cilv\u0113ki dom\u0101, ka vair\u0101k caurejas t\u0113jas dzer\u0161ana pal\u012bdz\u0113s vi\u0146iem zaud\u0113t svaru. Tas ir ne tikai nepatiess, bet ar\u012b nedro\u0161s. T\u012br\u012b\u0161anas kursa laik\u0101 iesak\u0101m izdzert l\u012bdz 2 tas\u0113m augu caurejas t\u0113jas dien\u0101. Tas tiek dar\u012bts tikai t\u0101p\u0113c, lai veicin\u0101tu ikdienas zarnu kust\u012bbu.<br><br><\/p><p class=\"link tw-text-lg\"><a href=\"\/lv\/shop\/\" data-type=\"link\" data-id=\"https:\/\/neera.ee\/lv\/shop\/\">P\u0113rc \u0161obr\u012bd dab\u012bgo koka s\u012brupu &#8220;Madalball&#8221;!<\/a><\/p>","protected":false},"excerpt":{"rendered":"<p>K\u0101p\u0113c periodiski j\u0101t\u012bra \u0137ermenis? Katra m\u016bsu \u0137erme\u0146a \u0161\u016bna dabiski nep\u0101rtraukti ra\u017eo da\u017e\u0101dus toks\u012bnus. T\u0101 ir norm\u0101la jebkura dz\u012bva organisma dz\u012bv\u012bbas funkcija. \u0160\u012bs dabisk\u0101s \u0161\u016bnu sekr\u0113cijas sauc par endog\u0113n\u0101m un veidojas visu m\u016bsu \u0137erme\u0146a org\u0101nu norm\u0101las darb\u012bbas laik\u0101. Diem\u017e\u0113l m\u016bsu m\u016bsdienu sabiedr\u012bb\u0101 liel\u0101k\u0101 da\u013ca p\u0101rtikas, ko m\u0113s pat\u0113r\u0113jam, pievieno papildu toks\u012bnus tiem, kurus dabiski ra\u017eo m\u016bsu [&hellip;]<\/p>\n","protected":false},"author":1,"featured_media":0,"parent":72,"menu_order":0,"comment_status":"closed","ping_status":"closed","template":"","meta":{"_acf_changed":false,"inline_featured_image":false,"footnotes":""},"class_list":["post-70","page","type-page","status-publish","hentry"],"acf":[],"yoast_head":"<!-- This site is optimized with the Yoast SEO plugin v24.6 - https:\/\/yoast.com\/wordpress\/plugins\/seo\/ -->\n<title>\u0136erme\u0146a detoksik\u0101cija - Neera - Att\u012bro\u0161s s\u012brups<\/title>\n<meta name=\"robots\" content=\"index, follow, max-snippet:-1, max-image-preview:large, max-video-preview:-1\" \/>\n<link rel=\"canonical\" href=\"https:\/\/neera.ee\/lv\/the-program\/body-detox\/\" \/>\n<meta property=\"og:locale\" content=\"lv_LV\" \/>\n<meta property=\"og:type\" content=\"article\" \/>\n<meta property=\"og:title\" content=\"\u0136erme\u0146a detoksik\u0101cija - Neera - Att\u012bro\u0161s s\u012brups\" \/>\n<meta property=\"og:description\" content=\"K\u0101p\u0113c periodiski j\u0101t\u012bra \u0137ermenis? Katra m\u016bsu \u0137erme\u0146a \u0161\u016bna dabiski nep\u0101rtraukti ra\u017eo da\u017e\u0101dus toks\u012bnus. T\u0101 ir norm\u0101la jebkura dz\u012bva organisma dz\u012bv\u012bbas funkcija. \u0160\u012bs dabisk\u0101s \u0161\u016bnu sekr\u0113cijas sauc par endog\u0113n\u0101m un veidojas visu m\u016bsu \u0137erme\u0146a org\u0101nu norm\u0101las darb\u012bbas laik\u0101. Diem\u017e\u0113l m\u016bsu m\u016bsdienu sabiedr\u012bb\u0101 liel\u0101k\u0101 da\u013ca p\u0101rtikas, ko m\u0113s pat\u0113r\u0113jam, pievieno papildu toks\u012bnus tiem, kurus dabiski ra\u017eo m\u016bsu [&hellip;]\" \/>\n<meta property=\"og:url\" content=\"https:\/\/neera.ee\/lv\/the-program\/body-detox\/\" \/>\n<meta property=\"og:site_name\" content=\"Neera - Att\u012bro\u0161s s\u012brups\" \/>\n<meta property=\"article:modified_time\" content=\"2025-03-13T21:39:28+00:00\" \/>\n<meta name=\"twitter:card\" content=\"summary_large_image\" \/>\n<meta name=\"twitter:label1\" content=\"Est. reading time\" \/>\n\t<meta name=\"twitter:data1\" content=\"4 min\u016btes\" \/>\n<script type=\"application\/ld+json\" class=\"yoast-schema-graph\">{\"@context\":\"https:\/\/schema.org\",\"@graph\":[{\"@type\":\"WebPage\",\"@id\":\"https:\/\/neera.ee\/lv\/the-program\/body-detox\/\",\"url\":\"https:\/\/neera.ee\/lv\/the-program\/body-detox\/\",\"name\":\"\u0136erme\u0146a detoksik\u0101cija - Neera - Att\u012bro\u0161s s\u012brups\",\"isPartOf\":{\"@id\":\"https:\/\/neera-shop.ru\/lv\/#website\"},\"datePublished\":\"2024-08-28T23:24:24+00:00\",\"dateModified\":\"2025-03-13T21:39:28+00:00\",\"breadcrumb\":{\"@id\":\"https:\/\/neera.ee\/lv\/the-program\/body-detox\/#breadcrumb\"},\"inLanguage\":\"lv-LV\",\"potentialAction\":[{\"@type\":\"ReadAction\",\"target\":[\"https:\/\/neera.ee\/lv\/the-program\/body-detox\/\"]}]},{\"@type\":\"BreadcrumbList\",\"@id\":\"https:\/\/neera.ee\/lv\/the-program\/body-detox\/#breadcrumb\",\"itemListElement\":[{\"@type\":\"ListItem\",\"position\":1,\"name\":\"Home\",\"item\":\"https:\/\/neera.ee\/lv\/\"},{\"@type\":\"ListItem\",\"position\":2,\"name\":\"Programma\",\"item\":\"https:\/\/neera-shop.ru\/lv\/the-program\/\"},{\"@type\":\"ListItem\",\"position\":3,\"name\":\"\u0136erme\u0146a detoksik\u0101cija\"}]},{\"@type\":\"WebSite\",\"@id\":\"https:\/\/neera-shop.ru\/lv\/#website\",\"url\":\"https:\/\/neera-shop.ru\/lv\/\",\"name\":\"Neera - Att\u012bro\u0161s s\u012brups\",\"description\":\"Neera Natural Madal Bal s\u012brups - \u012bpa\u0161s k\u013cavu s\u012brupa un palmu s\u012brupa mais\u012bjums, kas kalpo par pamatu j\u016bsu Master Cleanse di\u0113tas ce\u013cojumam.\",\"potentialAction\":[{\"@type\":\"SearchAction\",\"target\":{\"@type\":\"EntryPoint\",\"urlTemplate\":\"https:\/\/neera-shop.ru\/lv\/?s={search_term_string}\"},\"query-input\":{\"@type\":\"PropertyValueSpecification\",\"valueRequired\":true,\"valueName\":\"search_term_string\"}}],\"inLanguage\":\"lv-LV\"}]}<\/script>\n<!-- \/ Yoast SEO plugin. -->","yoast_head_json":{"title":"\u0136erme\u0146a detoksik\u0101cija - Neera - Att\u012bro\u0161s s\u012brups","robots":{"index":"index","follow":"follow","max-snippet":"max-snippet:-1","max-image-preview":"max-image-preview:large","max-video-preview":"max-video-preview:-1"},"canonical":"https:\/\/neera.ee\/lv\/the-program\/body-detox\/","og_locale":"lv_LV","og_type":"article","og_title":"\u0136erme\u0146a detoksik\u0101cija - Neera - Att\u012bro\u0161s s\u012brups","og_description":"K\u0101p\u0113c periodiski j\u0101t\u012bra \u0137ermenis? Katra m\u016bsu \u0137erme\u0146a \u0161\u016bna dabiski nep\u0101rtraukti ra\u017eo da\u017e\u0101dus toks\u012bnus. T\u0101 ir norm\u0101la jebkura dz\u012bva organisma dz\u012bv\u012bbas funkcija. \u0160\u012bs dabisk\u0101s \u0161\u016bnu sekr\u0113cijas sauc par endog\u0113n\u0101m un veidojas visu m\u016bsu \u0137erme\u0146a org\u0101nu norm\u0101las darb\u012bbas laik\u0101. Diem\u017e\u0113l m\u016bsu m\u016bsdienu sabiedr\u012bb\u0101 liel\u0101k\u0101 da\u013ca p\u0101rtikas, ko m\u0113s pat\u0113r\u0113jam, pievieno papildu toks\u012bnus tiem, kurus dabiski ra\u017eo m\u016bsu [&hellip;]","og_url":"https:\/\/neera.ee\/lv\/the-program\/body-detox\/","og_site_name":"Neera - Att\u012bro\u0161s s\u012brups","article_modified_time":"2025-03-13T21:39:28+00:00","twitter_card":"summary_large_image","twitter_misc":{"Est. reading time":"4 min\u016btes"},"schema":{"@context":"https:\/\/schema.org","@graph":[{"@type":"WebPage","@id":"https:\/\/neera.ee\/lv\/the-program\/body-detox\/","url":"https:\/\/neera.ee\/lv\/the-program\/body-detox\/","name":"\u0136erme\u0146a detoksik\u0101cija - Neera - Att\u012bro\u0161s s\u012brups","isPartOf":{"@id":"https:\/\/neera-shop.ru\/lv\/#website"},"datePublished":"2024-08-28T23:24:24+00:00","dateModified":"2025-03-13T21:39:28+00:00","breadcrumb":{"@id":"https:\/\/neera.ee\/lv\/the-program\/body-detox\/#breadcrumb"},"inLanguage":"lv-LV","potentialAction":[{"@type":"ReadAction","target":["https:\/\/neera.ee\/lv\/the-program\/body-detox\/"]}]},{"@type":"BreadcrumbList","@id":"https:\/\/neera.ee\/lv\/the-program\/body-detox\/#breadcrumb","itemListElement":[{"@type":"ListItem","position":1,"name":"Home","item":"https:\/\/neera.ee\/lv\/"},{"@type":"ListItem","position":2,"name":"Programma","item":"https:\/\/neera-shop.ru\/lv\/the-program\/"},{"@type":"ListItem","position":3,"name":"\u0136erme\u0146a detoksik\u0101cija"}]},{"@type":"WebSite","@id":"https:\/\/neera-shop.ru\/lv\/#website","url":"https:\/\/neera-shop.ru\/lv\/","name":"Neera - Att\u012bro\u0161s s\u012brups","description":"Neera Natural Madal Bal s\u012brups - \u012bpa\u0161s k\u013cavu s\u012brupa un palmu s\u012brupa mais\u012bjums, kas kalpo par pamatu j\u016bsu Master Cleanse di\u0113tas ce\u013cojumam.","potentialAction":[{"@type":"SearchAction","target":{"@type":"EntryPoint","urlTemplate":"https:\/\/neera-shop.ru\/lv\/?s={search_term_string}"},"query-input":{"@type":"PropertyValueSpecification","valueRequired":true,"valueName":"search_term_string"}}],"inLanguage":"lv-LV"}]}},"_links":{"self":[{"href":"https:\/\/neera.ee\/lv\/wp-json\/wp\/v2\/pages\/70","targetHints":{"allow":["GET"]}}],"collection":[{"href":"https:\/\/neera.ee\/lv\/wp-json\/wp\/v2\/pages"}],"about":[{"href":"https:\/\/neera.ee\/lv\/wp-json\/wp\/v2\/types\/page"}],"author":[{"embeddable":true,"href":"https:\/\/neera.ee\/lv\/wp-json\/wp\/v2\/users\/1"}],"replies":[{"embeddable":true,"href":"https:\/\/neera.ee\/lv\/wp-json\/wp\/v2\/comments?post=70"}],"version-history":[{"count":6,"href":"https:\/\/neera.ee\/lv\/wp-json\/wp\/v2\/pages\/70\/revisions"}],"predecessor-version":[{"id":604,"href":"https:\/\/neera.ee\/lv\/wp-json\/wp\/v2\/pages\/70\/revisions\/604"}],"up":[{"embeddable":true,"href":"https:\/\/neera.ee\/lv\/wp-json\/wp\/v2\/pages\/72"}],"wp:attachment":[{"href":"https:\/\/neera.ee\/lv\/wp-json\/wp\/v2\/media?parent=70"}],"curies":[{"name":"wp","href":"https:\/\/api.w.org\/{rel}","templated":true}]}}