{"id":68,"date":"2024-08-29T02:24:02","date_gmt":"2024-08-28T23:24:02","guid":{"rendered":"https:\/\/neera-shop.ru\/lv\/?page_id=68"},"modified":"2025-03-14T00:40:19","modified_gmt":"2025-03-13T21:40:19","slug":"syrup","status":"publish","type":"page","link":"https:\/\/neera.ee\/lv\/syrup\/","title":{"rendered":"S\u012brups"},"content":{"rendered":"<h1 class=\"wp-block-heading has-text-align-center tw-mb-16 NB tw-w-full\">MadalBal S\u012brups<\/h1><figure class=\"wp-block-image size-large tw-rounded-xl tw-object-cover tw-mb-8 tw-w-full wp-block-image-rounded\"><img decoding=\"async\" src=\"\/lv\/wp-content\/uploads\/sites\/4\/2024\/09\/product-4.webp\" alt=\"\" style=\"aspect-ratio:3\/2;object-fit:cover\"\/><\/figure><p>Att\u012bro\u0161\u0101s di\u0113tas laik\u0101 ir \u013coti svar\u012bgi, lai organism\u0101 neiek\u013c\u016btu jauni toks\u012bni. MadalBal s\u012brups ir izgatavots no dabisk\u0101, vesel\u012bg\u0101 vid\u0113 audz\u0113tu koku sulas, kas garant\u0113 t\u012bru un kvalitat\u012bvu produktu.<br><br>MadalBal s\u012brups ir \u012bpa\u0161i izstr\u0101d\u0101ts Neera t\u012br\u012b\u0161anas di\u0113tai. T\u0101 \u012bpa\u0161\u012bbu zi\u0146\u0101 p\u0101rsp\u0113j t\u012bru k\u013cavu s\u012brupu, atvieglojot uzturu un uzlabojot t\u0101s rezult\u0101tus.<br><br>S\u012brupu \u0160veic\u0113 izveidoja alternat\u012bv\u0101s medic\u012bnas speci\u0101listu grupa Dr. C.A. Beyer vad\u012bb\u0101. Vi\u0146i atkl\u0101ja, ka t\u012bram k\u013cavu s\u012brupam tr\u016bkst da\u017eu svar\u012bgu miner\u0101lvielu, kas nepiecie\u0161amas di\u0113tas laik\u0101. P\u0113c gadiem ilgas test\u0113\u0161anas vi\u0146i izstr\u0101d\u0101ja MadalBal s\u012brupu, kas ir Kan\u0101das C klases k\u013cavu s\u012brupa un palmu s\u012brupa mais\u012bjums no Dienvidaustrumu \u0100zijas. \u0160\u012b kombin\u0101cija nodro\u0161ina l\u012bdzsvarotu svar\u012bgu miner\u0101lvielu uz\u0146em\u0161anu, kas organismam nepiecie\u0161ama detoksik\u0101cijas laik\u0101.<br><br>Palmu s\u012brups, kas Indij\u0101 paz\u012bstams k\u0101 NEERA, ir izmantots t\u016bksto\u0161iem gadu un ir galven\u0101 MadalBal s\u012brupa sast\u0101vda\u013ca. Tas tiek nov\u0101kts no vair\u0101k\u0101m palmu koku \u0161\u0137irn\u0113m Dienvidaustrum\u0101zij\u0101, izmantojot tradicion\u0101l\u0101s, darbietilp\u012bg\u0101s metodes, kas nodro\u0161ina augstu kvalit\u0101ti. S\u012brups n\u0101k no maz\u0101m saimniec\u012bb\u0101m, kas atbalsta viet\u0113j\u0101s kopienas.<br><br>MadalBal s\u012brup\u0101 tiek izmantots ar\u012b C kategorijas Kan\u0101das k\u013cavu s\u012brups, kas ir paz\u012bstams ar savu bag\u0101t\u012bbu un augstu miner\u0101lvielu saturu. Pavasar\u012b to nov\u0101c \u012bs\u0101 4-6 ned\u0113\u013cu laik\u0101, un tas aiz\u0146em 120-200 litrus sulas, lai sara\u017eotu tikai 3-4 litrus s\u012brupa, uzsverot t\u0101 ra\u017eo\u0161anas darbietilp\u012bgo raksturu.<br><br><\/p><p><\/p><h3 class=\"wp-block-heading\">Dab\u012bg\u0101 koka s\u012brupa sast\u0101vs:<\/h3><p><br>Olbaltumvielas: 1,1 g<br>Og\u013chidr\u0101ti: 64.9 g<br>Tauki: 0,0 g<br>Ener\u0123\u0113tisk\u0101 v\u0113rt\u012bba: 264 kcal<br><br>S\u012brups ir ar\u012b bag\u0101ts ar miner\u0101lviel\u0101m, k\u0101liju, mang\u0101nu un cinku. Kalcija un magnija, k\u0101 ar\u012b n\u0101trija un k\u0101lija attiec\u012bba ir ide\u0101li piem\u0113rota cilv\u0113ka \u0137erme\u0146a vajadz\u012bb\u0101m.<br><br><\/p><h3 class=\"wp-block-heading\">Miner\u0101lu sast\u0101vs:<\/h3><p><br>Dzelzs (Fe): 12,1 mg<br>Mang\u0101ns (Mn): 18,9 mg<br>Cinks (Zn): 49,5 mg<br>Magnija (Mg): 144,0 mg<br>Kalcijs (Ca): 358,0 mg<br>N\u0101trijs (Na): 457,0 mg<br>K\u0101lijs (K): 3963,0 mg<\/p><p class=\"link tw-text-lg\"><br><a href=\"\/lv\/shop\/\" data-type=\"link\" data-id=\"https:\/\/neera.ee\/lv\/shop\/\">P\u0113rciet MadalBal dab\u012bg\u0101 koka s\u012brupu t\u016bl\u012bt!<\/a><\/p>","protected":false},"excerpt":{"rendered":"<p>MadalBal S\u012brups Att\u012bro\u0161\u0101s di\u0113tas laik\u0101 ir \u013coti svar\u012bgi, lai organism\u0101 neiek\u013c\u016btu jauni toks\u012bni. MadalBal s\u012brups ir izgatavots no dabisk\u0101, vesel\u012bg\u0101 vid\u0113 audz\u0113tu koku sulas, kas garant\u0113 t\u012bru un kvalitat\u012bvu produktu. MadalBal s\u012brups ir \u012bpa\u0161i izstr\u0101d\u0101ts Neera t\u012br\u012b\u0161anas di\u0113tai. T\u0101 \u012bpa\u0161\u012bbu zi\u0146\u0101 p\u0101rsp\u0113j t\u012bru k\u013cavu s\u012brupu, atvieglojot uzturu un uzlabojot t\u0101s rezult\u0101tus. S\u012brupu \u0160veic\u0113 izveidoja alternat\u012bv\u0101s [&hellip;]<\/p>\n","protected":false},"author":1,"featured_media":0,"parent":0,"menu_order":0,"comment_status":"closed","ping_status":"closed","template":"","meta":{"_acf_changed":false,"inline_featured_image":false,"footnotes":""},"class_list":["post-68","page","type-page","status-publish","hentry"],"acf":[],"yoast_head":"<!-- This site is optimized with the Yoast SEO plugin v24.6 - https:\/\/yoast.com\/wordpress\/plugins\/seo\/ -->\n<title>S\u012brups - Neera - Att\u012bro\u0161s s\u012brups<\/title>\n<meta name=\"robots\" content=\"index, follow, max-snippet:-1, max-image-preview:large, max-video-preview:-1\" \/>\n<link rel=\"canonical\" href=\"https:\/\/neera.ee\/lv\/syrup\/\" \/>\n<meta property=\"og:locale\" content=\"lv_LV\" \/>\n<meta property=\"og:type\" content=\"article\" \/>\n<meta property=\"og:title\" content=\"S\u012brups - Neera - Att\u012bro\u0161s s\u012brups\" \/>\n<meta property=\"og:description\" content=\"MadalBal S\u012brups Att\u012bro\u0161\u0101s di\u0113tas laik\u0101 ir \u013coti svar\u012bgi, lai organism\u0101 neiek\u013c\u016btu jauni toks\u012bni. MadalBal s\u012brups ir izgatavots no dabisk\u0101, vesel\u012bg\u0101 vid\u0113 audz\u0113tu koku sulas, kas garant\u0113 t\u012bru un kvalitat\u012bvu produktu. MadalBal s\u012brups ir \u012bpa\u0161i izstr\u0101d\u0101ts Neera t\u012br\u012b\u0161anas di\u0113tai. T\u0101 \u012bpa\u0161\u012bbu zi\u0146\u0101 p\u0101rsp\u0113j t\u012bru k\u013cavu s\u012brupu, atvieglojot uzturu un uzlabojot t\u0101s rezult\u0101tus. S\u012brupu \u0160veic\u0113 izveidoja alternat\u012bv\u0101s [&hellip;]\" \/>\n<meta property=\"og:url\" content=\"https:\/\/neera.ee\/lv\/syrup\/\" \/>\n<meta property=\"og:site_name\" content=\"Neera - Att\u012bro\u0161s s\u012brups\" \/>\n<meta property=\"article:modified_time\" content=\"2025-03-13T21:40:19+00:00\" \/>\n<meta name=\"twitter:card\" content=\"summary_large_image\" \/>\n<meta name=\"twitter:label1\" content=\"Est. reading time\" \/>\n\t<meta name=\"twitter:data1\" content=\"2 min\u016btes\" \/>\n<script type=\"application\/ld+json\" class=\"yoast-schema-graph\">{\"@context\":\"https:\/\/schema.org\",\"@graph\":[{\"@type\":\"WebPage\",\"@id\":\"https:\/\/neera.ee\/lv\/syrup\/\",\"url\":\"https:\/\/neera.ee\/lv\/syrup\/\",\"name\":\"S\u012brups - Neera - Att\u012bro\u0161s s\u012brups\",\"isPartOf\":{\"@id\":\"https:\/\/neera-shop.ru\/lv\/#website\"},\"datePublished\":\"2024-08-28T23:24:02+00:00\",\"dateModified\":\"2025-03-13T21:40:19+00:00\",\"breadcrumb\":{\"@id\":\"https:\/\/neera.ee\/lv\/syrup\/#breadcrumb\"},\"inLanguage\":\"lv-LV\",\"potentialAction\":[{\"@type\":\"ReadAction\",\"target\":[\"https:\/\/neera.ee\/lv\/syrup\/\"]}]},{\"@type\":\"BreadcrumbList\",\"@id\":\"https:\/\/neera.ee\/lv\/syrup\/#breadcrumb\",\"itemListElement\":[{\"@type\":\"ListItem\",\"position\":1,\"name\":\"Home\",\"item\":\"https:\/\/neera.ee\/lv\/\"},{\"@type\":\"ListItem\",\"position\":2,\"name\":\"S\u012brups\"}]},{\"@type\":\"WebSite\",\"@id\":\"https:\/\/neera-shop.ru\/lv\/#website\",\"url\":\"https:\/\/neera-shop.ru\/lv\/\",\"name\":\"Neera - Att\u012bro\u0161s s\u012brups\",\"description\":\"Neera Natural Madal Bal s\u012brups - \u012bpa\u0161s k\u013cavu s\u012brupa un palmu s\u012brupa mais\u012bjums, kas kalpo par pamatu j\u016bsu Master Cleanse di\u0113tas ce\u013cojumam.\",\"potentialAction\":[{\"@type\":\"SearchAction\",\"target\":{\"@type\":\"EntryPoint\",\"urlTemplate\":\"https:\/\/neera-shop.ru\/lv\/?s={search_term_string}\"},\"query-input\":{\"@type\":\"PropertyValueSpecification\",\"valueRequired\":true,\"valueName\":\"search_term_string\"}}],\"inLanguage\":\"lv-LV\"}]}<\/script>\n<!-- \/ Yoast SEO plugin. -->","yoast_head_json":{"title":"S\u012brups - Neera - Att\u012bro\u0161s s\u012brups","robots":{"index":"index","follow":"follow","max-snippet":"max-snippet:-1","max-image-preview":"max-image-preview:large","max-video-preview":"max-video-preview:-1"},"canonical":"https:\/\/neera.ee\/lv\/syrup\/","og_locale":"lv_LV","og_type":"article","og_title":"S\u012brups - Neera - Att\u012bro\u0161s s\u012brups","og_description":"MadalBal S\u012brups Att\u012bro\u0161\u0101s di\u0113tas laik\u0101 ir \u013coti svar\u012bgi, lai organism\u0101 neiek\u013c\u016btu jauni toks\u012bni. MadalBal s\u012brups ir izgatavots no dabisk\u0101, vesel\u012bg\u0101 vid\u0113 audz\u0113tu koku sulas, kas garant\u0113 t\u012bru un kvalitat\u012bvu produktu. MadalBal s\u012brups ir \u012bpa\u0161i izstr\u0101d\u0101ts Neera t\u012br\u012b\u0161anas di\u0113tai. T\u0101 \u012bpa\u0161\u012bbu zi\u0146\u0101 p\u0101rsp\u0113j t\u012bru k\u013cavu s\u012brupu, atvieglojot uzturu un uzlabojot t\u0101s rezult\u0101tus. S\u012brupu \u0160veic\u0113 izveidoja alternat\u012bv\u0101s [&hellip;]","og_url":"https:\/\/neera.ee\/lv\/syrup\/","og_site_name":"Neera - Att\u012bro\u0161s s\u012brups","article_modified_time":"2025-03-13T21:40:19+00:00","twitter_card":"summary_large_image","twitter_misc":{"Est. reading time":"2 min\u016btes"},"schema":{"@context":"https:\/\/schema.org","@graph":[{"@type":"WebPage","@id":"https:\/\/neera.ee\/lv\/syrup\/","url":"https:\/\/neera.ee\/lv\/syrup\/","name":"S\u012brups - Neera - Att\u012bro\u0161s s\u012brups","isPartOf":{"@id":"https:\/\/neera-shop.ru\/lv\/#website"},"datePublished":"2024-08-28T23:24:02+00:00","dateModified":"2025-03-13T21:40:19+00:00","breadcrumb":{"@id":"https:\/\/neera.ee\/lv\/syrup\/#breadcrumb"},"inLanguage":"lv-LV","potentialAction":[{"@type":"ReadAction","target":["https:\/\/neera.ee\/lv\/syrup\/"]}]},{"@type":"BreadcrumbList","@id":"https:\/\/neera.ee\/lv\/syrup\/#breadcrumb","itemListElement":[{"@type":"ListItem","position":1,"name":"Home","item":"https:\/\/neera.ee\/lv\/"},{"@type":"ListItem","position":2,"name":"S\u012brups"}]},{"@type":"WebSite","@id":"https:\/\/neera-shop.ru\/lv\/#website","url":"https:\/\/neera-shop.ru\/lv\/","name":"Neera - Att\u012bro\u0161s s\u012brups","description":"Neera Natural Madal Bal s\u012brups - \u012bpa\u0161s k\u013cavu s\u012brupa un palmu s\u012brupa mais\u012bjums, kas kalpo par pamatu j\u016bsu Master Cleanse di\u0113tas ce\u013cojumam.","potentialAction":[{"@type":"SearchAction","target":{"@type":"EntryPoint","urlTemplate":"https:\/\/neera-shop.ru\/lv\/?s={search_term_string}"},"query-input":{"@type":"PropertyValueSpecification","valueRequired":true,"valueName":"search_term_string"}}],"inLanguage":"lv-LV"}]}},"_links":{"self":[{"href":"https:\/\/neera.ee\/lv\/wp-json\/wp\/v2\/pages\/68","targetHints":{"allow":["GET"]}}],"collection":[{"href":"https:\/\/neera.ee\/lv\/wp-json\/wp\/v2\/pages"}],"about":[{"href":"https:\/\/neera.ee\/lv\/wp-json\/wp\/v2\/types\/page"}],"author":[{"embeddable":true,"href":"https:\/\/neera.ee\/lv\/wp-json\/wp\/v2\/users\/1"}],"replies":[{"embeddable":true,"href":"https:\/\/neera.ee\/lv\/wp-json\/wp\/v2\/comments?post=68"}],"version-history":[{"count":13,"href":"https:\/\/neera.ee\/lv\/wp-json\/wp\/v2\/pages\/68\/revisions"}],"predecessor-version":[{"id":609,"href":"https:\/\/neera.ee\/lv\/wp-json\/wp\/v2\/pages\/68\/revisions\/609"}],"wp:attachment":[{"href":"https:\/\/neera.ee\/lv\/wp-json\/wp\/v2\/media?parent=68"}],"curies":[{"name":"wp","href":"https:\/\/api.w.org\/{rel}","templated":true}]}}