{"id":66,"date":"2024-08-29T02:23:33","date_gmt":"2024-08-28T23:23:33","guid":{"rendered":"https:\/\/neera-shop.ru\/lv\/?page_id=66"},"modified":"2025-03-28T02:47:36","modified_gmt":"2025-03-27T23:47:36","slug":"shipping-and-returns","status":"publish","type":"page","link":"https:\/\/neera.ee\/lv\/shipping-and-returns\/","title":{"rendered":"Pieg\u0101de un atgrie\u0161ana"},"content":{"rendered":"<h1 class=\"wp-block-heading has-text-align-center tw-mb-16 NB tw-text-center tw-w-full\">Pieg\u0101de un atgrie\u0161ana<\/h1><h2 class=\"wp-block-heading\">Inform\u0101cija par pieg\u0101di<\/h2><p><br>M\u0113s izmantojam <a href=\"https:\/\/www.omniva.ee\"><span style=\"text-decoration: underline;\">Smartpost<\/span><\/a> pieg\u0101des pakalpojumu, lai nodro\u0161in\u0101tu \u0101tru un dro\u0161u j\u016bsu pre\u010du pieg\u0101di.<br><br><\/p><h3 class=\"wp-block-heading\">Valstis, uz kur\u0101m m\u0113s pieg\u0101d\u0101jam:<br><br><\/h3><ul class=\"wp-block-list tw-pl-6 tw-list-disc list-li-gap-2\"><li>Igaunija<\/li>\n\n<li>Latvija<\/li>\n\n<li>Lietuva<\/li><\/ul><h3 class=\"wp-block-heading\"><br>Pieg\u0101des laiks:<\/h3><p><br>Parasti pieg\u0101des laiks ir 5 dienas. L\u016bdzu, \u0146emiet v\u0113r\u0101, ka pieg\u0101des laiks var at\u0161\u0137irties atkar\u012bb\u0101 no galam\u0113r\u0137a un viet\u0113jiem apst\u0101k\u013ciem.<br><br><\/p><h3 class=\"wp-block-heading\">Pas\u016bt\u012bjuma izseko\u0161ana:<\/h3><p><br>J\u016bs varat izsekot pas\u016bt\u012bjumam, apmekl\u0113jot <a href=\"https:\/\/itella.ee\/en\/private-customer\/parcel-tracking\/\"><span style=\"text-decoration: underline;\">pas\u016bt\u012bjuma izseko\u0161anas lapu<\/span><\/a>. L\u016bdzu, ievadiet savu izseko\u0161anas numuru, lai uzzin\u0101tu pieg\u0101des statusu.<br><br><br><\/p><h2 class=\"wp-block-heading\">Pre\u010du atgrie\u0161anas politika<\/h2><p><br>M\u0113s cen\u0161amies, lai J\u016bs b\u016btu piln\u012bgi apmierin\u0101ti ar pirkumu. Tom\u0113r, ja jums ir nepiecie\u0161ams atgriezt preci, l\u016bdzu, skatiet m\u016bsu atgrie\u0161anas politiku zem\u0101k.<br><br><\/p><h3 class=\"wp-block-heading\">Pre\u010du atgrie\u0161anas noteikumi:<br><br><\/h3><ul class=\"wp-block-list tw-pl-6 tw-list-disc list-li-gap-2\"><li>Preces j\u0101atdod 14 dienu laik\u0101 p\u0113c sa\u0146em\u0161anas.<\/li>\n\n<li>Prec\u0113m j\u0101b\u016bt neatv\u0113rt\u0101m un ori\u0123in\u0101laj\u0101 iepakojum\u0101.<\/li>\n\n<li>L\u016bdzu, pievienojiet \u010deka ori\u0123in\u0101lu vai pirkuma apstiprin\u0101jumu.<\/li><\/ul><h3 class=\"wp-block-heading\"><br>K\u0101 atgriezt preci:<\/h3><p><br>Lai atgrieztu preces, l\u016bdzu, sazinieties ar m\u016bsu klientu apkalpo\u0161anas dienestu: <span style=\"text-decoration: underline;\"><a href=\"mailto:info@neera.ee\">info@neera.ee<\/a><\/span> lai s\u0101ktu atgrie\u0161anas procesu. Kad j\u016bsu atgrie\u0161ana b\u016bs apstiprin\u0101ta, j\u016bs sa\u0146emsiet papildu nor\u0101d\u012bjumus par to, k\u0101 nos\u016bt\u012bt mums savu preci atpaka\u013c.<br><br><\/p><h3 class=\"wp-block-heading\">Atgrie\u0161ana:<\/h3><p><br>Kad b\u016bsim sa\u0146\u0113mu\u0161i J\u016bsu atgriezto preci, m\u0113s to p\u0101rbaud\u012bsim un pazi\u0146osim par atmaksas statusu. Ja j\u016bsu atmaksa tiks apstiprin\u0101ta, m\u0113s atmaks\u0101sim j\u016bsu s\u0101kotn\u0113jo maks\u0101juma veidu. L\u016bdzu, pagaidiet da\u017eas dienas, l\u012bdz atmaksa tiks apstr\u0101d\u0101ta un par\u0101d\u012bsies j\u016bsu kont\u0101.<br><br><\/p><h3 class=\"wp-block-heading\">Apmai\u0146a:<\/h3><p><br>Ja v\u0113laties apmain\u012bt preces, l\u016bdzu, sazinieties ar mums pa e-pastu <a href=\"mailto:info@neera.ee\"><span style=\"text-decoration: underline;\"><a href=\"mailto:primalend2000@gmail.com\"><span style=\"text-decoration: underline;\">info@neera.ee<\/span><\/a><\/span><\/a>. apmai\u0146a notiek atkar\u012bb\u0101 no preces pieejam\u012bbas. <br><br>Par visiem jaut\u0101jumiem, kas saist\u012bti ar pieg\u0101di un atgrie\u0161anu, l\u016bdzu, sazinieties ar m\u016bsu klientu apkalpo\u0161anas dienestu. M\u0113s esam \u0161eit, lai pal\u012bdz\u0113tu jums un p\u0101rliecin\u0101tos, ka jums ir pozit\u012bvi iespaidi par m\u016bsu sadarb\u012bbu.<\/p>","protected":false},"excerpt":{"rendered":"<p>Pieg\u0101de un atgrie\u0161ana Inform\u0101cija par pieg\u0101di M\u0113s izmantojam Smartpost pieg\u0101des pakalpojumu, lai nodro\u0161in\u0101tu \u0101tru un dro\u0161u j\u016bsu pre\u010du pieg\u0101di. Valstis, uz kur\u0101m m\u0113s pieg\u0101d\u0101jam: Pieg\u0101des laiks: Parasti pieg\u0101des laiks ir 5 dienas. L\u016bdzu, \u0146emiet v\u0113r\u0101, ka pieg\u0101des laiks var at\u0161\u0137irties atkar\u012bb\u0101 no galam\u0113r\u0137a un viet\u0113jiem apst\u0101k\u013ciem. Pas\u016bt\u012bjuma izseko\u0161ana: J\u016bs varat izsekot pas\u016bt\u012bjumam, apmekl\u0113jot pas\u016bt\u012bjuma izseko\u0161anas [&hellip;]<\/p>\n","protected":false},"author":1,"featured_media":0,"parent":0,"menu_order":0,"comment_status":"closed","ping_status":"closed","template":"","meta":{"_acf_changed":false,"inline_featured_image":false,"footnotes":""},"class_list":["post-66","page","type-page","status-publish","hentry"],"acf":[],"yoast_head":"<!-- This site is optimized with the Yoast SEO plugin v24.6 - https:\/\/yoast.com\/wordpress\/plugins\/seo\/ -->\n<title>Pieg\u0101de un atgrie\u0161ana - Neera - Att\u012bro\u0161s s\u012brups<\/title>\n<meta name=\"robots\" content=\"index, follow, max-snippet:-1, max-image-preview:large, max-video-preview:-1\" \/>\n<link rel=\"canonical\" href=\"https:\/\/neera.ee\/lv\/shipping-and-returns\/\" \/>\n<meta property=\"og:locale\" content=\"lv_LV\" \/>\n<meta property=\"og:type\" content=\"article\" \/>\n<meta property=\"og:title\" content=\"Pieg\u0101de un atgrie\u0161ana - Neera - Att\u012bro\u0161s s\u012brups\" \/>\n<meta property=\"og:description\" content=\"Pieg\u0101de un atgrie\u0161ana Inform\u0101cija par pieg\u0101di M\u0113s izmantojam Smartpost pieg\u0101des pakalpojumu, lai nodro\u0161in\u0101tu \u0101tru un dro\u0161u j\u016bsu pre\u010du pieg\u0101di. Valstis, uz kur\u0101m m\u0113s pieg\u0101d\u0101jam: Pieg\u0101des laiks: Parasti pieg\u0101des laiks ir 5 dienas. L\u016bdzu, \u0146emiet v\u0113r\u0101, ka pieg\u0101des laiks var at\u0161\u0137irties atkar\u012bb\u0101 no galam\u0113r\u0137a un viet\u0113jiem apst\u0101k\u013ciem. Pas\u016bt\u012bjuma izseko\u0161ana: J\u016bs varat izsekot pas\u016bt\u012bjumam, apmekl\u0113jot pas\u016bt\u012bjuma izseko\u0161anas [&hellip;]\" \/>\n<meta property=\"og:url\" content=\"https:\/\/neera.ee\/lv\/shipping-and-returns\/\" \/>\n<meta property=\"og:site_name\" content=\"Neera - Att\u012bro\u0161s s\u012brups\" \/>\n<meta property=\"article:modified_time\" content=\"2025-03-27T23:47:36+00:00\" \/>\n<meta name=\"twitter:card\" content=\"summary_large_image\" \/>\n<meta name=\"twitter:label1\" content=\"Est. reading time\" \/>\n\t<meta name=\"twitter:data1\" content=\"2 min\u016btes\" \/>\n<script type=\"application\/ld+json\" class=\"yoast-schema-graph\">{\"@context\":\"https:\/\/schema.org\",\"@graph\":[{\"@type\":\"WebPage\",\"@id\":\"https:\/\/neera.ee\/lv\/shipping-and-returns\/\",\"url\":\"https:\/\/neera.ee\/lv\/shipping-and-returns\/\",\"name\":\"Pieg\u0101de un atgrie\u0161ana - Neera - Att\u012bro\u0161s s\u012brups\",\"isPartOf\":{\"@id\":\"https:\/\/neera-shop.ru\/lv\/#website\"},\"datePublished\":\"2024-08-28T23:23:33+00:00\",\"dateModified\":\"2025-03-27T23:47:36+00:00\",\"breadcrumb\":{\"@id\":\"https:\/\/neera.ee\/lv\/shipping-and-returns\/#breadcrumb\"},\"inLanguage\":\"lv-LV\",\"potentialAction\":[{\"@type\":\"ReadAction\",\"target\":[\"https:\/\/neera.ee\/lv\/shipping-and-returns\/\"]}]},{\"@type\":\"BreadcrumbList\",\"@id\":\"https:\/\/neera.ee\/lv\/shipping-and-returns\/#breadcrumb\",\"itemListElement\":[{\"@type\":\"ListItem\",\"position\":1,\"name\":\"Home\",\"item\":\"https:\/\/neera.ee\/lv\/\"},{\"@type\":\"ListItem\",\"position\":2,\"name\":\"Pieg\u0101de un atgrie\u0161ana\"}]},{\"@type\":\"WebSite\",\"@id\":\"https:\/\/neera-shop.ru\/lv\/#website\",\"url\":\"https:\/\/neera-shop.ru\/lv\/\",\"name\":\"Neera - Att\u012bro\u0161s s\u012brups\",\"description\":\"Neera Natural Madal Bal s\u012brups - \u012bpa\u0161s k\u013cavu s\u012brupa un palmu s\u012brupa mais\u012bjums, kas kalpo par pamatu j\u016bsu Master Cleanse di\u0113tas ce\u013cojumam.\",\"potentialAction\":[{\"@type\":\"SearchAction\",\"target\":{\"@type\":\"EntryPoint\",\"urlTemplate\":\"https:\/\/neera-shop.ru\/lv\/?s={search_term_string}\"},\"query-input\":{\"@type\":\"PropertyValueSpecification\",\"valueRequired\":true,\"valueName\":\"search_term_string\"}}],\"inLanguage\":\"lv-LV\"}]}<\/script>\n<!-- \/ Yoast SEO plugin. -->","yoast_head_json":{"title":"Pieg\u0101de un atgrie\u0161ana - Neera - Att\u012bro\u0161s s\u012brups","robots":{"index":"index","follow":"follow","max-snippet":"max-snippet:-1","max-image-preview":"max-image-preview:large","max-video-preview":"max-video-preview:-1"},"canonical":"https:\/\/neera.ee\/lv\/shipping-and-returns\/","og_locale":"lv_LV","og_type":"article","og_title":"Pieg\u0101de un atgrie\u0161ana - Neera - Att\u012bro\u0161s s\u012brups","og_description":"Pieg\u0101de un atgrie\u0161ana Inform\u0101cija par pieg\u0101di M\u0113s izmantojam Smartpost pieg\u0101des pakalpojumu, lai nodro\u0161in\u0101tu \u0101tru un dro\u0161u j\u016bsu pre\u010du pieg\u0101di. Valstis, uz kur\u0101m m\u0113s pieg\u0101d\u0101jam: Pieg\u0101des laiks: Parasti pieg\u0101des laiks ir 5 dienas. L\u016bdzu, \u0146emiet v\u0113r\u0101, ka pieg\u0101des laiks var at\u0161\u0137irties atkar\u012bb\u0101 no galam\u0113r\u0137a un viet\u0113jiem apst\u0101k\u013ciem. Pas\u016bt\u012bjuma izseko\u0161ana: J\u016bs varat izsekot pas\u016bt\u012bjumam, apmekl\u0113jot pas\u016bt\u012bjuma izseko\u0161anas [&hellip;]","og_url":"https:\/\/neera.ee\/lv\/shipping-and-returns\/","og_site_name":"Neera - Att\u012bro\u0161s s\u012brups","article_modified_time":"2025-03-27T23:47:36+00:00","twitter_card":"summary_large_image","twitter_misc":{"Est. reading time":"2 min\u016btes"},"schema":{"@context":"https:\/\/schema.org","@graph":[{"@type":"WebPage","@id":"https:\/\/neera.ee\/lv\/shipping-and-returns\/","url":"https:\/\/neera.ee\/lv\/shipping-and-returns\/","name":"Pieg\u0101de un atgrie\u0161ana - Neera - Att\u012bro\u0161s s\u012brups","isPartOf":{"@id":"https:\/\/neera-shop.ru\/lv\/#website"},"datePublished":"2024-08-28T23:23:33+00:00","dateModified":"2025-03-27T23:47:36+00:00","breadcrumb":{"@id":"https:\/\/neera.ee\/lv\/shipping-and-returns\/#breadcrumb"},"inLanguage":"lv-LV","potentialAction":[{"@type":"ReadAction","target":["https:\/\/neera.ee\/lv\/shipping-and-returns\/"]}]},{"@type":"BreadcrumbList","@id":"https:\/\/neera.ee\/lv\/shipping-and-returns\/#breadcrumb","itemListElement":[{"@type":"ListItem","position":1,"name":"Home","item":"https:\/\/neera.ee\/lv\/"},{"@type":"ListItem","position":2,"name":"Pieg\u0101de un atgrie\u0161ana"}]},{"@type":"WebSite","@id":"https:\/\/neera-shop.ru\/lv\/#website","url":"https:\/\/neera-shop.ru\/lv\/","name":"Neera - Att\u012bro\u0161s s\u012brups","description":"Neera Natural Madal Bal s\u012brups - \u012bpa\u0161s k\u013cavu s\u012brupa un palmu s\u012brupa mais\u012bjums, kas kalpo par pamatu j\u016bsu Master Cleanse di\u0113tas ce\u013cojumam.","potentialAction":[{"@type":"SearchAction","target":{"@type":"EntryPoint","urlTemplate":"https:\/\/neera-shop.ru\/lv\/?s={search_term_string}"},"query-input":{"@type":"PropertyValueSpecification","valueRequired":true,"valueName":"search_term_string"}}],"inLanguage":"lv-LV"}]}},"_links":{"self":[{"href":"https:\/\/neera.ee\/lv\/wp-json\/wp\/v2\/pages\/66","targetHints":{"allow":["GET"]}}],"collection":[{"href":"https:\/\/neera.ee\/lv\/wp-json\/wp\/v2\/pages"}],"about":[{"href":"https:\/\/neera.ee\/lv\/wp-json\/wp\/v2\/types\/page"}],"author":[{"embeddable":true,"href":"https:\/\/neera.ee\/lv\/wp-json\/wp\/v2\/users\/1"}],"replies":[{"embeddable":true,"href":"https:\/\/neera.ee\/lv\/wp-json\/wp\/v2\/comments?post=66"}],"version-history":[{"count":11,"href":"https:\/\/neera.ee\/lv\/wp-json\/wp\/v2\/pages\/66\/revisions"}],"predecessor-version":[{"id":630,"href":"https:\/\/neera.ee\/lv\/wp-json\/wp\/v2\/pages\/66\/revisions\/630"}],"wp:attachment":[{"href":"https:\/\/neera.ee\/lv\/wp-json\/wp\/v2\/media?parent=66"}],"curies":[{"name":"wp","href":"https:\/\/api.w.org\/{rel}","templated":true}]}}