{"id":62,"date":"2024-08-29T02:22:45","date_gmt":"2024-08-28T23:22:45","guid":{"rendered":"https:\/\/neera-shop.ru\/lv\/?page_id=62"},"modified":"2025-05-07T17:44:38","modified_gmt":"2025-05-07T14:44:38","slug":"contacts","status":"publish","type":"page","link":"https:\/\/neera.ee\/lv\/contacts\/","title":{"rendered":"Kontakti"},"content":{"rendered":"<h2 class=\"wp-block-heading\">M\u016bs\u0173 kontaktai:<\/h2><p><br>Vilde tee 112-42, 12915 Tallinn, Harjumaa, Eesti<\/p><p>Clearer O\u00dc<br>Reg nr : 11388881<\/p><p class=\"link\"><a href=\"tel:37255552265\">TEL. +372 55552265<\/a><\/p><p class=\"link\"><a href=\"https:\/\/neera.ee\">neera.ee<\/a><\/p><p><br><\/p><h2 class=\"wp-block-heading\">Ra\u017eot\u0101ju:<\/h2><p><br>Puris AG &#8211; Industriestrasse 3, 6345 Neiheima, \u0160veice<br><br><\/p><h3 class=\"wp-block-heading\">M\u016bsu produkts ir pieejams ar\u012b fizisk\u0101s tirdzniec\u012bbas viet\u0101s:<\/h3><p><br><\/p><h3 class=\"wp-block-heading\">1. Tallina<\/h3><p><br>Iluresidents ilusalong <br>(Hind 51EUR, sularaha)<br>Aadress: Koidula17\/Poska 45 Kadriorg<br>T\u0100LR. 6 444 003<br>Mob. 56674149<\/p><p class=\"link\"><a href=\"http:\/\/www.beautyresidence.com\">www.beautyresidence.com<\/a><br><br><\/p><p>Kati Mesila, N\u00f5mme piirkond<br>(Hind 51EUR, sularaha)<br>P\u00e4rnu mnt 303<br>T\u0100LR. 50 21842<br><br><\/p><p>Ilusalong Iluarsenal<br>Eerika 14, Tallina<br>Arsenali keskus<\/p><p class=\"link\"><a href=\"http:\/\/www.iluarsenal.ee\">www.iluarsenal.ee<\/a><\/p><p>(sularahas)<br><br><\/p><h3 class=\"wp-block-heading\">2. P\u0113rnava<\/h3><p><br>SAMRAI ilusalong<br>(Hind 51EUR, sularaha)<br>Aadress: Tammsaare 41, P\u00e4rnu<br>T\u0100LR. 4434477<\/p><p class=\"link\"><a href=\"http:\/\/www.beautyresidence.com\">www.beautyresidence.com<\/a><br><br><\/p><h2 class=\"wp-block-heading\">Igaunija, Latvija, Lietuva:<\/h2><p><br>Vilde tee 112-42, 12915 Tallinn, Harjumaa, Eesti<\/p><p>Clearer O\u00dc<br>Reg nr : 11388881<\/p><p class=\"link\"><a href=\"tel:37255552265\">T\u0100LR. +372 55552265<\/a><\/p><p class=\"link\"><a href=\"https:\/\/neera.ee\">neera.ee<\/a><br><br><\/p><h2 class=\"wp-block-heading\">Lielbrit\u0101nija:<\/h2><p class=\"link\"><br><a href=\"http:\/\/www.lemondetox.com\/\">www.lemondetox.com<\/a><br><br><\/p><h2 class=\"wp-block-heading\">V\u0101cija:<\/h2><p class=\"link\"><br><a href=\"http:\/\/www.neera-kur.de\/\">www.neera-kur.de<\/a><br><br><\/p><h2 class=\"wp-block-heading\">Portug\u0101le:<\/h2><p class=\"link\"><br><a href=\"http:\/\/www.vajra.pt\/\">www.vajra.pt<\/a><br><br><\/p><h2 class=\"wp-block-heading\">Sp\u0101nija:<\/h2><p class=\"link\"><br><a href=\"http:\/\/www.evicro.net\/castellano\/inicio\/index.php\">www.evicro.net\/castellano\/inicio\/index.php<\/a><br><br><\/p><h2 class=\"wp-block-heading\">It\u0101lija:<\/h2><p class=\"link\"><br><a href=\"http:\/\/www.cabassi-giuriati.com\/\">www.cabassi-giuriati.com<\/a><br><br><\/p><h2 class=\"wp-block-heading\">Francija:<\/h2><p class=\"link\"><br><a href=\"http:\/\/www.natural-distribution.com\/site\/index.php\">www.natural-distribution.com\/site\/index.php<\/a><br><br><\/p><h2 class=\"wp-block-heading\">Serbija un Melnkalne:<\/h2><p class=\"link\"><br><a href=\"http:\/\/www.beyondhealthfood.com\/\">www.beyondhealthfood.com<\/a><br><br><\/p><h2 class=\"wp-block-heading\">Ung\u0101rija:<\/h2><p class=\"link\"><br><a href=\"http:\/\/www.neera.hu\/\">www.neera.hu<\/a><br><br><\/p><h2 class=\"wp-block-heading\">Ma\u0137edonija:<\/h2><p class=\"link\"><br><a href=\"http:\/\/www.neera.com.mk\/\">www.neera.com.mk<\/a><br><br><\/p><h2 class=\"wp-block-heading\">Polija:<\/h2><p class=\"link\"><br><a href=\"http:\/\/www.madalbal.pl\/\">www.madalbal.pl<\/a><br><br><\/p><h2 class=\"wp-block-heading\">Somija:<\/h2><p><br>Madal Bal<br>PL 26 (H\u00e4meentie 4)<br>00531 Helsinki<br><br><\/p><h2 class=\"wp-block-heading\">Zviedrija:<\/h2><p class=\"link\"><br><a href=\"http:\/\/www.madalbal.se\/\">www.madalbal.se<\/a><br><br><\/p><h2 class=\"wp-block-heading\">Slov\u0113nija:<\/h2><p><br>PROVITA d.o.o.<br>Vilharjeva 27<br>6250 Ilirska Bistrica<br><br><\/p><h2 class=\"wp-block-heading\">Bosnija un Hercegovina:<\/h2><p><br>Biona&amp;Beyond d.o.o.<br>Muje Sejte 26<br>71320 Vogosca<br><br><\/p><h2 class=\"wp-block-heading\">Horv\u0101tija:<\/h2><p><br>Matko d.o.o.<br>Z. Frankopanska 6<br>21000 Split<br><br><\/p><h2 class=\"wp-block-heading\">Bulg\u0101rija:<\/h2><p><br>BIONA Bulg\u0101rija Ltd<br>Bul. Skobelevs 2, et. 2, ap. 12<br>1463 Sofija<\/p><p><br><\/p><h2 class=\"wp-block-heading\">Norv\u0113\u0123ija:<\/h2><p><br>Madal Bal<br>Postbox 5827 Majorstua<br>0308 Oslo<br><br><\/p><h2 class=\"wp-block-heading\">ASV:<\/h2><p class=\"link\"><br><a href=\"http:\/\/www.neerasupercleanse.com\/\">www.neerasupercleanse.com<\/a><br><br><\/p><h2 class=\"wp-block-heading\">Austr\u0101lija:<\/h2><p class=\"link\"><br><a href=\"https:\/\/www.lemondetox.com.au\/\">www.lemondetox.com.au<\/a><br><br><\/p><h2 class=\"wp-block-heading\">Meksika:<\/h2><p class=\"link\"><br><a href=\"http:\/\/www.siropedesavia.com\/\">www.siropedesavia.com<\/a><br><br><\/p><h2 class=\"wp-block-heading\">Argent\u012bna:<\/h2><p class=\"link\"><br><a href=\"http:\/\/www.saviavital.com.ar\/\">www.saviavital.com.ar<\/a><br><br><\/p><h2 class=\"wp-block-heading\">Singap\u016bra:<\/h2><p><br>Dz\u012bvojiet ilg\u0101k un vesel\u012bg\u0101k bez medikamentiem!<br><br><\/p><h2 class=\"wp-block-heading\">Honkonga:<\/h2><p class=\"link\"><br><a href=\"http:\/\/www.neeradrink.com.cn\/\">www.neeradrink.com.cn<\/a><br><br><\/p><h2 class=\"wp-block-heading\">Guangdong, \u0136\u012bna:<\/h2><p class=\"link\"><br><a href=\"http:\/\/www.neeradrink.com.cn\/\">www.neeradrink.com.cn<\/a><br><br><\/p>","protected":false},"excerpt":{"rendered":"<p>M\u016bs\u0173 kontaktai: Vilde tee 112-42, 12915 Tallinn, Harjumaa, Eesti Clearer O\u00dcReg nr : 11388881 TEL. +372 55552265 neera.ee Ra\u017eot\u0101ju: Puris AG &#8211; Industriestrasse 3, 6345 Neiheima, \u0160veice M\u016bsu produkts ir pieejams ar\u012b fizisk\u0101s tirdzniec\u012bbas viet\u0101s: 1. Tallina Iluresidents ilusalong (Hind 51EUR, sularaha)Aadress: Koidula17\/Poska 45 KadriorgT\u0100LR. 6 444 003Mob. 56674149 www.beautyresidence.com Kati Mesila, N\u00f5mme piirkond(Hind 51EUR, [&hellip;]<\/p>\n","protected":false},"author":1,"featured_media":0,"parent":0,"menu_order":0,"comment_status":"closed","ping_status":"closed","template":"","meta":{"_acf_changed":false,"inline_featured_image":false,"footnotes":""},"class_list":["post-62","page","type-page","status-publish","hentry"],"acf":[],"yoast_head":"<!-- This site is optimized with the Yoast SEO plugin v24.6 - https:\/\/yoast.com\/wordpress\/plugins\/seo\/ -->\n<title>Kontakti - Neera - Att\u012bro\u0161s s\u012brups<\/title>\n<meta name=\"robots\" content=\"index, follow, max-snippet:-1, max-image-preview:large, max-video-preview:-1\" \/>\n<link rel=\"canonical\" href=\"https:\/\/neera.ee\/lv\/contacts\/\" \/>\n<meta property=\"og:locale\" content=\"lv_LV\" \/>\n<meta property=\"og:type\" content=\"article\" \/>\n<meta property=\"og:title\" content=\"Kontakti - Neera - Att\u012bro\u0161s s\u012brups\" \/>\n<meta property=\"og:description\" content=\"M\u016bs\u0173 kontaktai: Vilde tee 112-42, 12915 Tallinn, Harjumaa, Eesti Clearer O\u00dcReg nr : 11388881 TEL. +372 55552265 neera.ee Ra\u017eot\u0101ju: Puris AG &#8211; Industriestrasse 3, 6345 Neiheima, \u0160veice M\u016bsu produkts ir pieejams ar\u012b fizisk\u0101s tirdzniec\u012bbas viet\u0101s: 1. Tallina Iluresidents ilusalong (Hind 51EUR, sularaha)Aadress: Koidula17\/Poska 45 KadriorgT\u0100LR. 6 444 003Mob. 56674149 www.beautyresidence.com Kati Mesila, N\u00f5mme piirkond(Hind 51EUR, [&hellip;]\" \/>\n<meta property=\"og:url\" content=\"https:\/\/neera.ee\/lv\/contacts\/\" \/>\n<meta property=\"og:site_name\" content=\"Neera - Att\u012bro\u0161s s\u012brups\" \/>\n<meta property=\"article:modified_time\" content=\"2025-05-07T14:44:38+00:00\" \/>\n<meta name=\"twitter:card\" content=\"summary_large_image\" \/>\n<meta name=\"twitter:label1\" content=\"Est. reading time\" \/>\n\t<meta name=\"twitter:data1\" content=\"2 min\u016btes\" \/>\n<script type=\"application\/ld+json\" class=\"yoast-schema-graph\">{\"@context\":\"https:\/\/schema.org\",\"@graph\":[{\"@type\":\"WebPage\",\"@id\":\"https:\/\/neera.ee\/lv\/contacts\/\",\"url\":\"https:\/\/neera.ee\/lv\/contacts\/\",\"name\":\"Kontakti - Neera - Att\u012bro\u0161s s\u012brups\",\"isPartOf\":{\"@id\":\"https:\/\/neera-shop.ru\/lv\/#website\"},\"datePublished\":\"2024-08-28T23:22:45+00:00\",\"dateModified\":\"2025-05-07T14:44:38+00:00\",\"breadcrumb\":{\"@id\":\"https:\/\/neera.ee\/lv\/contacts\/#breadcrumb\"},\"inLanguage\":\"lv-LV\",\"potentialAction\":[{\"@type\":\"ReadAction\",\"target\":[\"https:\/\/neera.ee\/lv\/contacts\/\"]}]},{\"@type\":\"BreadcrumbList\",\"@id\":\"https:\/\/neera.ee\/lv\/contacts\/#breadcrumb\",\"itemListElement\":[{\"@type\":\"ListItem\",\"position\":1,\"name\":\"Home\",\"item\":\"https:\/\/neera.ee\/lv\/\"},{\"@type\":\"ListItem\",\"position\":2,\"name\":\"Kontakti\"}]},{\"@type\":\"WebSite\",\"@id\":\"https:\/\/neera-shop.ru\/lv\/#website\",\"url\":\"https:\/\/neera-shop.ru\/lv\/\",\"name\":\"Neera - Att\u012bro\u0161s s\u012brups\",\"description\":\"Neera Natural Madal Bal s\u012brups - \u012bpa\u0161s k\u013cavu s\u012brupa un palmu s\u012brupa mais\u012bjums, kas kalpo par pamatu j\u016bsu Master Cleanse di\u0113tas ce\u013cojumam.\",\"potentialAction\":[{\"@type\":\"SearchAction\",\"target\":{\"@type\":\"EntryPoint\",\"urlTemplate\":\"https:\/\/neera-shop.ru\/lv\/?s={search_term_string}\"},\"query-input\":{\"@type\":\"PropertyValueSpecification\",\"valueRequired\":true,\"valueName\":\"search_term_string\"}}],\"inLanguage\":\"lv-LV\"}]}<\/script>\n<!-- \/ Yoast SEO plugin. -->","yoast_head_json":{"title":"Kontakti - Neera - Att\u012bro\u0161s s\u012brups","robots":{"index":"index","follow":"follow","max-snippet":"max-snippet:-1","max-image-preview":"max-image-preview:large","max-video-preview":"max-video-preview:-1"},"canonical":"https:\/\/neera.ee\/lv\/contacts\/","og_locale":"lv_LV","og_type":"article","og_title":"Kontakti - Neera - Att\u012bro\u0161s s\u012brups","og_description":"M\u016bs\u0173 kontaktai: Vilde tee 112-42, 12915 Tallinn, Harjumaa, Eesti Clearer O\u00dcReg nr : 11388881 TEL. +372 55552265 neera.ee Ra\u017eot\u0101ju: Puris AG &#8211; Industriestrasse 3, 6345 Neiheima, \u0160veice M\u016bsu produkts ir pieejams ar\u012b fizisk\u0101s tirdzniec\u012bbas viet\u0101s: 1. Tallina Iluresidents ilusalong (Hind 51EUR, sularaha)Aadress: Koidula17\/Poska 45 KadriorgT\u0100LR. 6 444 003Mob. 56674149 www.beautyresidence.com Kati Mesila, N\u00f5mme piirkond(Hind 51EUR, [&hellip;]","og_url":"https:\/\/neera.ee\/lv\/contacts\/","og_site_name":"Neera - Att\u012bro\u0161s s\u012brups","article_modified_time":"2025-05-07T14:44:38+00:00","twitter_card":"summary_large_image","twitter_misc":{"Est. reading time":"2 min\u016btes"},"schema":{"@context":"https:\/\/schema.org","@graph":[{"@type":"WebPage","@id":"https:\/\/neera.ee\/lv\/contacts\/","url":"https:\/\/neera.ee\/lv\/contacts\/","name":"Kontakti - Neera - Att\u012bro\u0161s s\u012brups","isPartOf":{"@id":"https:\/\/neera-shop.ru\/lv\/#website"},"datePublished":"2024-08-28T23:22:45+00:00","dateModified":"2025-05-07T14:44:38+00:00","breadcrumb":{"@id":"https:\/\/neera.ee\/lv\/contacts\/#breadcrumb"},"inLanguage":"lv-LV","potentialAction":[{"@type":"ReadAction","target":["https:\/\/neera.ee\/lv\/contacts\/"]}]},{"@type":"BreadcrumbList","@id":"https:\/\/neera.ee\/lv\/contacts\/#breadcrumb","itemListElement":[{"@type":"ListItem","position":1,"name":"Home","item":"https:\/\/neera.ee\/lv\/"},{"@type":"ListItem","position":2,"name":"Kontakti"}]},{"@type":"WebSite","@id":"https:\/\/neera-shop.ru\/lv\/#website","url":"https:\/\/neera-shop.ru\/lv\/","name":"Neera - Att\u012bro\u0161s s\u012brups","description":"Neera Natural Madal Bal s\u012brups - \u012bpa\u0161s k\u013cavu s\u012brupa un palmu s\u012brupa mais\u012bjums, kas kalpo par pamatu j\u016bsu Master Cleanse di\u0113tas ce\u013cojumam.","potentialAction":[{"@type":"SearchAction","target":{"@type":"EntryPoint","urlTemplate":"https:\/\/neera-shop.ru\/lv\/?s={search_term_string}"},"query-input":{"@type":"PropertyValueSpecification","valueRequired":true,"valueName":"search_term_string"}}],"inLanguage":"lv-LV"}]}},"_links":{"self":[{"href":"https:\/\/neera.ee\/lv\/wp-json\/wp\/v2\/pages\/62","targetHints":{"allow":["GET"]}}],"collection":[{"href":"https:\/\/neera.ee\/lv\/wp-json\/wp\/v2\/pages"}],"about":[{"href":"https:\/\/neera.ee\/lv\/wp-json\/wp\/v2\/types\/page"}],"author":[{"embeddable":true,"href":"https:\/\/neera.ee\/lv\/wp-json\/wp\/v2\/users\/1"}],"replies":[{"embeddable":true,"href":"https:\/\/neera.ee\/lv\/wp-json\/wp\/v2\/comments?post=62"}],"version-history":[{"count":14,"href":"https:\/\/neera.ee\/lv\/wp-json\/wp\/v2\/pages\/62\/revisions"}],"predecessor-version":[{"id":641,"href":"https:\/\/neera.ee\/lv\/wp-json\/wp\/v2\/pages\/62\/revisions\/641"}],"wp:attachment":[{"href":"https:\/\/neera.ee\/lv\/wp-json\/wp\/v2\/media?parent=62"}],"curies":[{"name":"wp","href":"https:\/\/api.w.org\/{rel}","templated":true}]}}