{"id":60,"date":"2024-08-29T02:22:19","date_gmt":"2024-08-28T23:22:19","guid":{"rendered":"https:\/\/neera-shop.ru\/lv\/?page_id=60"},"modified":"2025-04-28T14:55:01","modified_gmt":"2025-04-28T11:55:01","slug":"terms-of-use","status":"publish","type":"page","link":"https:\/\/neera.ee\/lv\/terms-of-use\/","title":{"rendered":"Lieto\u0161anas noteikumi"},"content":{"rendered":"<h1 class=\"wp-block-heading has-text-align-center tw-mb-16 NB tw-text-center tw-w-full\">Lieto\u0161anas noteikumi<\/h1><p>L\u016bdzu, uzman\u012bgi izlasiet t\u0101l\u0101k aprakst\u012btos noteikumus, jo tie ir p\u0101rdo\u0161anas l\u012bgums starp jums un individu\u0101lo uz\u0146\u0113mumu &#8220;Clearer OU&#8221; (Reg nr : 11388881), kas ir vietnes \u012bpa\u0161nieks www.neera.ee.<br><br>Pie\u0146emot \u0161os noteikumus, j\u016bs ieg\u016bstat noteiktas ties\u012bbas un pien\u0101kumus saska\u0146\u0101 ar zem\u0101k uzskait\u012btajiem noteikumiem. \u0160is Lietot\u0101ja l\u012bgums nosaka un regul\u0113 attiec\u012bbas starp individu\u0101lo uz\u0146\u0113m\u0113ju &#8220;Clearer OU&#8221;, turpm\u0101k sauktu par p\u0101rdev\u0113ju, un jebkuru klientu, kur\u0161 v\u0113las izmantot pied\u0101v\u0101tos pakalpojumus, turpm\u0101k sauktu par Pirc\u0113ju.<br><br>Pirc\u0113js izsaka piekri\u0161anu lietot\u0101ja l\u012bgumam, elektronisk\u0101 pieteikuma veidlap\u0101 atz\u012bm\u0113jot izv\u0113les r\u016bti\u0146u &#8220;es piekr\u012btu lietot\u0101ja l\u012bgumam&#8221; un noklik\u0161\u0137inot uz atbilsto\u0161\u0101s virtu\u0101l\u0101s pogas. Nos\u016btot \u0161o pieteikumu, pirc\u0113js apstiprina, ka piekr\u012bt Lietot\u0101ja l\u012bguma noteikumiem, bez ierun\u0101m tos pie\u0146em un ap\u0146emas tos iev\u0113rot.<br><br>Individu\u0101lais komersants &#8220;Clearer OU&#8221; patur ties\u012bbas jebkur\u0101 laik\u0101 veikt izmai\u0146as un\/vai papildin\u0101jumus \u0161\u012b lietot\u0101ja l\u012bguma noteikumos; visas izmai\u0146as tiks public\u0113tas \u0161aj\u0101 t\u012bmek\u013ca vietn\u0113.<br><br><\/p><h2 class=\"wp-block-heading\">Termini un defin\u012bcijas:<\/h2><p><br>Interpret\u0113jot un piem\u0113rojot \u0161\u012b lietot\u0101ja l\u012bguma nosac\u012bjumus \u0161\u0101diem terminiem un defin\u012bcij\u0101m j\u0101b\u016bt \u0161\u0101d\u0101m noz\u012bm\u0113m:<br><br><\/p><ol class=\"wp-block-list tw-list-decimal tw-pl-6 list-li-gap-2\"><li class=\"tw-mb-2\">neera.ee : e-komercijas vietne, virtu\u0101ls inform\u0101cijas resurss internet\u0101, lai p\u0101rdotu, pas\u016bt\u012btu un pieg\u0101d\u0101tu taj\u0101 pied\u0101v\u0101t\u0101s preces.<\/li>\n\n<li class=\"tw-mb-2\">Lai ieg\u016btu ties\u012bbas veikt der\u012bgus pas\u016bt\u012bjumus, lai ieg\u0101d\u0101tos vietn\u0113 pied\u0101v\u0101t\u0101s preces, pirc\u0113jam ir pien\u0101c\u012bgi j\u0101aizpilda vietn\u0113 ievietot\u0101 elektronisk\u0101 re\u0123istr\u0101cijas veidlapa neera.ee. un apstipriniet savu piekri\u0161anu \u0161\u012b lietot\u0101ja l\u012bguma noteikumiem, atz\u012bm\u0113jot izv\u0113les r\u016bti\u0146u &#8220;piekr\u012btu lietot\u0101ja l\u012bguma noteikumiem&#8221; un noklik\u0161\u0137inot uz atbilsto\u0161\u0101s virtu\u0101l\u0101s pogas.<\/li>\n\n<li class=\"tw-mb-2\">Katram atsevi\u0161\u0137am Pirkuma pas\u016bt\u012bjumam starp Pirc\u0113ju un P\u0101rdev\u0113ju tiek nosl\u0113gts atsevi\u0161\u0137s l\u012bgums, pamatojoties uz \u0161o lietot\u0101ja l\u012bgumu. Visas pu\u0161u ties\u012bbas un pien\u0101kumi saska\u0146\u0101 ar \u0161o lietot\u0101ja l\u012bgumu katram l\u012bgumam rodas atsevi\u0161\u0137i.<\/li>\n\n<li class=\"tw-mb-2\">Detaliz\u0113ts pied\u0101v\u0101to pre\u010du apraksts neera.ee. ievietots vietn\u0113.<\/li>\n\n<li class=\"tw-mb-2\">Vietn\u0113 public\u0113to pre\u010du apraksts un cena neera.ee. ir publisks pied\u0101v\u0101jums saska\u0146\u0101 ar Igaunijas Civilkodeksu<\/li>\n\n<li class=\"tw-mb-2\">Preces ieg\u0101de m\u0101jas lap\u0101 neera.ee tiek uzskat\u012bts, ka tas ir apstiprin\u0101ts p\u0113c pogas &#8220;Noform\u0113t pas\u016bt\u012bjumu&#8221; nospie\u0161anas; no \u0161\u012b br\u012b\u017ea pirkuma l\u012bgums starp Pus\u0113m tiek uzskat\u012bts par nosl\u0113gtu.<\/li>\n\n<li class=\"tw-mb-2\">Ja nor\u0113\u0137in\u0101\u0161an\u0101s laik\u0101 nor\u0101d\u012bt\u0101 adrese un \/ vai t\u0101lru\u0146a numurs ir nepareizi nor\u0101d\u012bts, p\u0101rdev\u0113ja pien\u0101kums nosl\u0113gt l\u012bgumu ar Pirc\u0113ju un izpild\u012bt pas\u016bt\u012bjumu netiek uzskat\u012bts par radu\u0161os.<\/li>\n\n<li class=\"tw-mb-2\">Pre\u010du pieg\u0101des cenas un nosac\u012bjumi ir nor\u0101d\u012bti m\u0101jas lap\u0101 neera.ee.<\/li>\n\n<li class=\"tw-mb-2\">Preces izmaksas un ar to saist\u012bt\u0101s pieg\u0101des izmaksas var apmaks\u0101t skaidr\u0101 naud\u0101, kad pirc\u0113js vai tre\u0161\u0101 persona Preces sa\u0146em pirc\u0113ja v\u0101rd\u0101.<\/li><\/ol><p><br><\/p><h2 class=\"wp-block-heading\">P\u0101rdev\u0113ja ties\u012bbas un pien\u0101kumi:<br><br><\/h2><ol class=\"wp-block-list tw-list-decimal tw-pl-6 list-li-gap-2\"><li class=\"tw-mb-2\">Main\u012bt cenas, maks\u0101jumu un pieg\u0101des metodes<\/li>\n\n<li class=\"tw-mb-2\">Nodot pas\u016bt\u012bt\u0101s preces pirc\u0113ja \u012bpa\u0161um\u0101.<\/li>\n\n<li class=\"tw-mb-2\">Savlaic\u012bgi pieg\u0101d\u0101t Pirc\u0113ja pas\u016bt\u012bt\u0101s preces.<\/li>\n\n<li class=\"tw-mb-2\">Nodro\u0161in\u0101t savu saist\u012bbu izpildi.<\/li><\/ol><h2 class=\"wp-block-heading\"><br>Pirc\u0113ja ties\u012bbas un pien\u0101kumi:<br><br><\/h2><ol class=\"wp-block-list tw-list-decimal tw-pl-6 list-li-gap-2\"><li class=\"tw-mb-2\">Nor\u0101diet pilnu un der\u012bgu pieg\u0101des adresi un t\u0101lru\u0146a numuru.<\/li>\n\n<li class=\"tw-mb-2\">Apmaks\u0101t preci.<\/li>\n\n<li class=\"tw-mb-2\">Segt pieg\u0101des izmaksas, ja t\u0101das ir.<\/li>\n\n<li class=\"tw-mb-2\">Nodro\u0161in\u0101t, ka P\u0101rdev\u0113js var nodot preci Pirc\u0113jam.<\/li>\n\n<li class=\"tw-mb-2\">Pie\u0146emt preces.<\/li>\n\n<li class=\"tw-mb-2\">Nesniedziet nepatiesus pas\u016bt\u012bjumus vai inform\u0101ciju.<\/li>\n\n<li class=\"tw-mb-2\">iev\u0113rot Igaunijas likumus, citu valstu piem\u0113rojamos likumus, \u0161o Lietot\u0101ja l\u012bgumu, interneta eti\u0137eti, mor\u0101les principus un \u0113tisk\u0101s uzved\u012bbas normas.<\/li>\n\n<li class=\"tw-mb-2\">Nep\u0101rk\u0101pt citu personu mantisk\u0101s un mantisk\u0101s ties\u012bbas.<\/li><\/ol><p><br>Pas\u016bt\u012bt\u0101 prece tiek pieg\u0101d\u0101ta pirc\u0113jam vietn\u0113 nor\u0101d\u012btaj\u0101 termi\u0146\u0101 neera.ee; pieg\u0101des laiks s\u0101kas no l\u012bguma nosl\u0113g\u0161anas br\u012b\u017ea.<br><br>Preces tiek pieg\u0101d\u0101tas iepakojum\u0101, kas atbilst to tipam un transport\u0113\u0161anas metodei. P\u0101rdev\u0113js pieliek p\u016bles, lai p\u0113c iesp\u0113jas \u0101tr\u0101k nos\u016bt\u012btu preces.<\/p><h2 class=\"wp-block-heading\"><br>Pre\u010du nodo\u0161ana:<br><br><\/h2><ol class=\"wp-block-list tw-list-decimal tw-pl-6 list-li-gap-2\"><li class=\"tw-mb-2\">Prece tiek nodota pirc\u0113jam vai tre\u0161ajai personai, kas pie\u0146em preci un apstiprina t\u0101s sa\u0146em\u0161anu pirc\u0113ja v\u0101rd\u0101.<\/li>\n\n<li class=\"tw-mb-2\">\u0160\u0101 lietot\u0101ja l\u012bguma 9.punkt\u0101 min\u0113tajos gad\u012bjumos prece tiek nodota pirc\u0113jam vai tre\u0161ajai personai, saska\u0146\u0101 ar 14.1. punktu, p\u0113c pas\u016bt\u012bjuma apmaksas un pieg\u0101des izdevumiem; \u0161aj\u0101 gad\u012bjum\u0101, p\u0101rskaitot, j\u0101paraksta pavaddokumenti.<\/li><\/ol><p><br>Ja pirc\u0113js atsak\u0101s pie\u0146emt pas\u016bt\u012bjumu, iz\u0146emot gad\u012bjumus, kas aprakst\u012bti 16.punkt\u0101, atteikums tiek uzskat\u012bts par nepamatotu, un Pirc\u0113jam ir pien\u0101kums samaks\u0101t par preces pieg\u0101di un atgrie\u0161anu, k\u0101 ar\u012b atl\u012bdzin\u0101t P\u0101rdev\u0113jam zaud\u0113jumus un zaud\u0113tos ieguvumus, tostarp visas papildu izmaksas, kas p\u0101rsniedz pieg\u0101des un atgrie\u0161anas izmaksas atteikuma d\u0113\u013c.<br><br>Pirc\u0113jam ir ties\u012bbas atteikties no pas\u016bt\u012bt\u0101s (pirkumam piepras\u012bt\u0101s) preces pie\u0146em\u0161anas pieg\u0101des br\u012bd\u012b, ja ir izpild\u012bts k\u0101ds no \u0161iem nosac\u012bjumiem:<br><br><\/p><ol class=\"wp-block-list tw-list-decimal tw-pl-6 list-li-gap-2\"><li class=\"tw-mb-2\">Pieg\u0101d\u0101t\u0101 prece nep\u0101rprotami neatbilst pirc\u0113ja pas\u016bt\u012btajam, ko var noteikt, veicot standarta p\u0101rbaudi.<\/li>\n\n<li class=\"tw-mb-2\">Transport\u0113\u0161anas laik\u0101 prece vai t\u0101s iepakojums tika boj\u0101ts.<\/li>\n\n<li class=\"tw-mb-2\">Cena, kas j\u0101maks\u0101 pirc\u0113jam, neatbilst cenai, kas nor\u0101d\u012bta, veicot pirkuma pas\u016bt\u012bjumu.<\/li>\n\n<li class=\"tw-mb-2\">Pieg\u0101des termi\u0146\u0161 netika iev\u0113rots.<\/li><\/ol><p><br>P\u0113c pavaddokumentu parakst\u012b\u0161anas atteik\u0161an\u0101s pie\u0146emt preci ar iepriek\u0161\u0113j\u0101 punkt\u0101 min\u0113tajiem nosac\u012bjumiem nav at\u013cauta.<br><br>Pirc\u0113jam ir ties\u012bbas izbeigt nosl\u0113gto l\u012bgumu 7 (septi\u0146u) dienu laik\u0101 p\u0113c preces sa\u0146em\u0161anas, neprasot kompens\u0101ciju. \u0160aj\u0101 gad\u012bjum\u0101 pirc\u0113jam ir pien\u0101kums atgriezt preci ori\u0123in\u0101l\u0101, neatv\u0113rt\u0101 iepakojum\u0101, saglab\u0101jot integrit\u0101ti.<\/p><h2 class=\"wp-block-heading\"><br>Pre\u010du atgrie\u0161ana:<br><br><\/h2><p>Pirc\u0113jam ir ties\u012bbas atgriezt preces 14 dienu laik\u0101 no pre\u010du sa\u0146em\u0161anas datuma. Lai atgrieztu preces, t\u0101m j\u0101b\u016bt neatv\u0113rt\u0101m, ori\u0123in\u0101laj\u0101 iepakojum\u0101 un pievienotam ori\u0123in\u0101lajam \u010dekam vai pirkuma apliecin\u0101jumam.<br><br>Lai uzs\u0101ktu atgrie\u0161anas procesu, Pirc\u0113jam j\u0101sazin\u0101s ar P\u0101rdev\u0113ja klientu atbalsta dienestu pa adresi <a href=\"mailto:info@neera.ee\" target=\"_blank\" rel=\"noreferrer noopener\">info@neera.ee<\/a>. P\u0113c atgrie\u0161anas apstiprin\u0101\u0161anas Pirc\u0113js sa\u0146ems nor\u0101d\u012bjumus, k\u0101 nos\u016bt\u012bt preces atpaka\u013c P\u0101rdev\u0113jam.<br><br>P\u0113c atgriezto pre\u010du sa\u0146em\u0161anas un p\u0101rbaudes P\u0101rdev\u0113js pazi\u0146os Pirc\u0113jam par atmaksas statusu. Ja atgrie\u0161ana tiks apstiprin\u0101ta, atmaksa tiks apstr\u0101d\u0101ta uz Pirc\u0113ja s\u0101kotn\u0113jo maks\u0101juma veidu da\u017eu dienu laik\u0101.<br><br>Ja Pirc\u0113js v\u0113las apmain\u012bt preces, vi\u0146am j\u0101sazin\u0101s ar P\u0101rdev\u0113ju pa adresi <a href=\"mailto:info@neera.ee\" target=\"_blank\" rel=\"noreferrer noopener\">info@neera.ee<\/a>. Apmai\u0146a tiek veikta atkar\u012bb\u0101 no pieejam\u012bbas.<br><br>Ja rodas jaut\u0101jumi par pre\u010du atgrie\u0161anu vai apmai\u0146u, Pirc\u0113js var sazin\u0101ties ar P\u0101rdev\u0113ja klientu atbalsta dienestu.<\/p><h2 class=\"wp-block-heading\"><br>Priv\u0101tuma politika un noteikumi:<br><br><\/h2><ol class=\"wp-block-list tw-list-decimal tw-pl-6 list-li-gap-2\"><li class=\"tw-mb-2\">P\u0101rdev\u0113js ap\u0146emas veikt nepiecie\u0161amos pas\u0101kumus, lai aizsarg\u0101tu Pirc\u0113ja Personas Datus, kas k\u013cuvu\u0161i zin\u0101mi, aizpildot elektronisko pas\u016bt\u012bjuma veidlapu, izmantojot t\u012bmek\u013ca vietni. \u0160\u012b saist\u012bba nav sp\u0113k\u0101, ja pirc\u0113js ir sniedzis nepareizu inform\u0101ciju.<\/li>\n\n<li class=\"tw-mb-2\">Saska\u0146\u0101 ar sp\u0113k\u0101 eso\u0161ajiem ties\u012bbu aktiem un \u0161\u012b lietot\u0101ja l\u012bguma noteikumiem P\u0101rdev\u0113jam ir ties\u012bbas izmantot Pirc\u0113ja Personas Datus tikai L\u012bgum\u0101 paredz\u0113tajiem m\u0113r\u0137iem.<\/li>\n\n<li class=\"tw-mb-2\">P\u0101rdev\u0113jam ir ties\u012bbas izmantot pirc\u0113ja personas datus, lai sniegtu preces un\/vai pakalpojumus pirc\u0113jam, lai veiktu Akcijas, nos\u016bt\u012btu apsveikuma zi\u0146ojumus, izloz\u0113tu balvas, piepras\u012bjumus, statistikas un citus likum\u012bgus m\u0113r\u0137us, iz\u0146emot gad\u012bjumus, kad Pirc\u0113js skaidri pau\u017e domstarp\u012bbas, nos\u016btot e-pastu uz \u0161\u0101du adresi: <a href=\"mailto:info@neera.ee\">info@neera.ee<\/a><\/li>\n\n<li class=\"tw-mb-2\">19.3.punkt\u0101 min\u0113to iesp\u0113jamo personas datu izmanto\u0161anas veidu saraksts p\u0101rdev\u0113jam nav izsme\u013co\u0161s vai oblig\u0101ts. Jebkuriem citiem m\u0113r\u0137iem, kuriem var izmantot personas datus, ir j\u0101atbilst sp\u0113k\u0101 eso\u0161ajiem ties\u012bbu aktiem.<\/li><\/ol><p><br>P\u0101rdev\u0113js ap\u0146emas neizpaust pirc\u0113ja pas\u016bt\u012bjuma noform\u0113\u0161anas laik\u0101 ieg\u016btos personas datus tre\u0161aj\u0101m person\u0101m-valsts iest\u0101d\u0113m, tirdzniec\u012bbas organiz\u0101cij\u0101m, priv\u0101tperson\u0101m vai cit\u0101m person\u0101m, iz\u0146emot \u0161\u0101dus gad\u012bjumus:<br><br><\/p><ol class=\"wp-block-list tw-list-decimal tw-pl-6 list-li-gap-2\"><li class=\"tw-mb-2\">Pirc\u0113js deva skaidru piekri\u0161anu.<\/li>\n\n<li class=\"tw-mb-2\">Inform\u0101ciju pieprasa valsts iest\u0101de vai amatpersona, kurai ir likum\u012bgas ties\u012bbas piepras\u012bt un v\u0101kt \u0161\u0101du inform\u0101ciju.<\/li>\n\n<li class=\"tw-mb-2\">Likums pieprasa, lai P\u0101rdev\u0113js sniedz datus tre\u0161aj\u0101m person\u0101m.<\/li><\/ol><p><br>P\u0101rdev\u0113js nav atbild\u012bgs par saist\u012bbu nepild\u012b\u0161anu saska\u0146\u0101 ar \u0161o L\u012bgumu, ja rodas nep\u0101rvaramas varas apst\u0101k\u013ci, gad\u012bjuma rakstura negad\u012bjumi, probl\u0113mas ar glob\u0101lo interneta t\u012bklu un pakalpojumu snieg\u0161ana, kas nav atkar\u012bga no p\u0101rdev\u0113ja.<br><br>Rakstiska sazi\u0146as forma starp Pus\u0113m tiek uzskat\u012bta par atbilsto\u0161u, nos\u016btot e-pastus, noklik\u0161\u0137inot uz pogas vietn\u0113, kur\u0101 ir pirc\u0113ja aizpild\u012bta inform\u0101cija, vai atz\u012bm\u0113jot atbilsto\u0161o izv\u0113les r\u016bti\u0146u neera.ee. un l\u012bdz\u012bgas darb\u012bbas, jo pirc\u0113ja griba tiek ierakst\u012bta t\u0101d\u0101 veid\u0101, ka to var tehniski reproduc\u0113t.<br><br>\u0160\u012b lietot\u0101ja l\u012bguma puses pazi\u0146o, ka jebkura l\u012bguma noteikuma sp\u0113k\u0101 neesam\u012bba nenoz\u012bm\u0113 l\u012bguma visp\u0101r\u0113ju, citu t\u0101 noteikumu vai da\u013cu sp\u0113k\u0101 neesam\u012bbu. Sp\u0113k\u0101 neeso\u0161s klauzula j\u0101aizst\u0101j saska\u0146\u0101 ar piem\u0113rojamiem ties\u012bbu aktiem vai pa\u0161reiz\u0113jo praksi.<br><br>Ja pirc\u0113jam ir k\u0101di jaut\u0101jumi vai pretenzijas, vi\u0146am j\u0101sazin\u0101s ar p\u0101rdev\u0113ja klientu apkalpo\u0161anas noda\u013cu pa t\u0101lruni +372 55552265 (Igaunija) vai izmantojot Atsauksmes veidlapu m\u0101jas lap\u0101. Puses cen\u0161as visus str\u012bdus atrisin\u0101t sarunu ce\u013c\u0101; ja vieno\u0161an\u0101s netiek pan\u0101kta, str\u012bdu nodod izskat\u012b\u0161anai ties\u0101 saska\u0146\u0101 ar piem\u0113rojamiem Igaunijas ties\u012bbu aktiem.<br><br>Visus jaut\u0101jumus, kas nav atrisin\u0101ti \u0161aj\u0101 lietot\u0101ja l\u012bgum\u0101, reglament\u0113 sp\u0113k\u0101 eso\u0161ie ties\u012bbu akti.<br><br>M\u0101jas lapa neera.ee satur saites uz cit\u0101m vietn\u0113m. T\u0101 k\u0101 p\u0101rdev\u0113js nekontrol\u0113 \u0161\u012bs vietnes, vi\u0146\u0161 nav atbild\u012bgs par to saturu vai darba praksi.<br><br>Vietn\u0113 pied\u0101v\u0101tie produkti neera.ee. nav z\u0101les, un t\u0101s nedr\u012bkst izmantot k\u0101 t\u0101das. P\u0101rdev\u0113js nav atbild\u012bgs par produktu k\u0101 z\u0101\u013cu lieto\u0161anu.<\/p>","protected":false},"excerpt":{"rendered":"<p>Lieto\u0161anas noteikumi L\u016bdzu, uzman\u012bgi izlasiet t\u0101l\u0101k aprakst\u012btos noteikumus, jo tie ir p\u0101rdo\u0161anas l\u012bgums starp jums un individu\u0101lo uz\u0146\u0113mumu &#8220;Clearer OU&#8221; (Reg nr : 11388881), kas ir vietnes \u012bpa\u0161nieks www.neera.ee. Pie\u0146emot \u0161os noteikumus, j\u016bs ieg\u016bstat noteiktas ties\u012bbas un pien\u0101kumus saska\u0146\u0101 ar zem\u0101k uzskait\u012btajiem noteikumiem. \u0160is Lietot\u0101ja l\u012bgums nosaka un regul\u0113 attiec\u012bbas starp individu\u0101lo uz\u0146\u0113m\u0113ju &#8220;Clearer OU&#8221;, [&hellip;]<\/p>\n","protected":false},"author":1,"featured_media":0,"parent":0,"menu_order":0,"comment_status":"closed","ping_status":"closed","template":"","meta":{"_acf_changed":false,"inline_featured_image":false,"footnotes":""},"class_list":["post-60","page","type-page","status-publish","hentry"],"acf":[],"yoast_head":"<!-- This site is optimized with the Yoast SEO plugin v24.6 - https:\/\/yoast.com\/wordpress\/plugins\/seo\/ -->\n<title>Lieto\u0161anas noteikumi - Neera - Att\u012bro\u0161s s\u012brups<\/title>\n<meta name=\"robots\" content=\"index, follow, max-snippet:-1, max-image-preview:large, max-video-preview:-1\" \/>\n<link rel=\"canonical\" href=\"https:\/\/neera.ee\/lv\/terms-of-use\/\" \/>\n<meta property=\"og:locale\" content=\"lv_LV\" \/>\n<meta property=\"og:type\" content=\"article\" \/>\n<meta property=\"og:title\" content=\"Lieto\u0161anas noteikumi - Neera - Att\u012bro\u0161s s\u012brups\" \/>\n<meta property=\"og:description\" content=\"Lieto\u0161anas noteikumi L\u016bdzu, uzman\u012bgi izlasiet t\u0101l\u0101k aprakst\u012btos noteikumus, jo tie ir p\u0101rdo\u0161anas l\u012bgums starp jums un individu\u0101lo uz\u0146\u0113mumu &#8220;Clearer OU&#8221; (Reg nr : 11388881), kas ir vietnes \u012bpa\u0161nieks www.neera.ee. Pie\u0146emot \u0161os noteikumus, j\u016bs ieg\u016bstat noteiktas ties\u012bbas un pien\u0101kumus saska\u0146\u0101 ar zem\u0101k uzskait\u012btajiem noteikumiem. \u0160is Lietot\u0101ja l\u012bgums nosaka un regul\u0113 attiec\u012bbas starp individu\u0101lo uz\u0146\u0113m\u0113ju &#8220;Clearer OU&#8221;, [&hellip;]\" \/>\n<meta property=\"og:url\" content=\"https:\/\/neera.ee\/lv\/terms-of-use\/\" \/>\n<meta property=\"og:site_name\" content=\"Neera - Att\u012bro\u0161s s\u012brups\" \/>\n<meta property=\"article:modified_time\" content=\"2025-04-28T11:55:01+00:00\" \/>\n<meta name=\"twitter:card\" content=\"summary_large_image\" \/>\n<meta name=\"twitter:label1\" content=\"Est. reading time\" \/>\n\t<meta name=\"twitter:data1\" content=\"7 min\u016btes\" \/>\n<script type=\"application\/ld+json\" class=\"yoast-schema-graph\">{\"@context\":\"https:\/\/schema.org\",\"@graph\":[{\"@type\":\"WebPage\",\"@id\":\"https:\/\/neera.ee\/lv\/terms-of-use\/\",\"url\":\"https:\/\/neera.ee\/lv\/terms-of-use\/\",\"name\":\"Lieto\u0161anas noteikumi - Neera - Att\u012bro\u0161s s\u012brups\",\"isPartOf\":{\"@id\":\"https:\/\/neera-shop.ru\/lv\/#website\"},\"datePublished\":\"2024-08-28T23:22:19+00:00\",\"dateModified\":\"2025-04-28T11:55:01+00:00\",\"breadcrumb\":{\"@id\":\"https:\/\/neera.ee\/lv\/terms-of-use\/#breadcrumb\"},\"inLanguage\":\"lv-LV\",\"potentialAction\":[{\"@type\":\"ReadAction\",\"target\":[\"https:\/\/neera.ee\/lv\/terms-of-use\/\"]}]},{\"@type\":\"BreadcrumbList\",\"@id\":\"https:\/\/neera.ee\/lv\/terms-of-use\/#breadcrumb\",\"itemListElement\":[{\"@type\":\"ListItem\",\"position\":1,\"name\":\"Home\",\"item\":\"https:\/\/neera.ee\/lv\/\"},{\"@type\":\"ListItem\",\"position\":2,\"name\":\"Lieto\u0161anas noteikumi\"}]},{\"@type\":\"WebSite\",\"@id\":\"https:\/\/neera-shop.ru\/lv\/#website\",\"url\":\"https:\/\/neera-shop.ru\/lv\/\",\"name\":\"Neera - Att\u012bro\u0161s s\u012brups\",\"description\":\"Neera Natural Madal Bal s\u012brups - \u012bpa\u0161s k\u013cavu s\u012brupa un palmu s\u012brupa mais\u012bjums, kas kalpo par pamatu j\u016bsu Master Cleanse di\u0113tas ce\u013cojumam.\",\"potentialAction\":[{\"@type\":\"SearchAction\",\"target\":{\"@type\":\"EntryPoint\",\"urlTemplate\":\"https:\/\/neera-shop.ru\/lv\/?s={search_term_string}\"},\"query-input\":{\"@type\":\"PropertyValueSpecification\",\"valueRequired\":true,\"valueName\":\"search_term_string\"}}],\"inLanguage\":\"lv-LV\"}]}<\/script>\n<!-- \/ Yoast SEO plugin. -->","yoast_head_json":{"title":"Lieto\u0161anas noteikumi - Neera - Att\u012bro\u0161s s\u012brups","robots":{"index":"index","follow":"follow","max-snippet":"max-snippet:-1","max-image-preview":"max-image-preview:large","max-video-preview":"max-video-preview:-1"},"canonical":"https:\/\/neera.ee\/lv\/terms-of-use\/","og_locale":"lv_LV","og_type":"article","og_title":"Lieto\u0161anas noteikumi - Neera - Att\u012bro\u0161s s\u012brups","og_description":"Lieto\u0161anas noteikumi L\u016bdzu, uzman\u012bgi izlasiet t\u0101l\u0101k aprakst\u012btos noteikumus, jo tie ir p\u0101rdo\u0161anas l\u012bgums starp jums un individu\u0101lo uz\u0146\u0113mumu &#8220;Clearer OU&#8221; (Reg nr : 11388881), kas ir vietnes \u012bpa\u0161nieks www.neera.ee. Pie\u0146emot \u0161os noteikumus, j\u016bs ieg\u016bstat noteiktas ties\u012bbas un pien\u0101kumus saska\u0146\u0101 ar zem\u0101k uzskait\u012btajiem noteikumiem. \u0160is Lietot\u0101ja l\u012bgums nosaka un regul\u0113 attiec\u012bbas starp individu\u0101lo uz\u0146\u0113m\u0113ju &#8220;Clearer OU&#8221;, [&hellip;]","og_url":"https:\/\/neera.ee\/lv\/terms-of-use\/","og_site_name":"Neera - Att\u012bro\u0161s s\u012brups","article_modified_time":"2025-04-28T11:55:01+00:00","twitter_card":"summary_large_image","twitter_misc":{"Est. reading time":"7 min\u016btes"},"schema":{"@context":"https:\/\/schema.org","@graph":[{"@type":"WebPage","@id":"https:\/\/neera.ee\/lv\/terms-of-use\/","url":"https:\/\/neera.ee\/lv\/terms-of-use\/","name":"Lieto\u0161anas noteikumi - Neera - Att\u012bro\u0161s s\u012brups","isPartOf":{"@id":"https:\/\/neera-shop.ru\/lv\/#website"},"datePublished":"2024-08-28T23:22:19+00:00","dateModified":"2025-04-28T11:55:01+00:00","breadcrumb":{"@id":"https:\/\/neera.ee\/lv\/terms-of-use\/#breadcrumb"},"inLanguage":"lv-LV","potentialAction":[{"@type":"ReadAction","target":["https:\/\/neera.ee\/lv\/terms-of-use\/"]}]},{"@type":"BreadcrumbList","@id":"https:\/\/neera.ee\/lv\/terms-of-use\/#breadcrumb","itemListElement":[{"@type":"ListItem","position":1,"name":"Home","item":"https:\/\/neera.ee\/lv\/"},{"@type":"ListItem","position":2,"name":"Lieto\u0161anas noteikumi"}]},{"@type":"WebSite","@id":"https:\/\/neera-shop.ru\/lv\/#website","url":"https:\/\/neera-shop.ru\/lv\/","name":"Neera - Att\u012bro\u0161s s\u012brups","description":"Neera Natural Madal Bal s\u012brups - \u012bpa\u0161s k\u013cavu s\u012brupa un palmu s\u012brupa mais\u012bjums, kas kalpo par pamatu j\u016bsu Master Cleanse di\u0113tas ce\u013cojumam.","potentialAction":[{"@type":"SearchAction","target":{"@type":"EntryPoint","urlTemplate":"https:\/\/neera-shop.ru\/lv\/?s={search_term_string}"},"query-input":{"@type":"PropertyValueSpecification","valueRequired":true,"valueName":"search_term_string"}}],"inLanguage":"lv-LV"}]}},"_links":{"self":[{"href":"https:\/\/neera.ee\/lv\/wp-json\/wp\/v2\/pages\/60","targetHints":{"allow":["GET"]}}],"collection":[{"href":"https:\/\/neera.ee\/lv\/wp-json\/wp\/v2\/pages"}],"about":[{"href":"https:\/\/neera.ee\/lv\/wp-json\/wp\/v2\/types\/page"}],"author":[{"embeddable":true,"href":"https:\/\/neera.ee\/lv\/wp-json\/wp\/v2\/users\/1"}],"replies":[{"embeddable":true,"href":"https:\/\/neera.ee\/lv\/wp-json\/wp\/v2\/comments?post=60"}],"version-history":[{"count":12,"href":"https:\/\/neera.ee\/lv\/wp-json\/wp\/v2\/pages\/60\/revisions"}],"predecessor-version":[{"id":637,"href":"https:\/\/neera.ee\/lv\/wp-json\/wp\/v2\/pages\/60\/revisions\/637"}],"wp:attachment":[{"href":"https:\/\/neera.ee\/lv\/wp-json\/wp\/v2\/media?parent=60"}],"curies":[{"name":"wp","href":"https:\/\/api.w.org\/{rel}","templated":true}]}}