{"id":534,"date":"2024-12-05T22:44:15","date_gmt":"2024-12-05T19:44:15","guid":{"rendered":"https:\/\/neera-shop.ru\/lt\/?page_id=534"},"modified":"2025-03-14T00:44:38","modified_gmt":"2025-03-13T21:44:38","slug":"duration","status":"publish","type":"page","link":"https:\/\/neera.ee\/lt\/the-program\/duration\/","title":{"rendered":"Programos trukm\u0117"},"content":{"rendered":"<h1 class=\"wp-block-heading has-text-align-center\">Programos trukm\u0117<\/h1><p><br>Valymo dietos NEERA trukm\u0117 labai priklauso nuo J\u016bs\u0173 tiksl\u0173. Stanley Burroughs pataria atlikti kurs\u0105, kurio trukm\u0117 10 dien\u0173, bet kai kurie nor\u0117t\u0173 atlikti trumpesn\u012f kurs\u0105, kai kurie ilgesn\u012f.<br><br><\/p><h3 class=\"wp-block-heading\">5-7 DIENOS,<\/h3><p><br>Viena valymo kurso versija &#8222;penkios&#8221; septynios dienos. \u0160i\u0105 versij\u0105 i\u0161band\u0117 t\u016bkstan\u010diai \u017emoni\u0173 visame pasaulyje, b\u016btent tie, kurie bando diet\u0105 pirm\u0105 kart\u0105. Penki\u0173-septyni\u0173 diena versija yra labai patogi, nes vienos pakuot\u0117s Sirupo MadalBal, kurios talpa yra 1000ml, vidutini\u0161kai u\u017etenka 7 dienoms.<\/p><p><br>Septynios dienos &#8211; gana normali laiko trukm\u0117, kad i\u0161valyti J\u016bs\u0173 organizm\u0105 nuo toksin\u0173 ir \u0161lak\u0173. Pradedantiesiems sunkiausios yra pirmos dvi dienos. Jau penkt\u0105 dien\u0105 J\u016bs pajusite, kad J\u016bs\u0173 organizmas yra valomas, J\u016bs pasijusite geriau, lengviau, nebejausite alkio. Penktos dienos pabaigai J\u016bs tikriausiai pasijusite ant tiek geriau, kad nor\u0117site prat\u0119sti dietos kurs\u0105 arba kit\u0105 kart\u0105 i\u0161bandyti ilgesn\u0119 versij\u0105.<br><br><\/p><h3 class=\"wp-block-heading\">10 DIEN\u0172,<\/h3><p><br>Stanley Burroughs savo knygoje rekomenduoja atlikti dietos kurs\u0105 10 dien\u0173 trukm\u0117s, nes organizmo valymas tuo metu vyksta \u017eymiai giliau. Jeigu J\u016bs s\u0117kmingai atlikote 5 dien\u0173 dietos kurs\u0105, J\u016bs\u0173 savijauta pag\u0117r\u0117jo, taigi Jums niekas netrukdo i\u0161bandyti ir 10-ies dien\u0173 kurs\u0105. Atlikus de\u0161imties dien\u0173 dietos kurs\u0105, J\u016bs i\u0161valysite gilesnes k\u016bno l\u0105steles.<br><br><\/p><h3 class=\"wp-block-heading\">15 DIEN\u0172,<\/h3><p><br>Tiems, kas nor\u0117t\u0173 gauti maksimalius rezultatus, mes rekomenduojame atlikti 15-os dien\u0173 dietos kurs\u0105. Atlikus \u0161ios trukm\u0117s dietos kurs\u0105, J\u016bs sulauksite nuostabi\u0173 rezultat\u0173! Tikriausiai kas nors nori atsikratyti antsvorio, arba J\u016bs jau\u010diat\u0117s labai gerai ir nor\u0117tum\u0117te t\u0119sti dietos kurs\u0105! Pirmyn! Nesustokite!<br><br><\/p><h3 class=\"wp-block-heading\">Programos kartojimas<\/h3><p><br>Ne\u017ei\u016brint \u012f tai, kad daugelis \u017emoni\u0173 s\u0117kmingai atliko 15 dien\u0173 dietos kurs\u0105, ir netgi 30, mes nerekomenduojame t\u0119sti dietos kurs\u0105 ilgiau 15 dien\u0173. Ta\u010diau J\u016bs gal\u0117tum\u0117te daugkart atlikti valymo kurs\u0105 NEERA. Rekomenduojame daryti tarpus tarp kurs\u0173 3-4 savaites. I\u0161 esm\u0117s vidutinio am\u017eiaus \u017emogui mes rekomenduojame atlikti NEERA dietos kurs\u0105 tris-keturis kartus per metus. Daugelis \u017emoni\u0173 suderina dalyvavim\u0105 \u0161ioje dietoje su met\u0173 laik\u0173 kaita.<br><br><\/p><h3 class=\"wp-block-heading\">Alternatyvios versijos<\/h3><p><br>&#8222;Palengvinta versija&#8221;<br>NEERA dieta buvo sukurta \u0160veicarijoje, tai yra priemon\u0117 visapusi\u0161kai i\u0161valyti \u017emogaus organizm\u0105 nuo \u0161lak\u0173 ir toksin\u0173. \u0160i dieta i\u0161plito Europoje nuo 1980-\u0173j\u0173 met\u0173 ir tenkin\u0105 visus \u017emones su skirtingais gyvenimo b\u016bdais ir poreikiais. Viena i\u0161 populiariausi\u0173 \u0161ios dietos versija &#8211; &#8222;Palengvinta versija&#8221;<\/p><p><br>Kiekvien\u0105 nakt\u012f, kai mes miegame, mes nevartojame maisto ir m\u016bs\u0173 organizmas valomas savaime, ir mes leid\u017eiame k\u016bnui pa\u010diam pasir\u016bpinti m\u016bs\u0173 sveikata, atsistatyti suvartot\u0105 energij\u0105 ir i\u0161valyti toksinus bei \u0161lakus. Ryte, pusry\u010diaujant, mes sustabdome sanavimo ir valymo proces\u0105.<\/p><p><br>&#8222;Palengvintoje versijoje&#8221; dietos NEERA, mes prat\u0119siame naktin\u012f valymo period\u0105, pakei\u010diant pusry\u010dius arba pietus dviem arba trim stiklin\u0117mis NEERA g\u0117rimo. Taigi per pusry\u010dius ar pietus J\u016bs gersite NEERA g\u0117rim\u0105 ir daugiau nieko. Vakarieniaujant J\u016bs valgysite Jums \u012fprast\u0105 maist\u0105. Tokia dietos versija yra labiau patausojama m\u016bs\u0173 organizmui, ir j\u0105 gali i\u0161bandyti tie \u017emon\u0117s, kuriems yra sunku visi\u0161kai atsisakyti \u012fprasto mitybos re\u017eimo. Tokios dietos trukm\u0117 netur\u0117t\u0173 vir\u0161yti dviej\u0173 savai\u010di\u0173.<\/p><p><br>Versija &#8222;Atsitiktin\u0117 savait\u0117s diena&#8221;<br>Kai kurie \u017emon\u0117s band\u0117 diet\u0105, kai vis\u0105 kiet\u0105 maist\u0105 jie pakei\u010dia NEERA g\u0117rimu vien\u0105 atsitiktin\u0119 savait\u0117s dien\u0105. \u0160i versija n\u0117ra labai efektyvi, bet ji gera tuo, kad vis d\u0117lto kai kurie \u017emon\u0117s, nesugebantys atsiriboti nuo maisto ilgesniam laikui, gali padaryti i\u0161krovos dienas ir \u0161iek tiek pagerinti savo vir\u0161kinimo sistem\u0105, palengvinti jos darb\u0105. Vien\u0105 dien\u0105 praleisti be kieto maisto yra gana lengva, ir daugelis \u017emoni\u0173, i\u0161band\u0119 \u0161i\u0105 dietos versij\u0105 sak\u0117, kad tur\u0117jo ger\u0173 rezultat\u0173 svorio normalizavimui.<\/p>","protected":false},"excerpt":{"rendered":"<p>Programos trukm\u0117 Valymo dietos NEERA trukm\u0117 labai priklauso nuo J\u016bs\u0173 tiksl\u0173. Stanley Burroughs pataria atlikti kurs\u0105, kurio trukm\u0117 10 dien\u0173, bet kai kurie nor\u0117t\u0173 atlikti trumpesn\u012f kurs\u0105, kai kurie ilgesn\u012f. 5-7 DIENOS, Viena valymo kurso versija &#8222;penkios&#8221; septynios dienos. \u0160i\u0105 versij\u0105 i\u0161band\u0117 t\u016bkstan\u010diai \u017emoni\u0173 visame pasaulyje, b\u016btent tie, kurie bando diet\u0105 pirm\u0105 kart\u0105. Penki\u0173-septyni\u0173 diena [&hellip;]<\/p>\n","protected":false},"author":1,"featured_media":0,"parent":22,"menu_order":0,"comment_status":"closed","ping_status":"closed","template":"","meta":{"_acf_changed":false,"inline_featured_image":false,"footnotes":""},"class_list":["post-534","page","type-page","status-publish","hentry"],"acf":[],"yoast_head":"<!-- This site is optimized with the Yoast SEO plugin v24.6 - https:\/\/yoast.com\/wordpress\/plugins\/seo\/ -->\n<title>Programos trukm\u0117 - Neera - Valymo sirupas<\/title>\n<meta name=\"robots\" content=\"index, follow, max-snippet:-1, max-image-preview:large, max-video-preview:-1\" \/>\n<link rel=\"canonical\" href=\"https:\/\/neera.ee\/lt\/the-program\/duration\/\" \/>\n<meta property=\"og:locale\" content=\"lt_LT\" \/>\n<meta property=\"og:type\" content=\"article\" \/>\n<meta property=\"og:title\" content=\"Programos trukm\u0117 - Neera - Valymo sirupas\" \/>\n<meta property=\"og:description\" content=\"Programos trukm\u0117 Valymo dietos NEERA trukm\u0117 labai priklauso nuo J\u016bs\u0173 tiksl\u0173. Stanley Burroughs pataria atlikti kurs\u0105, kurio trukm\u0117 10 dien\u0173, bet kai kurie nor\u0117t\u0173 atlikti trumpesn\u012f kurs\u0105, kai kurie ilgesn\u012f. 5-7 DIENOS, Viena valymo kurso versija &#8222;penkios&#8221; septynios dienos. \u0160i\u0105 versij\u0105 i\u0161band\u0117 t\u016bkstan\u010diai \u017emoni\u0173 visame pasaulyje, b\u016btent tie, kurie bando diet\u0105 pirm\u0105 kart\u0105. Penki\u0173-septyni\u0173 diena [&hellip;]\" \/>\n<meta property=\"og:url\" content=\"https:\/\/neera.ee\/lt\/the-program\/duration\/\" \/>\n<meta property=\"og:site_name\" content=\"Neera - Valymo sirupas\" \/>\n<meta property=\"article:modified_time\" content=\"2025-03-13T21:44:38+00:00\" \/>\n<meta name=\"twitter:card\" content=\"summary_large_image\" \/>\n<meta name=\"twitter:label1\" content=\"Est. reading time\" \/>\n\t<meta name=\"twitter:data1\" content=\"3 minut\u0117s\" \/>\n<script type=\"application\/ld+json\" class=\"yoast-schema-graph\">{\"@context\":\"https:\/\/schema.org\",\"@graph\":[{\"@type\":\"WebPage\",\"@id\":\"https:\/\/neera.ee\/lt\/the-program\/duration\/\",\"url\":\"https:\/\/neera.ee\/lt\/the-program\/duration\/\",\"name\":\"Programos trukm\u0117 - Neera - Valymo sirupas\",\"isPartOf\":{\"@id\":\"https:\/\/neera-shop.ru\/lt\/#website\"},\"datePublished\":\"2024-12-05T19:44:15+00:00\",\"dateModified\":\"2025-03-13T21:44:38+00:00\",\"breadcrumb\":{\"@id\":\"https:\/\/neera.ee\/lt\/the-program\/duration\/#breadcrumb\"},\"inLanguage\":\"lt-LT\",\"potentialAction\":[{\"@type\":\"ReadAction\",\"target\":[\"https:\/\/neera.ee\/lt\/the-program\/duration\/\"]}]},{\"@type\":\"BreadcrumbList\",\"@id\":\"https:\/\/neera.ee\/lt\/the-program\/duration\/#breadcrumb\",\"itemListElement\":[{\"@type\":\"ListItem\",\"position\":1,\"name\":\"Home\",\"item\":\"https:\/\/neera.ee\/lt\/\"},{\"@type\":\"ListItem\",\"position\":2,\"name\":\"Programa\",\"item\":\"https:\/\/neera-shop.ru\/lt\/the-program\/\"},{\"@type\":\"ListItem\",\"position\":3,\"name\":\"Programos trukm\u0117\"}]},{\"@type\":\"WebSite\",\"@id\":\"https:\/\/neera-shop.ru\/lt\/#website\",\"url\":\"https:\/\/neera-shop.ru\/lt\/\",\"name\":\"Neera - Valymo sirupas\",\"description\":\"Neera natural Madal Bal Syrup - specialus klevo sirupo ir palmi\u0173 sirupo mi\u0161inys, kuris bus pagrindas Master Cleanse dietai.\",\"potentialAction\":[{\"@type\":\"SearchAction\",\"target\":{\"@type\":\"EntryPoint\",\"urlTemplate\":\"https:\/\/neera-shop.ru\/lt\/?s={search_term_string}\"},\"query-input\":{\"@type\":\"PropertyValueSpecification\",\"valueRequired\":true,\"valueName\":\"search_term_string\"}}],\"inLanguage\":\"lt-LT\"}]}<\/script>\n<!-- \/ Yoast SEO plugin. -->","yoast_head_json":{"title":"Programos trukm\u0117 - Neera - Valymo sirupas","robots":{"index":"index","follow":"follow","max-snippet":"max-snippet:-1","max-image-preview":"max-image-preview:large","max-video-preview":"max-video-preview:-1"},"canonical":"https:\/\/neera.ee\/lt\/the-program\/duration\/","og_locale":"lt_LT","og_type":"article","og_title":"Programos trukm\u0117 - Neera - Valymo sirupas","og_description":"Programos trukm\u0117 Valymo dietos NEERA trukm\u0117 labai priklauso nuo J\u016bs\u0173 tiksl\u0173. Stanley Burroughs pataria atlikti kurs\u0105, kurio trukm\u0117 10 dien\u0173, bet kai kurie nor\u0117t\u0173 atlikti trumpesn\u012f kurs\u0105, kai kurie ilgesn\u012f. 5-7 DIENOS, Viena valymo kurso versija &#8222;penkios&#8221; septynios dienos. \u0160i\u0105 versij\u0105 i\u0161band\u0117 t\u016bkstan\u010diai \u017emoni\u0173 visame pasaulyje, b\u016btent tie, kurie bando diet\u0105 pirm\u0105 kart\u0105. Penki\u0173-septyni\u0173 diena [&hellip;]","og_url":"https:\/\/neera.ee\/lt\/the-program\/duration\/","og_site_name":"Neera - Valymo sirupas","article_modified_time":"2025-03-13T21:44:38+00:00","twitter_card":"summary_large_image","twitter_misc":{"Est. reading time":"3 minut\u0117s"},"schema":{"@context":"https:\/\/schema.org","@graph":[{"@type":"WebPage","@id":"https:\/\/neera.ee\/lt\/the-program\/duration\/","url":"https:\/\/neera.ee\/lt\/the-program\/duration\/","name":"Programos trukm\u0117 - Neera - Valymo sirupas","isPartOf":{"@id":"https:\/\/neera-shop.ru\/lt\/#website"},"datePublished":"2024-12-05T19:44:15+00:00","dateModified":"2025-03-13T21:44:38+00:00","breadcrumb":{"@id":"https:\/\/neera.ee\/lt\/the-program\/duration\/#breadcrumb"},"inLanguage":"lt-LT","potentialAction":[{"@type":"ReadAction","target":["https:\/\/neera.ee\/lt\/the-program\/duration\/"]}]},{"@type":"BreadcrumbList","@id":"https:\/\/neera.ee\/lt\/the-program\/duration\/#breadcrumb","itemListElement":[{"@type":"ListItem","position":1,"name":"Home","item":"https:\/\/neera.ee\/lt\/"},{"@type":"ListItem","position":2,"name":"Programa","item":"https:\/\/neera-shop.ru\/lt\/the-program\/"},{"@type":"ListItem","position":3,"name":"Programos trukm\u0117"}]},{"@type":"WebSite","@id":"https:\/\/neera-shop.ru\/lt\/#website","url":"https:\/\/neera-shop.ru\/lt\/","name":"Neera - Valymo sirupas","description":"Neera natural Madal Bal Syrup - specialus klevo sirupo ir palmi\u0173 sirupo mi\u0161inys, kuris bus pagrindas Master Cleanse dietai.","potentialAction":[{"@type":"SearchAction","target":{"@type":"EntryPoint","urlTemplate":"https:\/\/neera-shop.ru\/lt\/?s={search_term_string}"},"query-input":{"@type":"PropertyValueSpecification","valueRequired":true,"valueName":"search_term_string"}}],"inLanguage":"lt-LT"}]}},"_links":{"self":[{"href":"https:\/\/neera.ee\/lt\/wp-json\/wp\/v2\/pages\/534","targetHints":{"allow":["GET"]}}],"collection":[{"href":"https:\/\/neera.ee\/lt\/wp-json\/wp\/v2\/pages"}],"about":[{"href":"https:\/\/neera.ee\/lt\/wp-json\/wp\/v2\/types\/page"}],"author":[{"embeddable":true,"href":"https:\/\/neera.ee\/lt\/wp-json\/wp\/v2\/users\/1"}],"replies":[{"embeddable":true,"href":"https:\/\/neera.ee\/lt\/wp-json\/wp\/v2\/comments?post=534"}],"version-history":[{"count":3,"href":"https:\/\/neera.ee\/lt\/wp-json\/wp\/v2\/pages\/534\/revisions"}],"predecessor-version":[{"id":586,"href":"https:\/\/neera.ee\/lt\/wp-json\/wp\/v2\/pages\/534\/revisions\/586"}],"up":[{"embeddable":true,"href":"https:\/\/neera.ee\/lt\/wp-json\/wp\/v2\/pages\/22"}],"wp:attachment":[{"href":"https:\/\/neera.ee\/lt\/wp-json\/wp\/v2\/media?parent=534"}],"curies":[{"name":"wp","href":"https:\/\/api.w.org\/{rel}","templated":true}]}}