{"id":36,"date":"2024-08-30T18:39:37","date_gmt":"2024-08-30T15:39:37","guid":{"rendered":"https:\/\/neera-shop.ru\/lt\/?page_id=36"},"modified":"2025-04-28T14:55:59","modified_gmt":"2025-04-28T11:55:59","slug":"terms-of-use","status":"publish","type":"page","link":"https:\/\/neera.ee\/lt\/terms-of-use\/","title":{"rendered":"Naudotojo sutartis"},"content":{"rendered":"<h1 class=\"wp-block-heading has-text-align-center tw-mb-16 NB tw-text-center tw-w-full\">Naudotojo sutartis<\/h1><p>Atid\u017eiai perskaitykite toliau apra\u0161ytas s\u0105lygas, nes jos yra pardavimo sutartis tarp j\u016bs\u0173 ir &#8222;Clearer OU&#8221; (Reg nr : 11388881) individualaus verslininko, kuris yra svetain\u0117s savininkas www.neera.ee.<br><br>Sutikdami su \u0161iomis s\u0105lygomis, j\u016bs \u012fgyjate tam tikras teises ir pareigas pagal toliau i\u0161vardytas taisykles. \u0160i BTS nustato ir reguliuoja santykius tarp individualaus &#8222;Clearer OU&#8221; verslininko, toliau vadinamo pardav\u0117ju, ir bet kurio kliento, norin\u010dio pasinaudoti si\u016blomomis paslaugomis, toliau vadinamu pirk\u0117ju.<br><br>Pirk\u0117jas sutinka su vartotojo sutartimi, pa\u017eym\u0117damas langel\u012f &#8222;Sutinku su vartotojo sutartimi&#8221; elektronin\u0117je parai\u0161kos formoje ir paspausdamas atitinkam\u0105 virtual\u0173 mygtuk\u0105. Pateikdamas \u0161i\u0105 parai\u0161k\u0105 pirk\u0117jas patvirtina, kad jis sutinka su BTS s\u0105lygomis, bes\u0105lygi\u0161kai jas priima ir \u012fsipareigoja j\u0173 laikytis.<br><br>Individualus &#8222;Clearer OU&#8221; verslininkas pasilieka teis\u0119 bet kuriuo metu keisti ir (arba) papildyti \u0161ios Sutarties s\u0105lygas; visi pakeitimai bus paskelbti \u0161ioje svetain\u0117je.<br><br><\/p><h2 class=\"wp-block-heading\">Terminai ir apibr\u0117\u017eimai:<\/h2><p><br>Ai\u0161kinant ir taikant \u0161io naudotojo susitarimo s\u0105lygas \u0161ie terminai ir apibr\u0117\u017eimai turi tur\u0117ti \u0161ias reik\u0161mes:<br><br><\/p><ol class=\"wp-block-list tw-list-decimal tw-pl-6 list-li-gap-2\"><li class=\"tw-mb-2\"><strong>neera.ee:<\/strong> e-komercijos svetain\u0117, virtualus informacijos \u0161altinis internete parduodant, u\u017esakant ir pristatant si\u016blomas prekes.<\/li>\n\n<li class=\"tw-mb-2\">Nor\u0117damas gauti teis\u0119 \u012fforminti galiojan\u010dius u\u017esakymus pirkti prekes, si\u016blomas interneto svetain\u0117je, pirk\u0117jas privalo tinkamai u\u017epildyti elektronin\u0119 registracijos form\u0105, esan\u010di\u0105 svetain\u0117je neera.ee ir patvirtinti savo sutikim\u0105 su \u0161io Vartotojo susitarimo s\u0105lygomis, pa\u017eym\u0117jus \u017eym\u0117s langel\u012f &#8222;Sutinku su vartotojo sutarties s\u0105lygomis&#8221; ir paspaudus atitinkam\u0105 virtual\u0173 mygtuk\u0105.<\/li>\n\n<li class=\"tw-mb-2\">Kiekvienam atskiram pirkimo u\u017esakymui tarp Pirk\u0117jo ir pardav\u0117jo sudaromas atskiras susitarimas pagal \u0161\u012f naudotojo susitarim\u0105. VISOS \u0161ali\u0173 teis\u0117s ir pareigos pagal \u0161\u012f BTS atsiranda kiekvienam susitarimui atskirai.<\/li>\n\n<li class=\"tw-mb-2\">I\u0161samus preki\u0173, si\u016blom\u0173 neera.ee Patalpinta svetain\u0117je.<\/li>\n\n<li class=\"tw-mb-2\">Produkto apra\u0161ymas ir kaina, paskelbti svetain\u0117je neera.ee tai yra vie\u0161as pasi\u016blymas pagal Estijos Civilin\u012f kodeks\u0105<\/li>\n\n<li class=\"tw-mb-2\">Preki\u0173 pirkimas svetain\u0117je neera.ee laikoma patvirtinta paspaudus mygtuk\u0105 &#8222;\u012eforminti u\u017esakym\u0105&#8221;; nuo to momento pirkimo-pardavimo sutartis tarp \u0161ali\u0173 laikoma sudaryta.<\/li>\n\n<li class=\"tw-mb-2\">Jei u\u017esakymo pateikimo metu nurodytas adresas ir (arba) telefono numeris yra neteisingas, pardav\u0117jo pareiga sudaryti sutart\u012f su Pirk\u0117ju ir \u012fvykdyti u\u017esakym\u0105 laikoma atsiradusia.<\/li>\n\n<li class=\"tw-mb-2\">Preki\u0173 pristatymo kainos ir s\u0105lygos nurodytos Svetain\u0117je neera.ee.<\/li>\n\n<li class=\"tw-mb-2\">Preki\u0173 kaina ir su tuo susijusios pristatymo i\u0161laidos gali b\u016bti apmokamos grynaisiais pinigais, kai pirk\u0117jas arba tre\u010dioji \u0161alis gauna prekes pirk\u0117jo vardu.<\/li><\/ol><p><br><\/p><h2 class=\"wp-block-heading\">Pardav\u0117jo teis\u0117s ir pareigos:<br><br><\/h2><ol class=\"wp-block-list tw-list-decimal tw-pl-6 list-li-gap-2\"><li class=\"tw-mb-2\">Keisti kainas, mok\u0117jimo metodus ir pristatym\u0105<\/li>\n\n<li class=\"tw-mb-2\">U\u017esakytas prekes perduoti pirk\u0117jo nuosavyb\u0117n.<\/li>\n\n<li class=\"tw-mb-2\">Laiku pristatyti Pirk\u0117jo u\u017esakytas prekes.<\/li>\n\n<li class=\"tw-mb-2\">U\u017etikrinti savo \u012fsipareigojim\u0173 vykdym\u0105.<\/li><\/ol><h2 class=\"wp-block-heading\"><br>Pirk\u0117jo teis\u0117s ir pareigos:<br><br><\/h2><ol class=\"wp-block-list tw-list-decimal tw-pl-6 list-li-gap-2\"><li class=\"tw-mb-2\">Pateikti piln\u0105 ir galiojant\u012f pristatymo adres\u0105 ir telefono numer\u012f.<\/li>\n\n<li class=\"tw-mb-2\">Apmok\u0117ti u\u017e prekes.<\/li>\n\n<li class=\"tw-mb-2\">Padengti pristatymo i\u0161laidas, jei toki\u0173 yra.<\/li>\n\n<li class=\"tw-mb-2\">Garantuoti, kad pardav\u0117jas gal\u0117s perduoti prekes Pirk\u0117jui.<\/li>\n\n<li class=\"tw-mb-2\">Priimti prek\u0119.<\/li>\n\n<li class=\"tw-mb-2\">Neteikti klaiding\u0173 u\u017esakym\u0173 ar informacijos.<\/li>\n\n<li class=\"tw-mb-2\">Pra\u0161ome laikytis Estijos \u012fstatym\u0173, kitose \u0161alyse galiojan\u010di\u0173 teis\u0117s akt\u0173, \u0161ios Naudotojo sutarties, interneto etiketo taisykli\u0173, moral\u0117s princip\u0173 ir etikos norm\u0173.<\/li>\n\n<li class=\"tw-mb-2\">Nepa\u017eeisti kit\u0173 asmen\u0173 turtini\u0173 ir neturtini\u0173 teisi\u0173.<\/li><\/ol><p><br>U\u017esakytos prek\u0117s pristatomos pirk\u0117jui per svetain\u0117je nurodytus terminus neera.ee pristatymo terminas prasideda nuo sutarties sudarymo momento.<br><br>Prek\u0117s pristatomos pakuot\u0117je, atitinkan\u010dioje j\u0173 tip\u0105 ir transportavimo b\u016bd\u0105. Pardav\u0117jas stengiasi kuo grei\u010diau i\u0161si\u0173sti prekes.<\/p><h2 class=\"wp-block-heading\"><br>Preki\u0173 perdavimas:<br><br><\/h2><ol class=\"wp-block-list tw-list-decimal tw-pl-6 list-li-gap-2\"><li class=\"tw-mb-2\">Prek\u0117 perduodama pirk\u0117jui arba tre\u010diajam asmeniui, kuris priima prek\u0119 ir patvirtina jos gavim\u0105 pirk\u0117jo vardu.<\/li>\n\n<li class=\"tw-mb-2\">\u0160io Naudojimosi Sutarties 9 punkte nurodytais atvejais prek\u0117s perduodamos pirk\u0117jui arba tre\u010diajai \u0161aliai pagal 14.1 punkt\u0105, apmok\u0117jus u\u017esakym\u0105 ir pristatymo i\u0161laidas; tokiu atveju perduodant turi b\u016bti pasira\u0161yti lydintys dokumentai.<\/li><\/ol><p><br>Jei pirk\u0117jas atsisako priimti u\u017esakym\u0105, i\u0161skyrus 16 straipsnyje nurodytus atvejus, atsisakymas laikomas nepagr\u012fstu ir pirk\u0117jas privalo sumok\u0117ti u\u017e preki\u0173 pristatym\u0105 ir gr\u0105\u017einim\u0105, taip pat atlyginti pardav\u0117jui \u017eal\u0105 ir prarast\u0105 naud\u0105, \u012fskaitant bet kokias papildomas i\u0161laidas, vir\u0161ijan\u010dias patirtas pristatymo ir gr\u0105\u017einimo i\u0161laidas d\u0117l atsisakymo.<br><br>Pirk\u0117jas turi teis\u0119 atsisakyti priimti u\u017esakyt\u0105 (pra\u0161om\u0105 pirkti) prek\u0119 pristatymo metu, jei \u012fvykdytos bet kuri i\u0161 \u0161i\u0173 s\u0105lyg\u0173:<br><br><\/p><ol class=\"wp-block-list tw-list-decimal tw-pl-6 list-li-gap-2\"><li class=\"tw-mb-2\">Pristatyta prek\u0117 akivaizd\u017eiai neatitinka pirk\u0117jo u\u017esakytos prek\u0117s, kuri\u0105 galima nustatyti naudojant standartin\u012f patikrinim\u0105.<\/li>\n\n<li class=\"tw-mb-2\">Prek\u0117s ar j\u0173 pakuot\u0117s buvo sugadintos transportavimo metu.<\/li>\n\n<li class=\"tw-mb-2\">Kaina, kuri\u0105 turi sumok\u0117ti pirk\u0117jas, neatitinka kainos, nurodytos pateikiant pirkimo u\u017esakym\u0105.<\/li>\n\n<li class=\"tw-mb-2\">Pristatymo terminas nebuvo \u012fvykdytas.<\/li><\/ol><p><br>Pasira\u0161ius lydimuosius dokumentus, atsisakymas priimti prekes ankstesn\u0117je pastraipoje nurodytomis s\u0105lygomis neleid\u017eiamas.<br><br>Pirk\u0117jas turi teis\u0119 nutraukti sudaryt\u0105 sutart\u012f per 7 (septynias) dienas po prek\u0117s gavimo be reikalavimo sumok\u0117ti kompensacij\u0105. Tokiu atveju Pirk\u0117jas privalo gr\u0105\u017einti prekes originalioje, neatspausdintoje pakuot\u0117je, i\u0161laikydamas vientisum\u0105.<\/p><h2 class=\"wp-block-heading\"><br>Preki\u0173 gr\u0105\u017einimas:<br><br><\/h2><p>Pirk\u0117jas turi teis\u0119 gr\u0105\u017einti prekes per 14 dien\u0173 nuo preki\u0173 gavimo datos. Norint gr\u0105\u017einti prekes, jos turi b\u016bti neatidarytos, originalioje pakuot\u0117je ir prid\u0117tas originalus \u010dekis arba pirkimo \u012frodymas.<br><br>Norint prad\u0117ti gr\u0105\u017einimo proces\u0105, Pirk\u0117jas turi susisiekti su Pardav\u0117jo klient\u0173 aptarnavimo tarnyba adresu <a href=\"mailto:info@neera.ee\" target=\"_blank\" rel=\"noreferrer noopener\">info@neera.ee<\/a>. Patvirtinus gr\u0105\u017einim\u0105, Pirk\u0117jas gaus nurodymus, kaip gr\u0105\u017einti prekes Pardav\u0117jui.<br><br>Gav\u0119s ir patikrin\u0119s gr\u0105\u017eintas prekes, Pardav\u0117jas prane\u0161 Pirk\u0117jui apie gr\u0105\u017einimo b\u016bsen\u0105. Jei gr\u0105\u017einimas bus patvirtintas, gr\u0105\u017einimas bus apdorotas \u012f Pirk\u0117jo pirmin\u012f mok\u0117jimo b\u016bd\u0105 per kelias dienas.<br><br>Jei Pirk\u0117jas nori pakeisti prekes, jis tur\u0117t\u0173 susisiekti su Pardav\u0117ju adresu <a href=\"mailto:info@neera.ee\" target=\"_blank\" rel=\"noreferrer noopener\">info@neera.ee<\/a>. Keitimai atliekami pagal turim\u0105 kiek\u012f.<br><br>D\u0117l bet koki\u0173 klausim\u0173, susijusi\u0173 su preki\u0173 gr\u0105\u017einimu ar keitimu, Pirk\u0117jas gali susisiekti su Pardav\u0117jo klient\u0173 aptarnavimo tarnyba.<\/p><h2 class=\"wp-block-heading\"><br>Privatumo politika ir s\u0105lygos:<br><br><\/h2><ol class=\"wp-block-list tw-list-decimal tw-pl-6 list-li-gap-2\"><li class=\"tw-mb-2\">Pardav\u0117jas \u012fsipareigoja imtis b\u016btin\u0173 priemoni\u0173, kad apsaugot\u0173 Pirk\u0117jo Asmens duomenis, kurie tapo \u017einomi pildant elektronin\u0119 u\u017esakymo form\u0105 per svetain\u0119. \u0160is \u012fsipareigojimas negalioja, jei Pirk\u0117jas pateikia neteising\u0105 informacij\u0105.<\/li>\n\n<li class=\"tw-mb-2\">Pagal galiojan\u010dius teis\u0117s aktus ir \u0161ios Sutarties s\u0105lygas pardav\u0117jas turi teis\u0119 naudoti Pirk\u0117jo Asmens duomenis tik sutartyje numatytais tikslais.<\/li>\n\n<li class=\"tw-mb-2\">Pardav\u0117jas turi teis\u0119 naudoti Pirk\u0117jo Asmens duomenis preki\u0173 ir (arba) paslaug\u0173 pirk\u0117jui teikimui, reklamin\u0117ms akcijoms, Sveikinimo prane\u0161im\u0173 siuntimui, priz\u0173 lo\u0161imui, u\u017eklausoms, statistiniams ir kitiems teis\u0117tiems tikslams, i\u0161skyrus atvejus, kai pirk\u0117jas ai\u0161kiai parei\u0161kia savo nesutikim\u0105 si\u0173sdamas elektronin\u012f lai\u0161k\u0105 \u0161iuo adresu: <a href=\"mailto:info@neera.ee\">info@neera.ee<\/a><\/li>\n\n<li class=\"tw-mb-2\">19.3 punkte nurodytas galim\u0173 asmens duomen\u0173 naudojimo b\u016bd\u0173 s\u0105ra\u0161as pardav\u0117jui n\u0117ra i\u0161samus ar privalomas. Visi kiti tikslai, kuriems gali b\u016bti naudojami asmens duomenys, turi atitikti galiojan\u010dius teis\u0117s aktus.<\/li><\/ol><p><br>Pardav\u0117jas \u012fsipareigoja neatskleisti Asmens duomen\u0173, kuriuos pirk\u0117jas gavo pateikdamas u\u017esakym\u0105 tre\u010diosioms \u0161alims &#8211; valstybin\u0117ms institucijoms, prekybos organizacijoms, fiziniams asmenims ar kitiems asmenims, i\u0161skyrus \u0161iuos atvejus:<br><br><\/p><ol class=\"wp-block-list tw-list-decimal tw-pl-6 list-li-gap-2\"><li class=\"tw-mb-2\">Pirk\u0117jas dav\u0117 ai\u0161k\u0173 sutikim\u0105.<\/li>\n\n<li class=\"tw-mb-2\">Informacijos pra\u0161o valstyb\u0117s institucija arba pareig\u016bnas, turintis teis\u0117t\u0105 teis\u0119 pra\u0161yti ir rinkti toki\u0105 informacij\u0105.<\/li>\n\n<li class=\"tw-mb-2\">\u012estatymas reikalauja, kad pardav\u0117jas pateikt\u0173 duomenis tretiesiems asmenims.<\/li><\/ol><p><br>Pardav\u0117jas neatsako u\u017e \u012esipareigojim\u0173 pagal \u0161i\u0105 sutart\u012f nevykdym\u0105 esant force majeure aplinkyb\u0117ms, atsitiktiniams \u012fvykiams, pasaulinio interneto tinklo problemoms ir nuo Pardav\u0117jo nepriklausan\u010di\u0173 paslaug\u0173 teikimui.<br><br>Ra\u0161ytin\u0117 \u0161ali\u0173 bendravimo forma laikoma \u012fvykdyta siun\u010diant el. lai\u0161kus, paspaudus mygtuk\u0105 Svetain\u0117je, kuriame yra pirk\u0117jo u\u017epildyta informacija, arba pa\u017eym\u0117jus atitinkam\u0105 \u017eym\u0117s langel\u012f ant neera.ee ir pana\u0161\u016bs veiksmai, nes pirk\u0117jo valios i\u0161rai\u0161ka \u012fra\u0161oma taip, kad j\u0105 b\u016bt\u0173 galima techni\u0161kai atkurti.<br><br>\u0160ios Naudojimosi Sutarties \u0161alys parei\u0161kia, kad bet kurios Sutarties nuostatos negaliojimas nerei\u0161kia visos sutarties, kit\u0173 jos nuostat\u0173 ar dali\u0173 negaliojimo. Negaliojantis punktas turi b\u016bti pakeistas pagal taikomus \u012fstatymus ar praktik\u0105.<br><br>Jei pirk\u0117jas turi koki\u0173 nors klausim\u0173 ar pretenzij\u0173, jis turi susisiekti su pardav\u0117jo klient\u0173 aptarnavimo skyriumi telefonu +372 55552265 (Estija) arba per svetain\u0117s atsiliepim\u0173 form\u0105. \u0160alys stengiasi visus gin\u010dus spr\u0119sti derybomis; jei nepavyksta susitarti, gin\u010das perduodamas spr\u0119sti teismui pagal galiojan\u010dius Estijos teis\u0117s aktus.<br><br>Visi klausimai, kurie n\u0117ra i\u0161spr\u0119sti \u0161ioje Naudojimosi sutartyje, yra reglamentuojami galiojan\u010diais teis\u0117s aktais.<br><br>Interneto svetain\u0117 neera.ee yra nuorod\u0173 \u012f kitas svetaines. Kadangi \u0161i\u0173 svetaini\u0173 pardav\u0117jas nekontroliuoja, jis n\u0117ra atsakingas u\u017e j\u0173 turin\u012f ar darbo metodus.<br><br>Produktai, si\u016blomi svetain\u0117je neera.ee jie n\u0117ra vaistai ir netur\u0117t\u0173 b\u016bti naudojami kaip tokie. Pardav\u0117jas neatsako u\u017e produkt\u0173, kaip vaist\u0173, naudojim\u0105.<\/p>","protected":false},"excerpt":{"rendered":"<p>Naudotojo sutartis Atid\u017eiai perskaitykite toliau apra\u0161ytas s\u0105lygas, nes jos yra pardavimo sutartis tarp j\u016bs\u0173 ir &#8222;Clearer OU&#8221; (Reg nr : 11388881) individualaus verslininko, kuris yra svetain\u0117s savininkas www.neera.ee. Sutikdami su \u0161iomis s\u0105lygomis, j\u016bs \u012fgyjate tam tikras teises ir pareigas pagal toliau i\u0161vardytas taisykles. \u0160i BTS nustato ir reguliuoja santykius tarp individualaus &#8222;Clearer OU&#8221; verslininko, toliau [&hellip;]<\/p>\n","protected":false},"author":1,"featured_media":0,"parent":0,"menu_order":0,"comment_status":"closed","ping_status":"closed","template":"","meta":{"_acf_changed":false,"inline_featured_image":false,"footnotes":""},"class_list":["post-36","page","type-page","status-publish","hentry"],"acf":[],"yoast_head":"<!-- This site is optimized with the Yoast SEO plugin v24.6 - https:\/\/yoast.com\/wordpress\/plugins\/seo\/ -->\n<title>Naudotojo sutartis - Neera - Valymo sirupas<\/title>\n<meta name=\"robots\" content=\"index, follow, max-snippet:-1, max-image-preview:large, max-video-preview:-1\" \/>\n<link rel=\"canonical\" href=\"https:\/\/neera.ee\/lt\/terms-of-use\/\" \/>\n<meta property=\"og:locale\" content=\"lt_LT\" \/>\n<meta property=\"og:type\" content=\"article\" \/>\n<meta property=\"og:title\" content=\"Naudotojo sutartis - Neera - Valymo sirupas\" \/>\n<meta property=\"og:description\" content=\"Naudotojo sutartis Atid\u017eiai perskaitykite toliau apra\u0161ytas s\u0105lygas, nes jos yra pardavimo sutartis tarp j\u016bs\u0173 ir &#8222;Clearer OU&#8221; (Reg nr : 11388881) individualaus verslininko, kuris yra svetain\u0117s savininkas www.neera.ee. Sutikdami su \u0161iomis s\u0105lygomis, j\u016bs \u012fgyjate tam tikras teises ir pareigas pagal toliau i\u0161vardytas taisykles. \u0160i BTS nustato ir reguliuoja santykius tarp individualaus &#8222;Clearer OU&#8221; verslininko, toliau [&hellip;]\" \/>\n<meta property=\"og:url\" content=\"https:\/\/neera.ee\/lt\/terms-of-use\/\" \/>\n<meta property=\"og:site_name\" content=\"Neera - Valymo sirupas\" \/>\n<meta property=\"article:modified_time\" content=\"2025-04-28T11:55:59+00:00\" \/>\n<meta name=\"twitter:card\" content=\"summary_large_image\" \/>\n<meta name=\"twitter:label1\" content=\"Est. reading time\" \/>\n\t<meta name=\"twitter:data1\" content=\"6 minut\u0117s\" \/>\n<script type=\"application\/ld+json\" class=\"yoast-schema-graph\">{\"@context\":\"https:\/\/schema.org\",\"@graph\":[{\"@type\":\"WebPage\",\"@id\":\"https:\/\/neera.ee\/lt\/terms-of-use\/\",\"url\":\"https:\/\/neera.ee\/lt\/terms-of-use\/\",\"name\":\"Naudotojo sutartis - Neera - Valymo sirupas\",\"isPartOf\":{\"@id\":\"https:\/\/neera-shop.ru\/lt\/#website\"},\"datePublished\":\"2024-08-30T15:39:37+00:00\",\"dateModified\":\"2025-04-28T11:55:59+00:00\",\"breadcrumb\":{\"@id\":\"https:\/\/neera.ee\/lt\/terms-of-use\/#breadcrumb\"},\"inLanguage\":\"lt-LT\",\"potentialAction\":[{\"@type\":\"ReadAction\",\"target\":[\"https:\/\/neera.ee\/lt\/terms-of-use\/\"]}]},{\"@type\":\"BreadcrumbList\",\"@id\":\"https:\/\/neera.ee\/lt\/terms-of-use\/#breadcrumb\",\"itemListElement\":[{\"@type\":\"ListItem\",\"position\":1,\"name\":\"Home\",\"item\":\"https:\/\/neera.ee\/lt\/\"},{\"@type\":\"ListItem\",\"position\":2,\"name\":\"Naudotojo sutartis\"}]},{\"@type\":\"WebSite\",\"@id\":\"https:\/\/neera-shop.ru\/lt\/#website\",\"url\":\"https:\/\/neera-shop.ru\/lt\/\",\"name\":\"Neera - Valymo sirupas\",\"description\":\"Neera natural Madal Bal Syrup - specialus klevo sirupo ir palmi\u0173 sirupo mi\u0161inys, kuris bus pagrindas Master Cleanse dietai.\",\"potentialAction\":[{\"@type\":\"SearchAction\",\"target\":{\"@type\":\"EntryPoint\",\"urlTemplate\":\"https:\/\/neera-shop.ru\/lt\/?s={search_term_string}\"},\"query-input\":{\"@type\":\"PropertyValueSpecification\",\"valueRequired\":true,\"valueName\":\"search_term_string\"}}],\"inLanguage\":\"lt-LT\"}]}<\/script>\n<!-- \/ Yoast SEO plugin. -->","yoast_head_json":{"title":"Naudotojo sutartis - Neera - Valymo sirupas","robots":{"index":"index","follow":"follow","max-snippet":"max-snippet:-1","max-image-preview":"max-image-preview:large","max-video-preview":"max-video-preview:-1"},"canonical":"https:\/\/neera.ee\/lt\/terms-of-use\/","og_locale":"lt_LT","og_type":"article","og_title":"Naudotojo sutartis - Neera - Valymo sirupas","og_description":"Naudotojo sutartis Atid\u017eiai perskaitykite toliau apra\u0161ytas s\u0105lygas, nes jos yra pardavimo sutartis tarp j\u016bs\u0173 ir &#8222;Clearer OU&#8221; (Reg nr : 11388881) individualaus verslininko, kuris yra svetain\u0117s savininkas www.neera.ee. Sutikdami su \u0161iomis s\u0105lygomis, j\u016bs \u012fgyjate tam tikras teises ir pareigas pagal toliau i\u0161vardytas taisykles. \u0160i BTS nustato ir reguliuoja santykius tarp individualaus &#8222;Clearer OU&#8221; verslininko, toliau [&hellip;]","og_url":"https:\/\/neera.ee\/lt\/terms-of-use\/","og_site_name":"Neera - Valymo sirupas","article_modified_time":"2025-04-28T11:55:59+00:00","twitter_card":"summary_large_image","twitter_misc":{"Est. reading time":"6 minut\u0117s"},"schema":{"@context":"https:\/\/schema.org","@graph":[{"@type":"WebPage","@id":"https:\/\/neera.ee\/lt\/terms-of-use\/","url":"https:\/\/neera.ee\/lt\/terms-of-use\/","name":"Naudotojo sutartis - Neera - Valymo sirupas","isPartOf":{"@id":"https:\/\/neera-shop.ru\/lt\/#website"},"datePublished":"2024-08-30T15:39:37+00:00","dateModified":"2025-04-28T11:55:59+00:00","breadcrumb":{"@id":"https:\/\/neera.ee\/lt\/terms-of-use\/#breadcrumb"},"inLanguage":"lt-LT","potentialAction":[{"@type":"ReadAction","target":["https:\/\/neera.ee\/lt\/terms-of-use\/"]}]},{"@type":"BreadcrumbList","@id":"https:\/\/neera.ee\/lt\/terms-of-use\/#breadcrumb","itemListElement":[{"@type":"ListItem","position":1,"name":"Home","item":"https:\/\/neera.ee\/lt\/"},{"@type":"ListItem","position":2,"name":"Naudotojo sutartis"}]},{"@type":"WebSite","@id":"https:\/\/neera-shop.ru\/lt\/#website","url":"https:\/\/neera-shop.ru\/lt\/","name":"Neera - Valymo sirupas","description":"Neera natural Madal Bal Syrup - specialus klevo sirupo ir palmi\u0173 sirupo mi\u0161inys, kuris bus pagrindas Master Cleanse dietai.","potentialAction":[{"@type":"SearchAction","target":{"@type":"EntryPoint","urlTemplate":"https:\/\/neera-shop.ru\/lt\/?s={search_term_string}"},"query-input":{"@type":"PropertyValueSpecification","valueRequired":true,"valueName":"search_term_string"}}],"inLanguage":"lt-LT"}]}},"_links":{"self":[{"href":"https:\/\/neera.ee\/lt\/wp-json\/wp\/v2\/pages\/36","targetHints":{"allow":["GET"]}}],"collection":[{"href":"https:\/\/neera.ee\/lt\/wp-json\/wp\/v2\/pages"}],"about":[{"href":"https:\/\/neera.ee\/lt\/wp-json\/wp\/v2\/types\/page"}],"author":[{"embeddable":true,"href":"https:\/\/neera.ee\/lt\/wp-json\/wp\/v2\/users\/1"}],"replies":[{"embeddable":true,"href":"https:\/\/neera.ee\/lt\/wp-json\/wp\/v2\/comments?post=36"}],"version-history":[{"count":9,"href":"https:\/\/neera.ee\/lt\/wp-json\/wp\/v2\/pages\/36\/revisions"}],"predecessor-version":[{"id":614,"href":"https:\/\/neera.ee\/lt\/wp-json\/wp\/v2\/pages\/36\/revisions\/614"}],"wp:attachment":[{"href":"https:\/\/neera.ee\/lt\/wp-json\/wp\/v2\/media?parent=36"}],"curies":[{"name":"wp","href":"https:\/\/api.w.org\/{rel}","templated":true}]}}