{"id":34,"date":"2024-08-30T18:39:21","date_gmt":"2024-08-30T15:39:21","guid":{"rendered":"https:\/\/neera-shop.ru\/lt\/?page_id=34"},"modified":"2025-03-28T02:53:36","modified_gmt":"2025-03-27T23:53:36","slug":"shipping-and-returns","status":"publish","type":"page","link":"https:\/\/neera.ee\/lt\/shipping-and-returns\/","title":{"rendered":"Pristatymas ir gr\u0105\u017einimas"},"content":{"rendered":"<h1 class=\"wp-block-heading has-text-align-center tw-mb-16 NB tw-text-center tw-w-full\">Pristatymas ir gr\u0105\u017einimas<\/h1><h2 class=\"wp-block-heading\">Pristatymo informacija<\/h2><p><br>Mes naudojame <a href=\"https:\/\/www.omniva.ee\/\"><span style=\"text-decoration: underline;\">Smartpost<\/span><\/a> pristatymo paslaug\u0105, kad u\u017etikrintume greit\u0105 ir saug\u0173 j\u016bs\u0173 preki\u0173 pristatym\u0105.<br><br><\/p><h3 class=\"wp-block-heading\">\u0160alys, \u012f kurias siun\u010diame:<br><br><\/h3><ul class=\"wp-block-list tw-pl-6 tw-list-disc list-li-gap-2\"><li>Estija<\/li>\n\n<li>Latvija<\/li>\n\n<li>Lietuva<\/li><\/ul><h3 class=\"wp-block-heading\"><br>Pristatymo laikas:<\/h3><p><br>Paprastai pristatymo laikas yra 5 dienos. Atkreipkite d\u0117mes\u012f, kad pristatymo laikas gali skirtis priklausomai nuo paskirties vietos ir vietos s\u0105lyg\u0173.<br><br><\/p><h3 class=\"wp-block-heading\">U\u017esakymo sekimas:<\/h3><p><br>Galite sekti savo u\u017esakym\u0105 naudodami <a href=\"https:\/\/itella.ee\/en\/private-customer\/parcel-tracking\/\"><span style=\"text-decoration: underline;\">sekimo paslaug\u0105<\/span><\/a>. Apsilankykite u\u017esakymo sekimo puslapyje ir \u012fveskite sekimo numer\u012f, kad su\u017einotum\u0117te pristatymo b\u016bsen\u0105.<br><br><br><\/p><h2 class=\"wp-block-heading\">Preki\u0173 gr\u0105\u017einimo politika<\/h2><p><br>Mes siekiame, kad J\u016bs liktum\u0117te visi\u0161kai patenkinti savo pirkiniu. Ta\u010diau, jei jums reikia gr\u0105\u017einti prekes, perskaitykite m\u016bs\u0173 gr\u0105\u017einimo politik\u0105, pateikt\u0105 \u017eemiau.<br><br><\/p><h3 class=\"wp-block-heading\">Preki\u0173 gr\u0105\u017einimo s\u0105lygos:<br><br><\/h3><ul class=\"wp-block-list tw-pl-6 tw-list-disc list-li-gap-2\"><li>Prek\u0117s turi b\u016bti gr\u0105\u017einamos per 14 dien\u0173 nuo j\u0173 gavimo.<\/li>\n\n<li>Prek\u0117s turi b\u016bti neatspausdintos ir originalioje pakuot\u0117je.<\/li>\n\n<li>Pra\u0161ome prid\u0117ti original\u0173 \u010dek\u012f arba pirkimo patvirtinim\u0105.<\/li><\/ul><h3 class=\"wp-block-heading\"><br>Kaip gr\u0105\u017einti prekes:<\/h3><p><br>Nor\u0117dami gr\u0105\u017einti prek\u0119, susisiekite su m\u016bs\u0173 klient\u0173 aptarnavimo komanda adresu: <span style=\"text-decoration: underline;\"><a href=\"mailto:info@neera.ee\">info@neera.ee<\/a><\/span> nor\u0117dami prad\u0117ti gr\u0105\u017einimo proces\u0105. Kai j\u016bs\u0173 gr\u0105\u017einamoji i\u0161moka bus patvirtinta, gausite tolesnes instrukcijas, kaip atsi\u0173sti mums savo prekes atgal.<br><br><\/p><h3 class=\"wp-block-heading\">Gr\u0105\u017einimas:<\/h3><p><br>Kai tik gausime j\u016bs\u0173 gr\u0105\u017einam\u0105 prek\u0119, j\u0105 patikrinsime ir informuosime jus apie gr\u0105\u017einimo status\u0105. Jei j\u016bs\u0173 gr\u0105\u017einamoji i\u0161moka bus patvirtinta, mes gr\u0105\u017einsime pinigus j\u016bs\u0173 pradiniu mok\u0117jimo b\u016bdu. Pra\u0161ome palaukti kelias dienas, kol gr\u0105\u017einamoji i\u0161moka bus apdorota ir pasirodys j\u016bs\u0173 paskyroje.<br><br><\/p><h3 class=\"wp-block-heading\">Mainas:<\/h3><p><br>Jei norite pasikeisti prek\u0119, susisiekite su mumis adresu <a href=\"mailto:info@neera.ee\"><span style=\"text-decoration: underline;\"><a href=\"mailto:primalend2000@gmail.com\"><span style=\"text-decoration: underline;\">info@neera.ee<\/span><\/a><\/span><\/a> keitimas atliekamas priklausomai nuo preki\u0173 prieinamumo. <br><br>D\u0117l bet koki\u0173 klausim\u0173, susijusi\u0173 su pristatymu ir gr\u0105\u017einimu, kreipkit\u0117s \u012f m\u016bs\u0173 klient\u0173 aptarnavimo tarnyb\u0105. Mes esame \u010dia, kad pad\u0117tume jums ir \u012fsitikintume, kad turite teigiam\u0173 \u012fsp\u016bd\u017ei\u0173 i\u0161 m\u016bs\u0173 bendradarbiavimo.<br><\/p>","protected":false},"excerpt":{"rendered":"<p>Pristatymas ir gr\u0105\u017einimas Pristatymo informacija Mes naudojame Smartpost pristatymo paslaug\u0105, kad u\u017etikrintume greit\u0105 ir saug\u0173 j\u016bs\u0173 preki\u0173 pristatym\u0105. \u0160alys, \u012f kurias siun\u010diame: Pristatymo laikas: Paprastai pristatymo laikas yra 5 dienos. Atkreipkite d\u0117mes\u012f, kad pristatymo laikas gali skirtis priklausomai nuo paskirties vietos ir vietos s\u0105lyg\u0173. U\u017esakymo sekimas: Galite sekti savo u\u017esakym\u0105 naudodami sekimo paslaug\u0105. Apsilankykite u\u017esakymo [&hellip;]<\/p>\n","protected":false},"author":1,"featured_media":0,"parent":0,"menu_order":0,"comment_status":"closed","ping_status":"closed","template":"","meta":{"_acf_changed":false,"inline_featured_image":false,"footnotes":""},"class_list":["post-34","page","type-page","status-publish","hentry"],"acf":[],"yoast_head":"<!-- This site is optimized with the Yoast SEO plugin v24.6 - https:\/\/yoast.com\/wordpress\/plugins\/seo\/ -->\n<title>Pristatymas ir gr\u0105\u017einimas - Neera - Valymo sirupas<\/title>\n<meta name=\"robots\" content=\"index, follow, max-snippet:-1, max-image-preview:large, max-video-preview:-1\" \/>\n<link rel=\"canonical\" href=\"https:\/\/neera.ee\/lt\/shipping-and-returns\/\" \/>\n<meta property=\"og:locale\" content=\"lt_LT\" \/>\n<meta property=\"og:type\" content=\"article\" \/>\n<meta property=\"og:title\" content=\"Pristatymas ir gr\u0105\u017einimas - Neera - Valymo sirupas\" \/>\n<meta property=\"og:description\" content=\"Pristatymas ir gr\u0105\u017einimas Pristatymo informacija Mes naudojame Smartpost pristatymo paslaug\u0105, kad u\u017etikrintume greit\u0105 ir saug\u0173 j\u016bs\u0173 preki\u0173 pristatym\u0105. \u0160alys, \u012f kurias siun\u010diame: Pristatymo laikas: Paprastai pristatymo laikas yra 5 dienos. Atkreipkite d\u0117mes\u012f, kad pristatymo laikas gali skirtis priklausomai nuo paskirties vietos ir vietos s\u0105lyg\u0173. U\u017esakymo sekimas: Galite sekti savo u\u017esakym\u0105 naudodami sekimo paslaug\u0105. Apsilankykite u\u017esakymo [&hellip;]\" \/>\n<meta property=\"og:url\" content=\"https:\/\/neera.ee\/lt\/shipping-and-returns\/\" \/>\n<meta property=\"og:site_name\" content=\"Neera - Valymo sirupas\" \/>\n<meta property=\"article:modified_time\" content=\"2025-03-27T23:53:36+00:00\" \/>\n<meta name=\"twitter:card\" content=\"summary_large_image\" \/>\n<meta name=\"twitter:label1\" content=\"Est. reading time\" \/>\n\t<meta name=\"twitter:data1\" content=\"2 minut\u0117s\" \/>\n<script type=\"application\/ld+json\" class=\"yoast-schema-graph\">{\"@context\":\"https:\/\/schema.org\",\"@graph\":[{\"@type\":\"WebPage\",\"@id\":\"https:\/\/neera.ee\/lt\/shipping-and-returns\/\",\"url\":\"https:\/\/neera.ee\/lt\/shipping-and-returns\/\",\"name\":\"Pristatymas ir gr\u0105\u017einimas - Neera - Valymo sirupas\",\"isPartOf\":{\"@id\":\"https:\/\/neera-shop.ru\/lt\/#website\"},\"datePublished\":\"2024-08-30T15:39:21+00:00\",\"dateModified\":\"2025-03-27T23:53:36+00:00\",\"breadcrumb\":{\"@id\":\"https:\/\/neera.ee\/lt\/shipping-and-returns\/#breadcrumb\"},\"inLanguage\":\"lt-LT\",\"potentialAction\":[{\"@type\":\"ReadAction\",\"target\":[\"https:\/\/neera.ee\/lt\/shipping-and-returns\/\"]}]},{\"@type\":\"BreadcrumbList\",\"@id\":\"https:\/\/neera.ee\/lt\/shipping-and-returns\/#breadcrumb\",\"itemListElement\":[{\"@type\":\"ListItem\",\"position\":1,\"name\":\"Home\",\"item\":\"https:\/\/neera.ee\/lt\/\"},{\"@type\":\"ListItem\",\"position\":2,\"name\":\"Pristatymas ir gr\u0105\u017einimas\"}]},{\"@type\":\"WebSite\",\"@id\":\"https:\/\/neera-shop.ru\/lt\/#website\",\"url\":\"https:\/\/neera-shop.ru\/lt\/\",\"name\":\"Neera - Valymo sirupas\",\"description\":\"Neera natural Madal Bal Syrup - specialus klevo sirupo ir palmi\u0173 sirupo mi\u0161inys, kuris bus pagrindas Master Cleanse dietai.\",\"potentialAction\":[{\"@type\":\"SearchAction\",\"target\":{\"@type\":\"EntryPoint\",\"urlTemplate\":\"https:\/\/neera-shop.ru\/lt\/?s={search_term_string}\"},\"query-input\":{\"@type\":\"PropertyValueSpecification\",\"valueRequired\":true,\"valueName\":\"search_term_string\"}}],\"inLanguage\":\"lt-LT\"}]}<\/script>\n<!-- \/ Yoast SEO plugin. -->","yoast_head_json":{"title":"Pristatymas ir gr\u0105\u017einimas - Neera - Valymo sirupas","robots":{"index":"index","follow":"follow","max-snippet":"max-snippet:-1","max-image-preview":"max-image-preview:large","max-video-preview":"max-video-preview:-1"},"canonical":"https:\/\/neera.ee\/lt\/shipping-and-returns\/","og_locale":"lt_LT","og_type":"article","og_title":"Pristatymas ir gr\u0105\u017einimas - Neera - Valymo sirupas","og_description":"Pristatymas ir gr\u0105\u017einimas Pristatymo informacija Mes naudojame Smartpost pristatymo paslaug\u0105, kad u\u017etikrintume greit\u0105 ir saug\u0173 j\u016bs\u0173 preki\u0173 pristatym\u0105. \u0160alys, \u012f kurias siun\u010diame: Pristatymo laikas: Paprastai pristatymo laikas yra 5 dienos. Atkreipkite d\u0117mes\u012f, kad pristatymo laikas gali skirtis priklausomai nuo paskirties vietos ir vietos s\u0105lyg\u0173. U\u017esakymo sekimas: Galite sekti savo u\u017esakym\u0105 naudodami sekimo paslaug\u0105. Apsilankykite u\u017esakymo [&hellip;]","og_url":"https:\/\/neera.ee\/lt\/shipping-and-returns\/","og_site_name":"Neera - Valymo sirupas","article_modified_time":"2025-03-27T23:53:36+00:00","twitter_card":"summary_large_image","twitter_misc":{"Est. reading time":"2 minut\u0117s"},"schema":{"@context":"https:\/\/schema.org","@graph":[{"@type":"WebPage","@id":"https:\/\/neera.ee\/lt\/shipping-and-returns\/","url":"https:\/\/neera.ee\/lt\/shipping-and-returns\/","name":"Pristatymas ir gr\u0105\u017einimas - Neera - Valymo sirupas","isPartOf":{"@id":"https:\/\/neera-shop.ru\/lt\/#website"},"datePublished":"2024-08-30T15:39:21+00:00","dateModified":"2025-03-27T23:53:36+00:00","breadcrumb":{"@id":"https:\/\/neera.ee\/lt\/shipping-and-returns\/#breadcrumb"},"inLanguage":"lt-LT","potentialAction":[{"@type":"ReadAction","target":["https:\/\/neera.ee\/lt\/shipping-and-returns\/"]}]},{"@type":"BreadcrumbList","@id":"https:\/\/neera.ee\/lt\/shipping-and-returns\/#breadcrumb","itemListElement":[{"@type":"ListItem","position":1,"name":"Home","item":"https:\/\/neera.ee\/lt\/"},{"@type":"ListItem","position":2,"name":"Pristatymas ir gr\u0105\u017einimas"}]},{"@type":"WebSite","@id":"https:\/\/neera-shop.ru\/lt\/#website","url":"https:\/\/neera-shop.ru\/lt\/","name":"Neera - Valymo sirupas","description":"Neera natural Madal Bal Syrup - specialus klevo sirupo ir palmi\u0173 sirupo mi\u0161inys, kuris bus pagrindas Master Cleanse dietai.","potentialAction":[{"@type":"SearchAction","target":{"@type":"EntryPoint","urlTemplate":"https:\/\/neera-shop.ru\/lt\/?s={search_term_string}"},"query-input":{"@type":"PropertyValueSpecification","valueRequired":true,"valueName":"search_term_string"}}],"inLanguage":"lt-LT"}]}},"_links":{"self":[{"href":"https:\/\/neera.ee\/lt\/wp-json\/wp\/v2\/pages\/34","targetHints":{"allow":["GET"]}}],"collection":[{"href":"https:\/\/neera.ee\/lt\/wp-json\/wp\/v2\/pages"}],"about":[{"href":"https:\/\/neera.ee\/lt\/wp-json\/wp\/v2\/types\/page"}],"author":[{"embeddable":true,"href":"https:\/\/neera.ee\/lt\/wp-json\/wp\/v2\/users\/1"}],"replies":[{"embeddable":true,"href":"https:\/\/neera.ee\/lt\/wp-json\/wp\/v2\/comments?post=34"}],"version-history":[{"count":9,"href":"https:\/\/neera.ee\/lt\/wp-json\/wp\/v2\/pages\/34\/revisions"}],"predecessor-version":[{"id":606,"href":"https:\/\/neera.ee\/lt\/wp-json\/wp\/v2\/pages\/34\/revisions\/606"}],"wp:attachment":[{"href":"https:\/\/neera.ee\/lt\/wp-json\/wp\/v2\/media?parent=34"}],"curies":[{"name":"wp","href":"https:\/\/api.w.org\/{rel}","templated":true}]}}