{"id":32,"date":"2024-08-30T18:38:56","date_gmt":"2024-08-30T15:38:56","guid":{"rendered":"https:\/\/neera-shop.ru\/lt\/?page_id=32"},"modified":"2025-03-14T00:44:34","modified_gmt":"2025-03-13T21:44:34","slug":"program","status":"publish","type":"page","link":"https:\/\/neera.ee\/lt\/the-program\/program\/","title":{"rendered":"Programa"},"content":{"rendered":"<h1 class=\"wp-block-heading has-text-align-center tw-mb-16 NB tw-text-center tw-w-full\">Programa 5-10 dien\u0173<\/h1><p>Per vis\u0105 Neera valymo kurs\u0105 kiet\u0105 maist\u0105 pakei\u010diate Neera g\u0117rimu. \u0160is g\u0117rimas suteiks jums energijos ir vis\u0173 b\u016btin\u0173 maistini\u0173 med\u017eiag\u0173. J\u016bs turite atsisakyti savo kasdieni\u0173 kulinarini\u0173 \u012fpro\u010di\u0173, kad gal\u0117tum\u0117te pails\u0117ti savo vir\u0161kinimo sistemai. \u0160is g\u0117rimas taip pat stimuliuoja nat\u016bral\u0173 j\u016bs\u0173 k\u016bno valymo proces\u0105.<br><br>Neera g\u0117rimas yra paprastas, nat\u016bralus, maistingas, efektyvus ir skanus.<br><br><\/p><h2 class=\"wp-block-heading\">Kiti g\u0117rimai:<\/h2><p><br>Dietos metu taip pat naudinga gerti \u017eoleli\u0173 arbatas, tokias kaip m\u0117t\u0173 ar ramun\u0117li\u0173. Taip pat galite naudoti \u0161iek tiek \u0161vie\u017eiai spaust\u0173 sul\u010di\u0173, bet pabandykite gerti &#8222;nira&#8221;kiek \u012fmanoma. G\u0117rimas &#8222;nira&#8221; geriau numal\u0161ins alkio jausm\u0105 ir stimuliuos nat\u016bral\u0173 k\u016bno valymo proces\u0105. Taip pat pageidautina ir net b\u016btina gerti paprast\u0105 vanden\u012f. Kalki\u0173 sultys gali pakeisti citrin\u0173 sultis NEERA g\u0117rime, suteikiant jam unikal\u0173 skon\u012f.<br><br><\/p><h2 class=\"wp-block-heading\">Toksin\u0173 pa\u0161alinimas i\u0161 organizmo<\/h2><p><br>Tinkamas toksin\u0173 pa\u0161alinimas i\u0161 organizmo yra pagrindin\u0117 Neera programos sudedamoji dalis. Visi toksinai ir \u0161lakai turi b\u016bti nuolat \u0161alinami kurso metu ir netur\u0117t\u0173 kauptis kitose k\u016bno dalyse ar organuose.<br><br>Daugumai \u017emoni\u0173 rekomenduojame gerti \u017eoleli\u0173 viduri\u0173 arbat\u0105 saikingai vakare ir praplauti burn\u0105 j\u016bros vandeniu ryte.<br><br><\/p><h2 class=\"wp-block-heading\">Skalbimo paruo\u0161imas s\u016briu vandeniu:<\/h2><p><br>Sumai\u0161ykite vien\u0105 litr\u0105 \u0161iek tiek \u0161ilto vandens su dviem arbatiniais \u0161auk\u0161teliais j\u016bros druskos. Labai svarbu, kad j\u016bs naudojate j\u016bros drusk\u0105, o ne \u012fprast\u0105 virtuv\u0119. Ryte i\u0161gerkite vis\u0105 tirpal\u0105. \u017darnyno i\u0161tu\u0161tinimas paprastai vyksta greitai, per pusvaland\u012f-valand\u0105.<br><br><\/p><h2 class=\"wp-block-heading\">I\u0161\u0117jimas i\u0161 valymo programos:<\/h2><p><br>Did\u017eiausia klaida yra per greitas gr\u012f\u017eimas \u012f \u012fprast\u0105 mityb\u0105. Kadangi j\u016bs\u0173 vir\u0161kinimo sistema pails\u0117jo 5-10 dien\u0173, tur\u0117tum\u0117te b\u016bti atsarg\u016bs ir rimtai atsi\u017evelgti \u012f tinkam\u0105 i\u0161\u0117jim\u0105 i\u0161 programos. Per\u0117jimas prie \u012fprastos mitybos tur\u0117t\u0173 b\u016bti laipsni\u0161kas.<br><br>Dauguma \u017emoni\u0173, baig\u0119 program\u0105, nejau\u010dia noro i\u0161 karto valgyti daug paprasto maisto. \u012esiklausykite \u012f savo organizm\u0105; tai pad\u0117s jums suprasti, ar teisingai i\u0161einate i\u0161 programos.<br><br><\/p><h3 class=\"wp-block-heading\">J\u016bs tur\u0117tum\u0117te gr\u012f\u017eti \u012f savo \u012fprast\u0105 mityb\u0105 per 3-4 dienas:<br><br><\/h3><ul class=\"wp-block-list tw-list-disc tw-pl-6 list-li-gap-2\"><li class=\"tw-mb-2\">Pirmoji diena &#8211; j\u016bs\u0173 racion\u0105 sudaro \u012fvairios vaisi\u0173 sultys.<\/li>\n\n<li>Antroji diena-prad\u0117kite ryt\u0105 su sultimis, tada prid\u0117kite dar\u017eovi\u0173 sriubos tyr\u0119.<\/li>\n\n<li>Tre\u010dioji diena-\u012f savo mityb\u0105 \u012ftraukite \u0161vie\u017ei\u0173 dar\u017eovi\u0173 ir vaisi\u0173, bet vis tiek venkite m\u0117sos, \u017euvies, duonos, kiau\u0161ini\u0173, saldumyn\u0173 ir gazuot\u0173 g\u0117rim\u0173.<\/li>\n\n<li>Ketvirtoji diena-galite gr\u012f\u017eti \u012f \u012fprast\u0105 meniu. Tikiuosi, kad dabar jis bus naudingesnis. Jei j\u016bs\u0173 valymo kursas buvo trumpas, galite gr\u012f\u017eti \u012f savo \u012fprast\u0105 mityb\u0105 kas antr\u0105 dien\u0105, bet klausytis savo k\u016bno ir jo poreiki\u0173; tai pad\u0117s jums suprasti, kaip greitai u\u017ebaigti program\u0105.<\/li><\/ul><h3 class=\"wp-block-heading\"><br>Neskub\u0117kite!<\/h3><p><br>J\u016bs tikriausiai pasteb\u0117site, kad po valymo kurso j\u016bs\u0173 skonio poj\u016b\u010diai tapo daug ry\u0161kesni, ir j\u016bs m\u0117gausit\u0117s sul\u010di\u0173, paprast\u0173 dar\u017eovi\u0173 sriub\u0173 ir \u0161vie\u017ei\u0173 vaisi\u0173 skoniu ir energija.<br><br><\/p><p class=\"link tw-text-lg\"><a href=\"\/lt\/shop\">Pirkite dabar nat\u016bral\u0173 medienos sirup\u0105 &#8222;Madalbal&#8221;!<\/a><\/p>","protected":false},"excerpt":{"rendered":"<p>Programa 5-10 dien\u0173 Per vis\u0105 Neera valymo kurs\u0105 kiet\u0105 maist\u0105 pakei\u010diate Neera g\u0117rimu. \u0160is g\u0117rimas suteiks jums energijos ir vis\u0173 b\u016btin\u0173 maistini\u0173 med\u017eiag\u0173. J\u016bs turite atsisakyti savo kasdieni\u0173 kulinarini\u0173 \u012fpro\u010di\u0173, kad gal\u0117tum\u0117te pails\u0117ti savo vir\u0161kinimo sistemai. \u0160is g\u0117rimas taip pat stimuliuoja nat\u016bral\u0173 j\u016bs\u0173 k\u016bno valymo proces\u0105. Neera g\u0117rimas yra paprastas, nat\u016bralus, maistingas, efektyvus ir skanus. [&hellip;]<\/p>\n","protected":false},"author":1,"featured_media":0,"parent":22,"menu_order":0,"comment_status":"closed","ping_status":"closed","template":"","meta":{"_acf_changed":false,"inline_featured_image":false,"footnotes":""},"class_list":["post-32","page","type-page","status-publish","hentry"],"acf":[],"yoast_head":"<!-- This site is optimized with the Yoast SEO plugin v24.6 - https:\/\/yoast.com\/wordpress\/plugins\/seo\/ -->\n<title>Programa - Neera - Valymo sirupas<\/title>\n<meta name=\"robots\" content=\"index, follow, max-snippet:-1, max-image-preview:large, max-video-preview:-1\" \/>\n<link rel=\"canonical\" href=\"https:\/\/neera.ee\/lt\/the-program\/program\/\" \/>\n<meta property=\"og:locale\" content=\"lt_LT\" \/>\n<meta property=\"og:type\" content=\"article\" \/>\n<meta property=\"og:title\" content=\"Programa - Neera - Valymo sirupas\" \/>\n<meta property=\"og:description\" content=\"Programa 5-10 dien\u0173 Per vis\u0105 Neera valymo kurs\u0105 kiet\u0105 maist\u0105 pakei\u010diate Neera g\u0117rimu. \u0160is g\u0117rimas suteiks jums energijos ir vis\u0173 b\u016btin\u0173 maistini\u0173 med\u017eiag\u0173. J\u016bs turite atsisakyti savo kasdieni\u0173 kulinarini\u0173 \u012fpro\u010di\u0173, kad gal\u0117tum\u0117te pails\u0117ti savo vir\u0161kinimo sistemai. \u0160is g\u0117rimas taip pat stimuliuoja nat\u016bral\u0173 j\u016bs\u0173 k\u016bno valymo proces\u0105. Neera g\u0117rimas yra paprastas, nat\u016bralus, maistingas, efektyvus ir skanus. [&hellip;]\" \/>\n<meta property=\"og:url\" content=\"https:\/\/neera.ee\/lt\/the-program\/program\/\" \/>\n<meta property=\"og:site_name\" content=\"Neera - Valymo sirupas\" \/>\n<meta property=\"article:modified_time\" content=\"2025-03-13T21:44:34+00:00\" \/>\n<meta name=\"twitter:card\" content=\"summary_large_image\" \/>\n<meta name=\"twitter:label1\" content=\"Est. reading time\" \/>\n\t<meta name=\"twitter:data1\" content=\"3 minut\u0117s\" \/>\n<script type=\"application\/ld+json\" class=\"yoast-schema-graph\">{\"@context\":\"https:\/\/schema.org\",\"@graph\":[{\"@type\":\"WebPage\",\"@id\":\"https:\/\/neera.ee\/lt\/the-program\/program\/\",\"url\":\"https:\/\/neera.ee\/lt\/the-program\/program\/\",\"name\":\"Programa - Neera - Valymo sirupas\",\"isPartOf\":{\"@id\":\"https:\/\/neera-shop.ru\/lt\/#website\"},\"datePublished\":\"2024-08-30T15:38:56+00:00\",\"dateModified\":\"2025-03-13T21:44:34+00:00\",\"breadcrumb\":{\"@id\":\"https:\/\/neera.ee\/lt\/the-program\/program\/#breadcrumb\"},\"inLanguage\":\"lt-LT\",\"potentialAction\":[{\"@type\":\"ReadAction\",\"target\":[\"https:\/\/neera.ee\/lt\/the-program\/program\/\"]}]},{\"@type\":\"BreadcrumbList\",\"@id\":\"https:\/\/neera.ee\/lt\/the-program\/program\/#breadcrumb\",\"itemListElement\":[{\"@type\":\"ListItem\",\"position\":1,\"name\":\"Home\",\"item\":\"https:\/\/neera.ee\/lt\/\"},{\"@type\":\"ListItem\",\"position\":2,\"name\":\"Programa\",\"item\":\"https:\/\/neera-shop.ru\/lt\/the-program\/\"},{\"@type\":\"ListItem\",\"position\":3,\"name\":\"Programa\"}]},{\"@type\":\"WebSite\",\"@id\":\"https:\/\/neera-shop.ru\/lt\/#website\",\"url\":\"https:\/\/neera-shop.ru\/lt\/\",\"name\":\"Neera - Valymo sirupas\",\"description\":\"Neera natural Madal Bal Syrup - specialus klevo sirupo ir palmi\u0173 sirupo mi\u0161inys, kuris bus pagrindas Master Cleanse dietai.\",\"potentialAction\":[{\"@type\":\"SearchAction\",\"target\":{\"@type\":\"EntryPoint\",\"urlTemplate\":\"https:\/\/neera-shop.ru\/lt\/?s={search_term_string}\"},\"query-input\":{\"@type\":\"PropertyValueSpecification\",\"valueRequired\":true,\"valueName\":\"search_term_string\"}}],\"inLanguage\":\"lt-LT\"}]}<\/script>\n<!-- \/ Yoast SEO plugin. -->","yoast_head_json":{"title":"Programa - Neera - Valymo sirupas","robots":{"index":"index","follow":"follow","max-snippet":"max-snippet:-1","max-image-preview":"max-image-preview:large","max-video-preview":"max-video-preview:-1"},"canonical":"https:\/\/neera.ee\/lt\/the-program\/program\/","og_locale":"lt_LT","og_type":"article","og_title":"Programa - Neera - Valymo sirupas","og_description":"Programa 5-10 dien\u0173 Per vis\u0105 Neera valymo kurs\u0105 kiet\u0105 maist\u0105 pakei\u010diate Neera g\u0117rimu. \u0160is g\u0117rimas suteiks jums energijos ir vis\u0173 b\u016btin\u0173 maistini\u0173 med\u017eiag\u0173. J\u016bs turite atsisakyti savo kasdieni\u0173 kulinarini\u0173 \u012fpro\u010di\u0173, kad gal\u0117tum\u0117te pails\u0117ti savo vir\u0161kinimo sistemai. \u0160is g\u0117rimas taip pat stimuliuoja nat\u016bral\u0173 j\u016bs\u0173 k\u016bno valymo proces\u0105. Neera g\u0117rimas yra paprastas, nat\u016bralus, maistingas, efektyvus ir skanus. [&hellip;]","og_url":"https:\/\/neera.ee\/lt\/the-program\/program\/","og_site_name":"Neera - Valymo sirupas","article_modified_time":"2025-03-13T21:44:34+00:00","twitter_card":"summary_large_image","twitter_misc":{"Est. reading time":"3 minut\u0117s"},"schema":{"@context":"https:\/\/schema.org","@graph":[{"@type":"WebPage","@id":"https:\/\/neera.ee\/lt\/the-program\/program\/","url":"https:\/\/neera.ee\/lt\/the-program\/program\/","name":"Programa - Neera - Valymo sirupas","isPartOf":{"@id":"https:\/\/neera-shop.ru\/lt\/#website"},"datePublished":"2024-08-30T15:38:56+00:00","dateModified":"2025-03-13T21:44:34+00:00","breadcrumb":{"@id":"https:\/\/neera.ee\/lt\/the-program\/program\/#breadcrumb"},"inLanguage":"lt-LT","potentialAction":[{"@type":"ReadAction","target":["https:\/\/neera.ee\/lt\/the-program\/program\/"]}]},{"@type":"BreadcrumbList","@id":"https:\/\/neera.ee\/lt\/the-program\/program\/#breadcrumb","itemListElement":[{"@type":"ListItem","position":1,"name":"Home","item":"https:\/\/neera.ee\/lt\/"},{"@type":"ListItem","position":2,"name":"Programa","item":"https:\/\/neera-shop.ru\/lt\/the-program\/"},{"@type":"ListItem","position":3,"name":"Programa"}]},{"@type":"WebSite","@id":"https:\/\/neera-shop.ru\/lt\/#website","url":"https:\/\/neera-shop.ru\/lt\/","name":"Neera - Valymo sirupas","description":"Neera natural Madal Bal Syrup - specialus klevo sirupo ir palmi\u0173 sirupo mi\u0161inys, kuris bus pagrindas Master Cleanse dietai.","potentialAction":[{"@type":"SearchAction","target":{"@type":"EntryPoint","urlTemplate":"https:\/\/neera-shop.ru\/lt\/?s={search_term_string}"},"query-input":{"@type":"PropertyValueSpecification","valueRequired":true,"valueName":"search_term_string"}}],"inLanguage":"lt-LT"}]}},"_links":{"self":[{"href":"https:\/\/neera.ee\/lt\/wp-json\/wp\/v2\/pages\/32","targetHints":{"allow":["GET"]}}],"collection":[{"href":"https:\/\/neera.ee\/lt\/wp-json\/wp\/v2\/pages"}],"about":[{"href":"https:\/\/neera.ee\/lt\/wp-json\/wp\/v2\/types\/page"}],"author":[{"embeddable":true,"href":"https:\/\/neera.ee\/lt\/wp-json\/wp\/v2\/users\/1"}],"replies":[{"embeddable":true,"href":"https:\/\/neera.ee\/lt\/wp-json\/wp\/v2\/comments?post=32"}],"version-history":[{"count":8,"href":"https:\/\/neera.ee\/lt\/wp-json\/wp\/v2\/pages\/32\/revisions"}],"predecessor-version":[{"id":585,"href":"https:\/\/neera.ee\/lt\/wp-json\/wp\/v2\/pages\/32\/revisions\/585"}],"up":[{"embeddable":true,"href":"https:\/\/neera.ee\/lt\/wp-json\/wp\/v2\/pages\/22"}],"wp:attachment":[{"href":"https:\/\/neera.ee\/lt\/wp-json\/wp\/v2\/media?parent=32"}],"curies":[{"name":"wp","href":"https:\/\/api.w.org\/{rel}","templated":true}]}}