{"id":30,"date":"2024-08-30T18:38:31","date_gmt":"2024-08-30T15:38:31","guid":{"rendered":"https:\/\/neera-shop.ru\/lt\/?page_id=30"},"modified":"2025-03-14T00:44:44","modified_gmt":"2025-03-13T21:44:44","slug":"difficulties","status":"publish","type":"page","link":"https:\/\/neera.ee\/lt\/the-program\/difficulties\/","title":{"rendered":"Sunkumas"},"content":{"rendered":"<h1 class=\"wp-block-heading has-text-align-center tw-mb-16 NB tw-text-center tw-w-full\">I\u0161\u0161\u016bkis sunkumams!<\/h1><p>Neera programa yra gana paprastas k\u016bno valymo metodas, ta\u010diau tai nerei\u0161kia, kad su juo nebus joki\u0173 problem\u0173. Dauguma \u017emoni\u0173 per vis\u0105 kurs\u0105 neturi joki\u0173 problem\u0173, ta\u010diau kartais kai kurie gali susidurti su tam tikrais sunkumais.<br><br><\/p><h2 class=\"wp-block-heading\">Problemos su toksin\u0173 pa\u0161alinimu<\/h2><p><br>Kai kuriems \u017emon\u0117ms pagrindin\u0117 problema yra toksin\u0173 pa\u0161alinimas. Neera programos metu mes atsikratome toksin\u0173 ir \u0161lak\u0173, pa\u0161alindami juos nat\u016braliai. \u0160is procesas gali sukelti tam tikr\u0105 diskomfort\u0105. Ta\u010diau \u0161is diskomfortas netur\u0117t\u0173 b\u016bti painiojamas su programos \u0161alutiniu poveikiu. Ties\u0105 sakant, \u0161ie po\u017eymiai yra geras \u017eenklas, kad j\u016bs\u0173 k\u016bnas valomas ir veikia, nes j\u016bs\u0173 vir\u0161kinimo organai yra kenksming\u0173 toksin\u0173 pa\u0161alinimo procese.<br><br><\/p><p>Bendrieji valymo simptomai gali b\u016bti:<br><br><\/p><ul class=\"wp-block-list tw-list-disc tw-pl-6 list-li-gap-2\"><li class=\"tw-mb-2\">Pasen\u0119s kv\u0117pavimas<\/li>\n\n<li>Nuovargis<\/li>\n\n<li>\u0160leik\u0161tulys<\/li>\n\n<li>Tamsus \u0161lapimas<\/li>\n\n<li>U\u017esikim\u0161imas ar sloga<\/li>\n\n<li>Svaigulys<\/li>\n\n<li>Raumen\u0173 skausmas<\/li>\n\n<li>Galvos skausmas<\/li><\/ul><p><br>Jei reikia, pasiruo\u0161kite \u0161iek tiek papildomam poilsiui. Paprastai \u0161ie \u0161alutiniai poveikiai pasirei\u0161kia per pirm\u0105sias dvi dienas, o po to i\u0161nyksta. Daugelis \u017emoni\u0173 m\u0117gsta savaitgaliais prad\u0117ti Neera valymo kurs\u0105, kai jie gali atsipalaiduoti ir prireikus praleisti papildom\u0105 poils\u012f. Jei turite galvos skausm\u0105 ar kit\u0105 diskomfort\u0105, pabandykite gerti \u017eoleli\u0173 arbatas, pavyzd\u017eiui, m\u0117t\u0173. J\u016bs taip pat galite pad\u0117ti pa\u0161alinti toksinus per od\u0105 masa\u017eo, limfos drena\u017eo, apsilankymo saunoje ar vonios, kad atsipalaiduotum\u0117te.<br><br><\/p><h2 class=\"wp-block-heading\">Tipi\u0161kas grafikas<br><br><\/h2><ul class=\"wp-block-list tw-list-disc tw-pl-6 list-li-gap-2\"><li class=\"tw-mb-2\"><strong>1 diena:<\/strong> gera savijauta, galb\u016bt su lengvu alkio jausmu ir lengvu nuovargiu. Gerkite daugiau Neera g\u0117rimo ir laikykite j\u012f po ranka. Tai pad\u0117s i\u0161vengti pagundos u\u017ek\u0105sti.<\/li>\n\n<li><strong>2-3 dienos: <\/strong>\u0161iomis dienomis paprastai atsiranda pirmieji Detoksikacijos po\u017eymiai. Kai kurie gali jausti \u0161altkr\u0117tis. Taip yra d\u0117l toksin\u0173 pa\u0161alinimo. Jei reikia, pasiruo\u0161kite \u0161iek tiek pails\u0117ti.<\/li>\n\n<li><strong>3-5 diena:<\/strong> savijauta \u017eymiai pager\u0117ja. Kiekvien\u0105 dien\u0105 dauguma \u017emoni\u0173 jau\u010diasi vis geriau ir geriau. Stipr\u0117ja ai\u0161kumo, lengvumo ir geros savijautos jausmas. Daugumos \u017emoni\u0173 fizinis poreikis kietam maistui ma\u017e\u0117ja.<\/li>\n\n<li class=\"tw-mb-2\"><strong>6-15 dienos:<\/strong> puiki savijauta! Nuostabu, kaip gerai mes galime jaustis, kai suteikiame savo k\u016bnui galimyb\u0119. Dauguma \u017emoni\u0173 retai jau\u010diasi alkani ir jau\u010diasi sveiki ir pails\u0117j\u0119. Jei vis dar jau\u010diat\u0117s alkanas, gerkite daugiau Neera g\u0117rimo. Dabar, kai dauguma toksin\u0173 i\u0161\u0117jo i\u0161 j\u016bs\u0173 k\u016bno ir j\u016bs per\u0117jote prie skystos dietos, j\u016bs pajusite j\u0117g\u0173 antpl\u016bd\u012f. J\u016bs jausit\u0117s taip gerai, kad nuo\u0161ird\u017eiai gail\u0117sit\u0117s vis\u0173 t\u0173, kurie vis dar gyvena su nuolatin\u0117mis mintimis apie maist\u0105.<\/li><\/ul>","protected":false},"excerpt":{"rendered":"<p>I\u0161\u0161\u016bkis sunkumams! Neera programa yra gana paprastas k\u016bno valymo metodas, ta\u010diau tai nerei\u0161kia, kad su juo nebus joki\u0173 problem\u0173. Dauguma \u017emoni\u0173 per vis\u0105 kurs\u0105 neturi joki\u0173 problem\u0173, ta\u010diau kartais kai kurie gali susidurti su tam tikrais sunkumais. Problemos su toksin\u0173 pa\u0161alinimu Kai kuriems \u017emon\u0117ms pagrindin\u0117 problema yra toksin\u0173 pa\u0161alinimas. Neera programos metu mes atsikratome toksin\u0173 [&hellip;]<\/p>\n","protected":false},"author":1,"featured_media":0,"parent":22,"menu_order":0,"comment_status":"closed","ping_status":"closed","template":"","meta":{"_acf_changed":false,"inline_featured_image":false,"footnotes":""},"class_list":["post-30","page","type-page","status-publish","hentry"],"acf":[],"yoast_head":"<!-- This site is optimized with the Yoast SEO plugin v24.6 - https:\/\/yoast.com\/wordpress\/plugins\/seo\/ -->\n<title>Sunkumas - Neera - Valymo sirupas<\/title>\n<meta name=\"robots\" content=\"index, follow, max-snippet:-1, max-image-preview:large, max-video-preview:-1\" \/>\n<link rel=\"canonical\" href=\"https:\/\/neera.ee\/lt\/the-program\/difficulties\/\" \/>\n<meta property=\"og:locale\" content=\"lt_LT\" \/>\n<meta property=\"og:type\" content=\"article\" \/>\n<meta property=\"og:title\" content=\"Sunkumas - Neera - Valymo sirupas\" \/>\n<meta property=\"og:description\" content=\"I\u0161\u0161\u016bkis sunkumams! Neera programa yra gana paprastas k\u016bno valymo metodas, ta\u010diau tai nerei\u0161kia, kad su juo nebus joki\u0173 problem\u0173. Dauguma \u017emoni\u0173 per vis\u0105 kurs\u0105 neturi joki\u0173 problem\u0173, ta\u010diau kartais kai kurie gali susidurti su tam tikrais sunkumais. Problemos su toksin\u0173 pa\u0161alinimu Kai kuriems \u017emon\u0117ms pagrindin\u0117 problema yra toksin\u0173 pa\u0161alinimas. Neera programos metu mes atsikratome toksin\u0173 [&hellip;]\" \/>\n<meta property=\"og:url\" content=\"https:\/\/neera.ee\/lt\/the-program\/difficulties\/\" \/>\n<meta property=\"og:site_name\" content=\"Neera - Valymo sirupas\" \/>\n<meta property=\"article:modified_time\" content=\"2025-03-13T21:44:44+00:00\" \/>\n<meta name=\"twitter:card\" content=\"summary_large_image\" \/>\n<script type=\"application\/ld+json\" class=\"yoast-schema-graph\">{\"@context\":\"https:\/\/schema.org\",\"@graph\":[{\"@type\":\"WebPage\",\"@id\":\"https:\/\/neera.ee\/lt\/the-program\/difficulties\/\",\"url\":\"https:\/\/neera.ee\/lt\/the-program\/difficulties\/\",\"name\":\"Sunkumas - Neera - Valymo sirupas\",\"isPartOf\":{\"@id\":\"https:\/\/neera-shop.ru\/lt\/#website\"},\"datePublished\":\"2024-08-30T15:38:31+00:00\",\"dateModified\":\"2025-03-13T21:44:44+00:00\",\"breadcrumb\":{\"@id\":\"https:\/\/neera.ee\/lt\/the-program\/difficulties\/#breadcrumb\"},\"inLanguage\":\"lt-LT\",\"potentialAction\":[{\"@type\":\"ReadAction\",\"target\":[\"https:\/\/neera.ee\/lt\/the-program\/difficulties\/\"]}]},{\"@type\":\"BreadcrumbList\",\"@id\":\"https:\/\/neera.ee\/lt\/the-program\/difficulties\/#breadcrumb\",\"itemListElement\":[{\"@type\":\"ListItem\",\"position\":1,\"name\":\"Home\",\"item\":\"https:\/\/neera.ee\/lt\/\"},{\"@type\":\"ListItem\",\"position\":2,\"name\":\"Programa\",\"item\":\"https:\/\/neera-shop.ru\/lt\/the-program\/\"},{\"@type\":\"ListItem\",\"position\":3,\"name\":\"Sunkumas\"}]},{\"@type\":\"WebSite\",\"@id\":\"https:\/\/neera-shop.ru\/lt\/#website\",\"url\":\"https:\/\/neera-shop.ru\/lt\/\",\"name\":\"Neera - Valymo sirupas\",\"description\":\"Neera natural Madal Bal Syrup - specialus klevo sirupo ir palmi\u0173 sirupo mi\u0161inys, kuris bus pagrindas Master Cleanse dietai.\",\"potentialAction\":[{\"@type\":\"SearchAction\",\"target\":{\"@type\":\"EntryPoint\",\"urlTemplate\":\"https:\/\/neera-shop.ru\/lt\/?s={search_term_string}\"},\"query-input\":{\"@type\":\"PropertyValueSpecification\",\"valueRequired\":true,\"valueName\":\"search_term_string\"}}],\"inLanguage\":\"lt-LT\"}]}<\/script>\n<!-- \/ Yoast SEO plugin. -->","yoast_head_json":{"title":"Sunkumas - Neera - Valymo sirupas","robots":{"index":"index","follow":"follow","max-snippet":"max-snippet:-1","max-image-preview":"max-image-preview:large","max-video-preview":"max-video-preview:-1"},"canonical":"https:\/\/neera.ee\/lt\/the-program\/difficulties\/","og_locale":"lt_LT","og_type":"article","og_title":"Sunkumas - Neera - Valymo sirupas","og_description":"I\u0161\u0161\u016bkis sunkumams! Neera programa yra gana paprastas k\u016bno valymo metodas, ta\u010diau tai nerei\u0161kia, kad su juo nebus joki\u0173 problem\u0173. Dauguma \u017emoni\u0173 per vis\u0105 kurs\u0105 neturi joki\u0173 problem\u0173, ta\u010diau kartais kai kurie gali susidurti su tam tikrais sunkumais. Problemos su toksin\u0173 pa\u0161alinimu Kai kuriems \u017emon\u0117ms pagrindin\u0117 problema yra toksin\u0173 pa\u0161alinimas. Neera programos metu mes atsikratome toksin\u0173 [&hellip;]","og_url":"https:\/\/neera.ee\/lt\/the-program\/difficulties\/","og_site_name":"Neera - Valymo sirupas","article_modified_time":"2025-03-13T21:44:44+00:00","twitter_card":"summary_large_image","schema":{"@context":"https:\/\/schema.org","@graph":[{"@type":"WebPage","@id":"https:\/\/neera.ee\/lt\/the-program\/difficulties\/","url":"https:\/\/neera.ee\/lt\/the-program\/difficulties\/","name":"Sunkumas - Neera - Valymo sirupas","isPartOf":{"@id":"https:\/\/neera-shop.ru\/lt\/#website"},"datePublished":"2024-08-30T15:38:31+00:00","dateModified":"2025-03-13T21:44:44+00:00","breadcrumb":{"@id":"https:\/\/neera.ee\/lt\/the-program\/difficulties\/#breadcrumb"},"inLanguage":"lt-LT","potentialAction":[{"@type":"ReadAction","target":["https:\/\/neera.ee\/lt\/the-program\/difficulties\/"]}]},{"@type":"BreadcrumbList","@id":"https:\/\/neera.ee\/lt\/the-program\/difficulties\/#breadcrumb","itemListElement":[{"@type":"ListItem","position":1,"name":"Home","item":"https:\/\/neera.ee\/lt\/"},{"@type":"ListItem","position":2,"name":"Programa","item":"https:\/\/neera-shop.ru\/lt\/the-program\/"},{"@type":"ListItem","position":3,"name":"Sunkumas"}]},{"@type":"WebSite","@id":"https:\/\/neera-shop.ru\/lt\/#website","url":"https:\/\/neera-shop.ru\/lt\/","name":"Neera - Valymo sirupas","description":"Neera natural Madal Bal Syrup - specialus klevo sirupo ir palmi\u0173 sirupo mi\u0161inys, kuris bus pagrindas Master Cleanse dietai.","potentialAction":[{"@type":"SearchAction","target":{"@type":"EntryPoint","urlTemplate":"https:\/\/neera-shop.ru\/lt\/?s={search_term_string}"},"query-input":{"@type":"PropertyValueSpecification","valueRequired":true,"valueName":"search_term_string"}}],"inLanguage":"lt-LT"}]}},"_links":{"self":[{"href":"https:\/\/neera.ee\/lt\/wp-json\/wp\/v2\/pages\/30","targetHints":{"allow":["GET"]}}],"collection":[{"href":"https:\/\/neera.ee\/lt\/wp-json\/wp\/v2\/pages"}],"about":[{"href":"https:\/\/neera.ee\/lt\/wp-json\/wp\/v2\/types\/page"}],"author":[{"embeddable":true,"href":"https:\/\/neera.ee\/lt\/wp-json\/wp\/v2\/users\/1"}],"replies":[{"embeddable":true,"href":"https:\/\/neera.ee\/lt\/wp-json\/wp\/v2\/comments?post=30"}],"version-history":[{"count":5,"href":"https:\/\/neera.ee\/lt\/wp-json\/wp\/v2\/pages\/30\/revisions"}],"predecessor-version":[{"id":587,"href":"https:\/\/neera.ee\/lt\/wp-json\/wp\/v2\/pages\/30\/revisions\/587"}],"up":[{"embeddable":true,"href":"https:\/\/neera.ee\/lt\/wp-json\/wp\/v2\/pages\/22"}],"wp:attachment":[{"href":"https:\/\/neera.ee\/lt\/wp-json\/wp\/v2\/media?parent=30"}],"curies":[{"name":"wp","href":"https:\/\/api.w.org\/{rel}","templated":true}]}}