{"id":28,"date":"2024-08-30T18:38:06","date_gmt":"2024-08-30T15:38:06","guid":{"rendered":"https:\/\/neera-shop.ru\/lt\/?page_id=28"},"modified":"2025-03-14T00:43:59","modified_gmt":"2025-03-13T21:43:59","slug":"body-detox","status":"publish","type":"page","link":"https:\/\/neera.ee\/lt\/the-program\/body-detox\/","title":{"rendered":"Detox"},"content":{"rendered":"<h1 class=\"wp-block-heading has-text-align-center tw-mb-16 NB tw-text-center tw-w-full\">Kod\u0117l b\u016btina periodi\u0161kai valyti savo k\u016bn\u0105?<\/h1><p>Kiekviena m\u016bs\u0173 k\u016bno l\u0105stel\u0117 nat\u016braliai nuolat gamina \u012fvairius toksinus. Tai yra normali bet kurio gyvo organizmo gyvybin\u0117s veiklos funkcija.<br><br>\u0160ios nat\u016bralios l\u0105steli\u0173 sekrecijos vadinamos endogenin\u0117mis ir susidaro normaliai veikiant visus m\u016bs\u0173 k\u016bno organus.<br><br>Deja, m\u016bs\u0173 \u0161iuolaikin\u0117je visuomen\u0117je did\u017eioji dalis m\u016bs\u0173 suvartojamo maisto prideda papildom\u0173 toksin\u0173 prie t\u0173, kuriuos nat\u016braliai gamina m\u016bs\u0173 organizmo l\u0105stel\u0117s. Tod\u0117l viskas, kas patenka \u012f m\u016bs\u0173 k\u016bn\u0105 i\u0161 i\u0161or\u0117s, turi b\u016bti vir\u0161kinama ir pa\u0161alinama i\u0161 organizmo, kitaip ji virsta papildomu toksini\u0173 med\u017eiag\u0173 kiekiu.<br><br>Did\u017eioji dalis m\u016bs\u0173 suvartojamo maisto virsta toksi\u0161komis atliekomis m\u016bs\u0173 organizme, nes jis negali b\u016bti tinkamai suvir\u0161kintas ir pa\u0161alintas i\u0161 organizmo.<br><br>Visi apdoroti maisto produktai, dirbtiniai ingredientai, nesveikas maistas ir greitas maistas sukuria papildom\u0105 na\u0161t\u0105 m\u016bs\u0173 organizmui.<br><br>Be netinkamos mitybos, m\u016bs\u0173 k\u016bnas nat\u016braliai absorbuoja toksi\u0161kas med\u017eiagas i\u0161 aplinkos. Tai palengvina nesveika ekologin\u0117 situacija m\u016bs\u0173 miestuose. Kai kuriais skai\u010diavimais, ore, kuriuo kv\u0117puojame, yra daugiau nei 200 000 toksini\u0173 komponent\u0173. Daugelis \u0161i\u0173 toksin\u0173 patenka \u012f m\u016bs\u0173 k\u016bn\u0105.<br><br>2001 m. JAV Lig\u0173 kontrol\u0117s centrai atliko tyrimus d\u0117l toksini\u0173 med\u017eiag\u0173 buvimo \u017emogaus organizme. Jie i\u0161tyr\u0117 2500 \u017emoni\u0173 ir aptiko j\u0173 organizme ma\u017eiausiai 700 sintetini\u0173 chemini\u0173 med\u017eiag\u0173.<br><br>Naujagimiai taip pat buvo i\u0161bandyti, o j\u0173 k\u016bne taip pat buvo rasta apie 200 toksini\u0173 komponent\u0173. Da\u017eniausios chemin\u0117s med\u017eiagos naujagimi\u0173 k\u016bne buvo gyvsidabris, pesticidai ir teflonas (neseniai identifikuotas kaip kancerogenas).<br><br>\u0160i\u0173 med\u017eiag\u0173 poveikis m\u016bs\u0173 organizmui vis dar tiriamas. Ta\u010diau jau dabar ai\u0161ku, kad \u0161ios chemin\u0117s med\u017eiagos yra m\u016bs\u0173 organizme ir gali paveikti m\u016bs\u0173 imunin\u0119 sistem\u0105, sukelti lengvus negalavimus, o kai kuriais atvejais ir sukelti rimtesnes ligas. Daugelis bendr\u0173 lig\u0173 yra susijusios su toksikoze.<br><br>Ar pasteb\u0117jote bet kur\u012f i\u0161 \u0161i\u0173 simptom\u0173?<br><br><\/p><ul class=\"wp-block-list tw-list-disc tw-pl-6 list-li-gap-2\"><li>Galvos skausmas<\/li>\n\n<li>Kosulys<\/li>\n\n<li>Gerkl\u0117s skausmas<\/li>\n\n<li>\u012etemptas ar sulenktas kaklas<\/li>\n\n<li>Stenokardija<\/li>\n\n<li>Auk\u0161tas cholesterolio kiekis<\/li>\n\n<li>Nugaros skausmas<\/li>\n\n<li>Nie\u017e\u0117jimas nosyje<\/li>\n\n<li>Aki\u0173 dirginimas<\/li>\n\n<li>Kar\u0161tin\u0117<\/li>\n\n<li>Nervingumas<\/li>\n\n<li>Svaigulys<\/li>\n\n<li>Nuotaikos svyravimai<\/li>\n\n<li>Nerimas<\/li>\n\n<li>Odos b\u0117rimas<\/li>\n\n<li>\u0160leik\u0161tulys<\/li>\n\n<li>Skrand\u017eio sutrikimas<\/li>\n\n<li>Anoreksija<\/li>\n\n<li>Pasen\u0119s kv\u0117pavimas<\/li>\n\n<li>U\u017ekiet\u0117jimas<\/li>\n\n<li>Depresija<\/li>\n\n<li>Nutukimas<\/li>\n\n<li>Seksualin\u0117s disfunkcijos<\/li><\/ul><p><br>Dauguma \u0161irdies lig\u0173, cukrinis diabetas ir kai kurie v\u0117\u017eio tipai yra susij\u0119 su toksinais m\u016bs\u0173 organizme.<br><br>Neerasupercleanse dieta pad\u0117s pa\u0161alinti toksinus i\u0161 organizmo, suma\u017einti k\u016bno svor\u012f ir u\u017ekirsti keli\u0105 \u012fvairioms ligoms.<br><br><\/p><h2 class=\"wp-block-heading\">Toksin\u0173 pa\u0161alinimas i\u0161 organizmo<\/h2><p><br>Tinkamas toksin\u0173 pa\u0161alinimas i\u0161 organizmo yra pagrindin\u0117 Neera programos sudedamoji dalis. Visi toksinai ir \u0161lakai turi b\u016bti nuolat \u0161alinami kurso metu ir netur\u0117t\u0173 kauptis kitose k\u016bno dalyse ar organuose.<br><br>Ta\u010diau valymo metu j\u016bs\u0173 i\u0161matos taps ma\u017eiau da\u017enos. Tai nat\u016bralu, nes j\u016bs nevalgote kieto maisto. Ta\u010diau, kaip valymo proceso dalis, kiekvien\u0105 dien\u0105 turite i\u0161tu\u0161tinti \u017earnas.<br><br><\/p><h2 class=\"wp-block-heading\">Valymo \u017eoleli\u0173 arbatos ir plovimo druskos vandeniu<\/h2><p><br>Daugumai \u017emoni\u0173 rekomenduojame gerti \u017eoleli\u0173 viduri\u0173 arbat\u0105 saikingai arba praplauti burn\u0105 j\u016bros vandeniu. Kai kuriems \u017emon\u0117ms, kurie reguliariai i\u0161tu\u0161tina \u017earnas, gali prireikti papildomo viduri\u0173 u\u017ekiet\u0117jimo.<br><br>Siekiant u\u017etikrinti kasdienin\u012f \u017earnyno jud\u0117jim\u0105, dauguma \u017emoni\u0173 geria puodel\u012f viduri\u0173 arbatos prie\u0161 mieg\u0105. Tada ryte kitas puodelis viduri\u0173 arbatos paprastai stimuliuoja \u017earnyno i\u0161tu\u0161tinim\u0105.<br><br>Savo knygoje Stanley Burroughs rekomendavo ryto puodel\u012f vidurius arbatos pakeisti skalavimu su j\u016bros vandeniu. Tai labai efektyvus vidurius. \u017dinoma, jis n\u0117ra labai malonus skoniui, ta\u010diau jis yra labai veiksmingas, ir mes patariame i\u0161bandyti \u0161\u012f metod\u0105 bent kart\u0105 per valymo kurs\u0105.<br><br>Nuplauti j\u016bros vandeniu yra labai paprasta. Sumai\u0161ykite vien\u0105 litr\u0105 \u0161iek tiek \u0161ilto vandens su dviem arbatiniais \u0161auk\u0161teliais j\u016bros druskos. Labai svarbu, kad j\u016bs naudojate j\u016br\u0105, o ne \u012fprast\u0105 valgom\u0105j\u0105 drusk\u0105. I\u0161gerkite vis\u0105 litr\u0105 ryte. \u017darnyno i\u0161tu\u0161tinimas paprastai vyksta greitai, per pusvaland\u012f-valand\u0105.<br><br>Mes nerekomenduojame naudoti vidurius svorio netekimui. Kai kurie \u017emon\u0117s mano, kad daugiau viduri\u0173 arbatos vartojimas pad\u0117s jiems numesti svorio. Tai ne tik neteisinga, bet ir nesaugu. Mes rekomenduojame gerti iki 2 puodeli\u0173 vaista\u017eoli\u0173 viduri\u0173 arbatos per dien\u0105 per vis\u0105 valymo kurs\u0105. Tai daroma tik siekiant skatinti kasdienin\u012f \u017earnyno jud\u0117jim\u0105.<br><br><\/p><p class=\"link tw-text-lg\"><a href=\"\/lt\/shop\/\" data-type=\"page\" data-id=\"6\">Pirkite dabar nat\u016bral\u0173 medienos sirup\u0105 &#8222;Madalbal&#8221;!<\/a><\/p>","protected":false},"excerpt":{"rendered":"<p>Kod\u0117l b\u016btina periodi\u0161kai valyti savo k\u016bn\u0105? Kiekviena m\u016bs\u0173 k\u016bno l\u0105stel\u0117 nat\u016braliai nuolat gamina \u012fvairius toksinus. Tai yra normali bet kurio gyvo organizmo gyvybin\u0117s veiklos funkcija. \u0160ios nat\u016bralios l\u0105steli\u0173 sekrecijos vadinamos endogenin\u0117mis ir susidaro normaliai veikiant visus m\u016bs\u0173 k\u016bno organus. Deja, m\u016bs\u0173 \u0161iuolaikin\u0117je visuomen\u0117je did\u017eioji dalis m\u016bs\u0173 suvartojamo maisto prideda papildom\u0173 toksin\u0173 prie t\u0173, kuriuos nat\u016braliai [&hellip;]<\/p>\n","protected":false},"author":1,"featured_media":0,"parent":22,"menu_order":0,"comment_status":"closed","ping_status":"closed","template":"","meta":{"_acf_changed":false,"inline_featured_image":false,"footnotes":""},"class_list":["post-28","page","type-page","status-publish","hentry"],"acf":[],"yoast_head":"<!-- This site is optimized with the Yoast SEO plugin v24.6 - https:\/\/yoast.com\/wordpress\/plugins\/seo\/ -->\n<title>Detox - Neera - Valymo sirupas<\/title>\n<meta name=\"robots\" content=\"index, follow, max-snippet:-1, max-image-preview:large, max-video-preview:-1\" \/>\n<link rel=\"canonical\" href=\"https:\/\/neera.ee\/lt\/the-program\/body-detox\/\" \/>\n<meta property=\"og:locale\" content=\"lt_LT\" \/>\n<meta property=\"og:type\" content=\"article\" \/>\n<meta property=\"og:title\" content=\"Detox - Neera - Valymo sirupas\" \/>\n<meta property=\"og:description\" content=\"Kod\u0117l b\u016btina periodi\u0161kai valyti savo k\u016bn\u0105? Kiekviena m\u016bs\u0173 k\u016bno l\u0105stel\u0117 nat\u016braliai nuolat gamina \u012fvairius toksinus. Tai yra normali bet kurio gyvo organizmo gyvybin\u0117s veiklos funkcija. \u0160ios nat\u016bralios l\u0105steli\u0173 sekrecijos vadinamos endogenin\u0117mis ir susidaro normaliai veikiant visus m\u016bs\u0173 k\u016bno organus. Deja, m\u016bs\u0173 \u0161iuolaikin\u0117je visuomen\u0117je did\u017eioji dalis m\u016bs\u0173 suvartojamo maisto prideda papildom\u0173 toksin\u0173 prie t\u0173, kuriuos nat\u016braliai [&hellip;]\" \/>\n<meta property=\"og:url\" content=\"https:\/\/neera.ee\/lt\/the-program\/body-detox\/\" \/>\n<meta property=\"og:site_name\" content=\"Neera - Valymo sirupas\" \/>\n<meta property=\"article:modified_time\" content=\"2025-03-13T21:43:59+00:00\" \/>\n<meta name=\"twitter:card\" content=\"summary_large_image\" \/>\n<meta name=\"twitter:label1\" content=\"Est. reading time\" \/>\n\t<meta name=\"twitter:data1\" content=\"4 minut\u0117s\" \/>\n<script type=\"application\/ld+json\" class=\"yoast-schema-graph\">{\"@context\":\"https:\/\/schema.org\",\"@graph\":[{\"@type\":\"WebPage\",\"@id\":\"https:\/\/neera.ee\/lt\/the-program\/body-detox\/\",\"url\":\"https:\/\/neera.ee\/lt\/the-program\/body-detox\/\",\"name\":\"Detox - Neera - Valymo sirupas\",\"isPartOf\":{\"@id\":\"https:\/\/neera-shop.ru\/lt\/#website\"},\"datePublished\":\"2024-08-30T15:38:06+00:00\",\"dateModified\":\"2025-03-13T21:43:59+00:00\",\"breadcrumb\":{\"@id\":\"https:\/\/neera.ee\/lt\/the-program\/body-detox\/#breadcrumb\"},\"inLanguage\":\"lt-LT\",\"potentialAction\":[{\"@type\":\"ReadAction\",\"target\":[\"https:\/\/neera.ee\/lt\/the-program\/body-detox\/\"]}]},{\"@type\":\"BreadcrumbList\",\"@id\":\"https:\/\/neera.ee\/lt\/the-program\/body-detox\/#breadcrumb\",\"itemListElement\":[{\"@type\":\"ListItem\",\"position\":1,\"name\":\"Home\",\"item\":\"https:\/\/neera.ee\/lt\/\"},{\"@type\":\"ListItem\",\"position\":2,\"name\":\"Programa\",\"item\":\"https:\/\/neera-shop.ru\/lt\/the-program\/\"},{\"@type\":\"ListItem\",\"position\":3,\"name\":\"Detox\"}]},{\"@type\":\"WebSite\",\"@id\":\"https:\/\/neera-shop.ru\/lt\/#website\",\"url\":\"https:\/\/neera-shop.ru\/lt\/\",\"name\":\"Neera - Valymo sirupas\",\"description\":\"Neera natural Madal Bal Syrup - specialus klevo sirupo ir palmi\u0173 sirupo mi\u0161inys, kuris bus pagrindas Master Cleanse dietai.\",\"potentialAction\":[{\"@type\":\"SearchAction\",\"target\":{\"@type\":\"EntryPoint\",\"urlTemplate\":\"https:\/\/neera-shop.ru\/lt\/?s={search_term_string}\"},\"query-input\":{\"@type\":\"PropertyValueSpecification\",\"valueRequired\":true,\"valueName\":\"search_term_string\"}}],\"inLanguage\":\"lt-LT\"}]}<\/script>\n<!-- \/ Yoast SEO plugin. -->","yoast_head_json":{"title":"Detox - Neera - Valymo sirupas","robots":{"index":"index","follow":"follow","max-snippet":"max-snippet:-1","max-image-preview":"max-image-preview:large","max-video-preview":"max-video-preview:-1"},"canonical":"https:\/\/neera.ee\/lt\/the-program\/body-detox\/","og_locale":"lt_LT","og_type":"article","og_title":"Detox - Neera - Valymo sirupas","og_description":"Kod\u0117l b\u016btina periodi\u0161kai valyti savo k\u016bn\u0105? Kiekviena m\u016bs\u0173 k\u016bno l\u0105stel\u0117 nat\u016braliai nuolat gamina \u012fvairius toksinus. Tai yra normali bet kurio gyvo organizmo gyvybin\u0117s veiklos funkcija. \u0160ios nat\u016bralios l\u0105steli\u0173 sekrecijos vadinamos endogenin\u0117mis ir susidaro normaliai veikiant visus m\u016bs\u0173 k\u016bno organus. Deja, m\u016bs\u0173 \u0161iuolaikin\u0117je visuomen\u0117je did\u017eioji dalis m\u016bs\u0173 suvartojamo maisto prideda papildom\u0173 toksin\u0173 prie t\u0173, kuriuos nat\u016braliai [&hellip;]","og_url":"https:\/\/neera.ee\/lt\/the-program\/body-detox\/","og_site_name":"Neera - Valymo sirupas","article_modified_time":"2025-03-13T21:43:59+00:00","twitter_card":"summary_large_image","twitter_misc":{"Est. reading time":"4 minut\u0117s"},"schema":{"@context":"https:\/\/schema.org","@graph":[{"@type":"WebPage","@id":"https:\/\/neera.ee\/lt\/the-program\/body-detox\/","url":"https:\/\/neera.ee\/lt\/the-program\/body-detox\/","name":"Detox - Neera - Valymo sirupas","isPartOf":{"@id":"https:\/\/neera-shop.ru\/lt\/#website"},"datePublished":"2024-08-30T15:38:06+00:00","dateModified":"2025-03-13T21:43:59+00:00","breadcrumb":{"@id":"https:\/\/neera.ee\/lt\/the-program\/body-detox\/#breadcrumb"},"inLanguage":"lt-LT","potentialAction":[{"@type":"ReadAction","target":["https:\/\/neera.ee\/lt\/the-program\/body-detox\/"]}]},{"@type":"BreadcrumbList","@id":"https:\/\/neera.ee\/lt\/the-program\/body-detox\/#breadcrumb","itemListElement":[{"@type":"ListItem","position":1,"name":"Home","item":"https:\/\/neera.ee\/lt\/"},{"@type":"ListItem","position":2,"name":"Programa","item":"https:\/\/neera-shop.ru\/lt\/the-program\/"},{"@type":"ListItem","position":3,"name":"Detox"}]},{"@type":"WebSite","@id":"https:\/\/neera-shop.ru\/lt\/#website","url":"https:\/\/neera-shop.ru\/lt\/","name":"Neera - Valymo sirupas","description":"Neera natural Madal Bal Syrup - specialus klevo sirupo ir palmi\u0173 sirupo mi\u0161inys, kuris bus pagrindas Master Cleanse dietai.","potentialAction":[{"@type":"SearchAction","target":{"@type":"EntryPoint","urlTemplate":"https:\/\/neera-shop.ru\/lt\/?s={search_term_string}"},"query-input":{"@type":"PropertyValueSpecification","valueRequired":true,"valueName":"search_term_string"}}],"inLanguage":"lt-LT"}]}},"_links":{"self":[{"href":"https:\/\/neera.ee\/lt\/wp-json\/wp\/v2\/pages\/28","targetHints":{"allow":["GET"]}}],"collection":[{"href":"https:\/\/neera.ee\/lt\/wp-json\/wp\/v2\/pages"}],"about":[{"href":"https:\/\/neera.ee\/lt\/wp-json\/wp\/v2\/types\/page"}],"author":[{"embeddable":true,"href":"https:\/\/neera.ee\/lt\/wp-json\/wp\/v2\/users\/1"}],"replies":[{"embeddable":true,"href":"https:\/\/neera.ee\/lt\/wp-json\/wp\/v2\/comments?post=28"}],"version-history":[{"count":7,"href":"https:\/\/neera.ee\/lt\/wp-json\/wp\/v2\/pages\/28\/revisions"}],"predecessor-version":[{"id":582,"href":"https:\/\/neera.ee\/lt\/wp-json\/wp\/v2\/pages\/28\/revisions\/582"}],"up":[{"embeddable":true,"href":"https:\/\/neera.ee\/lt\/wp-json\/wp\/v2\/pages\/22"}],"wp:attachment":[{"href":"https:\/\/neera.ee\/lt\/wp-json\/wp\/v2\/media?parent=28"}],"curies":[{"name":"wp","href":"https:\/\/api.w.org\/{rel}","templated":true}]}}