{"id":26,"date":"2024-08-30T18:37:20","date_gmt":"2024-08-30T15:37:20","guid":{"rendered":"https:\/\/neera-shop.ru\/lt\/?page_id=26"},"modified":"2025-03-14T00:44:03","modified_gmt":"2025-03-13T21:44:03","slug":"how-it-works","status":"publish","type":"page","link":"https:\/\/neera.ee\/lt\/the-program\/how-it-works\/","title":{"rendered":"Kaip tai veikia"},"content":{"rendered":"<h1 class=\"wp-block-heading has-text-align-center tw-mb-16 NB tw-text-center tw-w-full\">Kaip tai veikia<\/h1><p>Per vis\u0105 Neera valymo kurs\u0105 kiet\u0105 maist\u0105 pakei\u010diate g\u0117rimu Neera. G\u0117rimas Neera suteiks jums energijos ir vis\u0173 b\u016btin\u0173 maistini\u0173 med\u017eiag\u0173.<br><br>Tur\u0117tum\u0117te atsisakyti kasdieni\u0173 kulinarini\u0173 priklausomybi\u0173, kad j\u016bs\u0173 vir\u0161kinimo sistema gal\u0117t\u0173 pails\u0117ti. \u0160is g\u0117rimas taip pat paskatins nat\u016bral\u0173 j\u016bs\u0173 k\u016bno valymo proces\u0105.<br><br>Neera g\u0117rimas yra paprastas, nat\u016bralus, maistingas, efektyvus ir skanus. Neera g\u0117rimo sud\u0117tyje yra:<br><br><br><\/p><div class=\"wp-block-columns tw-grid tw-gap-4 tw-mb-12 tw-grid-cols-2 tw-grid-rows-2 is-layout-flex wp-container-core-columns-is-layout-1 wp-block-columns-is-layout-flex\"><div class=\"wp-block-column is-layout-flow wp-block-column-is-layout-flow\"><figure class=\"wp-block-image size-large wp-block-image-rounded\"><img decoding=\"async\" src=\"\/lt\/wp-content\/uploads\/sites\/5\/2024\/09\/water.webp\" alt=\"\" style=\"aspect-ratio:1;object-fit:cover\"\/><figcaption class=\"wp-element-caption\">Vanduo<\/figcaption><\/figure><\/div>\n\n<div class=\"wp-block-column is-layout-flow wp-block-column-is-layout-flow\"><figure class=\"wp-block-image size-large wp-block-image-rounded\"><img decoding=\"async\" src=\"\/lt\/wp-content\/uploads\/sites\/5\/2024\/09\/lemon.webp\" alt=\"\" style=\"aspect-ratio:1;object-fit:cover\"\/><figcaption class=\"wp-element-caption\">Citrin\u0173 sultys<\/figcaption><\/figure><\/div><\/div><div class=\"wp-block-columns tw-grid tw-gap-4 tw-mb-12 tw-grid-cols-2 tw-grid-rows-2 is-layout-flex wp-container-core-columns-is-layout-2 wp-block-columns-is-layout-flex\"><div class=\"wp-block-column is-layout-flow wp-block-column-is-layout-flow\"><figure class=\"wp-block-image size-large wp-block-image-rounded\"><img decoding=\"async\" src=\"\/lt\/wp-content\/uploads\/sites\/5\/2024\/09\/hero-image.webp\" alt=\"\" style=\"aspect-ratio:1;object-fit:cover\"\/><figcaption class=\"wp-element-caption\">Sirupas MadalBal<\/figcaption><\/figure><\/div>\n\n<div class=\"wp-block-column is-layout-flow wp-block-column-is-layout-flow\"><figure class=\"wp-block-image size-large wp-block-image-rounded\"><img decoding=\"async\" src=\"\/lt\/wp-content\/uploads\/sites\/5\/2024\/09\/pepper-2-scaled.webp\" alt=\"\" style=\"aspect-ratio:1;object-fit:cover\"\/><figcaption class=\"wp-element-caption\">Cayenne Pere (neprivaloma)<\/figcaption><\/figure><\/div><\/div><h2 class=\"wp-block-heading\">G\u0117rimas Neera atlieka visas svarbias dietines funkcijas:<br><br><\/h2><ol class=\"wp-block-list tw-list-decimal tw-pl-6 list-li-gap-2\"><li class=\"tw-mb-2\">Suteikia organizmui visas b\u016btinas maistines med\u017eiagas normaliam veikimui per vis\u0105 dietos laikotarp\u012f. Padeda atkurti biochemin\u012f ir mineralin\u012f balans\u0105 audiniuose ir l\u0105stel\u0117se ir pagreitina l\u0105steli\u0173 regeneracij\u0105.<\/li>\n\n<li>Greitai ir lengvai \u012fsisavinamas kraujyje. I\u0161laisvina energij\u0105, kuri\u0105 j\u016bs\u0173 organizmas paprastai naudoja kit\u0173 fizini\u0173 u\u017eduo\u010di\u0173 vir\u0161kinimui. Pavyzd\u017eiui, l\u0105steli\u0173 regeneracija ir detoksikacija.<\/li>\n\n<li>Suteikia j\u016bs\u0173 organizmui reikiam\u0105 skys\u010dio kiek\u012f, kad veiksmingai pa\u0161alint\u0173 toksinus i\u0161 organizmo.<\/li>\n\n<li>Askorbo r\u016bg\u0161tis ir \u0161armin\u0117 citrin\u0173 sul\u010di\u0173 funkcija prisideda prie valymo proceso, veikia kaip &#8222;vidinis ploviklis&#8221; ir \u0161arminis organizmas.<\/li>\n\n<li>Cayenne pipirai pagreitina med\u017eiag\u0173 apykait\u0105, padidina kraujo apytak\u0105 ir pa\u0161alina toksinus i\u0161 organizmo. Tai taip pat puikus vitamino C \u0161altinis.<\/li><\/ol><h2 class=\"wp-block-heading\"><br>Su\u017einokite daugiau apie visus g\u0117rimo komponentus:<\/h2><h3 class=\"wp-block-heading\"><br>Sirupas MadalBal:<br><br><\/h3><figure class=\"wp-block-image size-large wp-block-image-rounded\"><img decoding=\"async\" src=\"\/lt\/wp-content\/uploads\/sites\/5\/2024\/09\/product-3.webp\" alt=\"\" style=\"aspect-ratio:3\/2;object-fit:cover\"\/><\/figure><p><br>Madal Bal sirupas buvo sukurtas specialiai Neera dietai.<br><br><\/p><h3 class=\"wp-block-heading\">Citrin\u0173 sultys:<br><br><\/h3><figure class=\"wp-block-image size-large wp-block-image-rounded\"><img decoding=\"async\" src=\"\/lt\/wp-content\/uploads\/sites\/5\/2024\/09\/lemon-juice.webp\" alt=\"\" style=\"aspect-ratio:3\/2;object-fit:cover\"\/><\/figure><p><br>Citrinos buvo naudojamos nuo seniausi\u0173 laik\u0173. Jie kil\u0119 i\u0161 Indijos, Mianmaro (Birmos) ir Piet\u0173 Kinijos. Aleksandras Makedonietis atve\u017e\u0117 juos \u012f Graikij\u0105, ir ilg\u0105 laik\u0105 jie buvo brangus delikatesas. \u017dlugus Romos imperijai, citrinos visi\u0161kai i\u0161nyko i\u0161 Europos, kol XIII a. kry\u017eiuo\u010diai j\u0173 nerado Palestinoje.<br><br>D\u0117l aktyvaus citrin\u0173 sul\u010di\u0173 poveikio metabolizmui citrinos da\u017enai naudojamos kaip nat\u016brali priemon\u0117 k\u016bno valymui, ypa\u010d kepen\u0173 valymui. \u0160vie\u017eiai spaustose citrin\u0173 sultyse yra daug vitamino C ir kalio. Citrin\u0173 sultys taip pat yra vienas i\u0161 geriausi\u0173 nat\u016brali\u0173 \u0161armini\u0173 produkt\u0173. \u0160iandien daugelis \u017emoni\u0173 ken\u010dia nuo acidoz\u0117s. Acidoz\u0117 turi daug simptom\u0173 &#8211; nuo bendro nuovargio iki inkst\u0173 akmen\u0173 susidarymo-ir gali sukelti rimt\u0173 lig\u0173. \u0160arminiai produktai \u0161armina krauj\u0105, u\u017ekertant keli\u0105 r\u016bg\u0161tingumo padid\u0117jimui.<br><br>Citrusiniai vaisiai apskritai ir ypa\u010d citrinos yra galingiausi \u0161arminiai produktai gamtoje.<br><br><\/p><h3 class=\"wp-block-heading\">Cayenne pipirai:<br><br><\/h3><figure class=\"wp-block-image size-large wp-block-image-rounded\"><img decoding=\"async\" src=\"\/lt\/wp-content\/uploads\/sites\/5\/2024\/09\/pepper.webp\" alt=\"\" style=\"aspect-ratio:3\/2;object-fit:cover\"\/><\/figure><p><br>Cayenne pipirai suteikia g\u0117rimui NEERA malon\u0173 skon\u012f, ta\u010diau, dar svarbiau, jis taip pat padeda suaktyvinti toksin\u0173 pa\u0161alinim\u0105 ir toksinizacij\u0105 i\u0161 organizmo.<br><br>Cayenne pipirai stimuliuoja kraujotak\u0105. Jame yra veikliosios med\u017eiagos kapsaicino, kuris padidina med\u017eiag\u0173 apykait\u0105 (med\u017eiag\u0173 apykaitos procesus), degina riebalus, ma\u017eina apetit\u0105 ir ma\u017eina alkio jausm\u0105.<br><br>Kaip priemon\u0117 pagerinti kraujo apytak\u0105, ji padeda kraujui pasiekti tolimas k\u016bno vietas, kurios yra labai svarbios veiksmingam k\u016bno valymui ir vis\u0173 toksin\u0173 ir toksin\u0173 pa\u0161alinimui \u012f i\u0161orin\u0119 aplink\u0105. Cayenne pipirai tur\u0117t\u0173 b\u016bti dedami \u012f g\u0117rim\u0105 pagal j\u0173 skon\u012f. Eksperimentuokite pagal savo skon\u012f.<br><br>NEERA organizmo valymo programa pad\u0117jo t\u016bkstan\u010diams \u017emoni\u0173 visame pasaulyje pagerinti savo gyvenimo kokyb\u0119. \u0160iuo metu 33 \u0161alyse kasmet sunaudojama daugiau nei pusantro milijono litr\u0173 medienos sirupo, kur\u012f daugiausia skiria nat\u016bropatai, homeopatai ir Ajurvedos gydytojai<\/p><p class=\"link\"><br><a href=\"\/lt\/shop\">U\u017esisakykite sirup\u0105 m\u016bs\u0173 svetain\u0117je pakeiskite savo gyvenim\u0105 \u012f ger\u0105j\u0105 pus\u0119<\/a><br><br><\/p><h2 class=\"wp-block-heading\">Kaip paruo\u0161ti g\u0117rim\u0105&#8221;Neera&#8221;:<\/h2><p><br>U\u017e vien\u0105 stiklin\u0119 (250 ml) gryno vandens: 20 ml sirupo Madal Bal, 20 ml \u0161vie\u017eiai spaust\u0173 citrin\u0173 sul\u010di\u0173 (nenaudokite paruo\u0161t\u0173 koncentrat\u0173 ir sul\u010di\u0173). \u012epilkite Cayenne pipir\u0173 pagal skon\u012f.<br><br>Taip pat galite paruo\u0161ti g\u0117rim\u0105 vis\u0105 dien\u0105:<br><br>Nor\u0117dami paruo\u0161ti apie 2 litrus, ty 6-8 stiklines rekomenduojamo g\u0117rimo, sumai\u0161ykite 140 ml madalbal sirupo ir 3-4 citrin\u0173 sul\u010di\u0173 su 2 litrais gryno vandens, \u012fpilkite Cayenne pipir\u0173 pagal skon\u012f ir sumai\u0161ykite.<br><br>J\u016bs\u0173 g\u0117rimas yra paruo\u0161tas vis\u0105 dien\u0105. Citrin\u0173 sul\u010di\u0173 kiekis g\u0117rime tur\u0117t\u0173 b\u016bti ma\u017edaug lygus naudojamo sirupo kiekiui.<br><br>G\u0117rim\u0105 galima gerti at\u0161aldytu, kambario temperat\u016broje arba \u0161iltu.<br><br><\/p><p class=\"link tw-text-lg\"><a href=\"\/lt\/shop\/\" data-type=\"page\" data-id=\"6\">Pirkite dabar nat\u016bral\u0173 medienos sirup\u0105 &#8222;Madalbal&#8221;!<\/a><\/p>","protected":false},"excerpt":{"rendered":"<p>Kaip tai veikia Per vis\u0105 Neera valymo kurs\u0105 kiet\u0105 maist\u0105 pakei\u010diate g\u0117rimu Neera. G\u0117rimas Neera suteiks jums energijos ir vis\u0173 b\u016btin\u0173 maistini\u0173 med\u017eiag\u0173. Tur\u0117tum\u0117te atsisakyti kasdieni\u0173 kulinarini\u0173 priklausomybi\u0173, kad j\u016bs\u0173 vir\u0161kinimo sistema gal\u0117t\u0173 pails\u0117ti. \u0160is g\u0117rimas taip pat paskatins nat\u016bral\u0173 j\u016bs\u0173 k\u016bno valymo proces\u0105. Neera g\u0117rimas yra paprastas, nat\u016bralus, maistingas, efektyvus ir skanus. Neera g\u0117rimo [&hellip;]<\/p>\n","protected":false},"author":1,"featured_media":0,"parent":22,"menu_order":0,"comment_status":"closed","ping_status":"closed","template":"","meta":{"_acf_changed":false,"inline_featured_image":false,"footnotes":""},"class_list":["post-26","page","type-page","status-publish","hentry"],"acf":[],"yoast_head":"<!-- This site is optimized with the Yoast SEO plugin v24.6 - https:\/\/yoast.com\/wordpress\/plugins\/seo\/ -->\n<title>Kaip tai veikia - Neera - Valymo sirupas<\/title>\n<meta name=\"robots\" content=\"index, follow, max-snippet:-1, max-image-preview:large, max-video-preview:-1\" \/>\n<link rel=\"canonical\" href=\"https:\/\/neera.ee\/lt\/the-program\/how-it-works\/\" \/>\n<meta property=\"og:locale\" content=\"lt_LT\" \/>\n<meta property=\"og:type\" content=\"article\" \/>\n<meta property=\"og:title\" content=\"Kaip tai veikia - Neera - Valymo sirupas\" \/>\n<meta property=\"og:description\" content=\"Kaip tai veikia Per vis\u0105 Neera valymo kurs\u0105 kiet\u0105 maist\u0105 pakei\u010diate g\u0117rimu Neera. G\u0117rimas Neera suteiks jums energijos ir vis\u0173 b\u016btin\u0173 maistini\u0173 med\u017eiag\u0173. Tur\u0117tum\u0117te atsisakyti kasdieni\u0173 kulinarini\u0173 priklausomybi\u0173, kad j\u016bs\u0173 vir\u0161kinimo sistema gal\u0117t\u0173 pails\u0117ti. \u0160is g\u0117rimas taip pat paskatins nat\u016bral\u0173 j\u016bs\u0173 k\u016bno valymo proces\u0105. Neera g\u0117rimas yra paprastas, nat\u016bralus, maistingas, efektyvus ir skanus. Neera g\u0117rimo [&hellip;]\" \/>\n<meta property=\"og:url\" content=\"https:\/\/neera.ee\/lt\/the-program\/how-it-works\/\" \/>\n<meta property=\"og:site_name\" content=\"Neera - Valymo sirupas\" \/>\n<meta property=\"article:modified_time\" content=\"2025-03-13T21:44:03+00:00\" \/>\n<meta name=\"twitter:card\" content=\"summary_large_image\" \/>\n<meta name=\"twitter:label1\" content=\"Est. reading time\" \/>\n\t<meta name=\"twitter:data1\" content=\"5 minut\u0117s\" \/>\n<script type=\"application\/ld+json\" class=\"yoast-schema-graph\">{\"@context\":\"https:\/\/schema.org\",\"@graph\":[{\"@type\":\"WebPage\",\"@id\":\"https:\/\/neera.ee\/lt\/the-program\/how-it-works\/\",\"url\":\"https:\/\/neera.ee\/lt\/the-program\/how-it-works\/\",\"name\":\"Kaip tai veikia - Neera - Valymo sirupas\",\"isPartOf\":{\"@id\":\"https:\/\/neera-shop.ru\/lt\/#website\"},\"datePublished\":\"2024-08-30T15:37:20+00:00\",\"dateModified\":\"2025-03-13T21:44:03+00:00\",\"breadcrumb\":{\"@id\":\"https:\/\/neera.ee\/lt\/the-program\/how-it-works\/#breadcrumb\"},\"inLanguage\":\"lt-LT\",\"potentialAction\":[{\"@type\":\"ReadAction\",\"target\":[\"https:\/\/neera.ee\/lt\/the-program\/how-it-works\/\"]}]},{\"@type\":\"BreadcrumbList\",\"@id\":\"https:\/\/neera.ee\/lt\/the-program\/how-it-works\/#breadcrumb\",\"itemListElement\":[{\"@type\":\"ListItem\",\"position\":1,\"name\":\"Home\",\"item\":\"https:\/\/neera.ee\/lt\/\"},{\"@type\":\"ListItem\",\"position\":2,\"name\":\"Programa\",\"item\":\"https:\/\/neera-shop.ru\/lt\/the-program\/\"},{\"@type\":\"ListItem\",\"position\":3,\"name\":\"Kaip tai veikia\"}]},{\"@type\":\"WebSite\",\"@id\":\"https:\/\/neera-shop.ru\/lt\/#website\",\"url\":\"https:\/\/neera-shop.ru\/lt\/\",\"name\":\"Neera - Valymo sirupas\",\"description\":\"Neera natural Madal Bal Syrup - specialus klevo sirupo ir palmi\u0173 sirupo mi\u0161inys, kuris bus pagrindas Master Cleanse dietai.\",\"potentialAction\":[{\"@type\":\"SearchAction\",\"target\":{\"@type\":\"EntryPoint\",\"urlTemplate\":\"https:\/\/neera-shop.ru\/lt\/?s={search_term_string}\"},\"query-input\":{\"@type\":\"PropertyValueSpecification\",\"valueRequired\":true,\"valueName\":\"search_term_string\"}}],\"inLanguage\":\"lt-LT\"}]}<\/script>\n<!-- \/ Yoast SEO plugin. -->","yoast_head_json":{"title":"Kaip tai veikia - Neera - Valymo sirupas","robots":{"index":"index","follow":"follow","max-snippet":"max-snippet:-1","max-image-preview":"max-image-preview:large","max-video-preview":"max-video-preview:-1"},"canonical":"https:\/\/neera.ee\/lt\/the-program\/how-it-works\/","og_locale":"lt_LT","og_type":"article","og_title":"Kaip tai veikia - Neera - Valymo sirupas","og_description":"Kaip tai veikia Per vis\u0105 Neera valymo kurs\u0105 kiet\u0105 maist\u0105 pakei\u010diate g\u0117rimu Neera. G\u0117rimas Neera suteiks jums energijos ir vis\u0173 b\u016btin\u0173 maistini\u0173 med\u017eiag\u0173. Tur\u0117tum\u0117te atsisakyti kasdieni\u0173 kulinarini\u0173 priklausomybi\u0173, kad j\u016bs\u0173 vir\u0161kinimo sistema gal\u0117t\u0173 pails\u0117ti. \u0160is g\u0117rimas taip pat paskatins nat\u016bral\u0173 j\u016bs\u0173 k\u016bno valymo proces\u0105. Neera g\u0117rimas yra paprastas, nat\u016bralus, maistingas, efektyvus ir skanus. Neera g\u0117rimo [&hellip;]","og_url":"https:\/\/neera.ee\/lt\/the-program\/how-it-works\/","og_site_name":"Neera - Valymo sirupas","article_modified_time":"2025-03-13T21:44:03+00:00","twitter_card":"summary_large_image","twitter_misc":{"Est. reading time":"5 minut\u0117s"},"schema":{"@context":"https:\/\/schema.org","@graph":[{"@type":"WebPage","@id":"https:\/\/neera.ee\/lt\/the-program\/how-it-works\/","url":"https:\/\/neera.ee\/lt\/the-program\/how-it-works\/","name":"Kaip tai veikia - Neera - Valymo sirupas","isPartOf":{"@id":"https:\/\/neera-shop.ru\/lt\/#website"},"datePublished":"2024-08-30T15:37:20+00:00","dateModified":"2025-03-13T21:44:03+00:00","breadcrumb":{"@id":"https:\/\/neera.ee\/lt\/the-program\/how-it-works\/#breadcrumb"},"inLanguage":"lt-LT","potentialAction":[{"@type":"ReadAction","target":["https:\/\/neera.ee\/lt\/the-program\/how-it-works\/"]}]},{"@type":"BreadcrumbList","@id":"https:\/\/neera.ee\/lt\/the-program\/how-it-works\/#breadcrumb","itemListElement":[{"@type":"ListItem","position":1,"name":"Home","item":"https:\/\/neera.ee\/lt\/"},{"@type":"ListItem","position":2,"name":"Programa","item":"https:\/\/neera-shop.ru\/lt\/the-program\/"},{"@type":"ListItem","position":3,"name":"Kaip tai veikia"}]},{"@type":"WebSite","@id":"https:\/\/neera-shop.ru\/lt\/#website","url":"https:\/\/neera-shop.ru\/lt\/","name":"Neera - Valymo sirupas","description":"Neera natural Madal Bal Syrup - specialus klevo sirupo ir palmi\u0173 sirupo mi\u0161inys, kuris bus pagrindas Master Cleanse dietai.","potentialAction":[{"@type":"SearchAction","target":{"@type":"EntryPoint","urlTemplate":"https:\/\/neera-shop.ru\/lt\/?s={search_term_string}"},"query-input":{"@type":"PropertyValueSpecification","valueRequired":true,"valueName":"search_term_string"}}],"inLanguage":"lt-LT"}]}},"_links":{"self":[{"href":"https:\/\/neera.ee\/lt\/wp-json\/wp\/v2\/pages\/26","targetHints":{"allow":["GET"]}}],"collection":[{"href":"https:\/\/neera.ee\/lt\/wp-json\/wp\/v2\/pages"}],"about":[{"href":"https:\/\/neera.ee\/lt\/wp-json\/wp\/v2\/types\/page"}],"author":[{"embeddable":true,"href":"https:\/\/neera.ee\/lt\/wp-json\/wp\/v2\/users\/1"}],"replies":[{"embeddable":true,"href":"https:\/\/neera.ee\/lt\/wp-json\/wp\/v2\/comments?post=26"}],"version-history":[{"count":7,"href":"https:\/\/neera.ee\/lt\/wp-json\/wp\/v2\/pages\/26\/revisions"}],"predecessor-version":[{"id":583,"href":"https:\/\/neera.ee\/lt\/wp-json\/wp\/v2\/pages\/26\/revisions\/583"}],"up":[{"embeddable":true,"href":"https:\/\/neera.ee\/lt\/wp-json\/wp\/v2\/pages\/22"}],"wp:attachment":[{"href":"https:\/\/neera.ee\/lt\/wp-json\/wp\/v2\/media?parent=26"}],"curies":[{"name":"wp","href":"https:\/\/api.w.org\/{rel}","templated":true}]}}