{"id":24,"date":"2024-08-30T18:36:58","date_gmt":"2024-08-30T15:36:58","guid":{"rendered":"https:\/\/neera-shop.ru\/lt\/?page_id=24"},"modified":"2025-03-14T00:44:06","modified_gmt":"2025-03-13T21:44:06","slug":"weight-loss","status":"publish","type":"page","link":"https:\/\/neera.ee\/lt\/the-program\/weight-loss\/","title":{"rendered":"Liekn\u0117jimas"},"content":{"rendered":"<h1 class=\"wp-block-heading has-text-align-center tw-mb-16 NB tw-text-center tw-w-full\">Liekn\u0117jimas<\/h1><p>Daugelis \u017emoni\u0173 pasirenka Neera k\u016bno valymo program\u0105, nes tai padeda suma\u017einti perteklin\u012f svor\u012f.<br><br>Toksin\u0173 kaupimasis organizme ir antsvoris visada yra susij\u0119. Daugelis maisto produkt\u0173, kurie sukelia svorio padid\u0117jim\u0105, taip pat u\u017eter\u0161ia m\u016bs\u0173 k\u016bn\u0105 toksinais.<br><br>Ar svorio netekimas yra toks svarbus? Mes tikime, kad kiekvienas \u017emogus tur\u0117t\u0173 jaustis patogiai savo k\u016bno at\u017evilgiu, nesvarbu, ar jis turi antsvor\u012f, ar ne. Ta\u010diau svarbu \u017einoti, kad antsvoris kelia rimt\u0105 pavoj\u0173 sveikatai.<br><br>Pasak Amerikos lig\u0173 kontrol\u0117s ir prevencijos centro (CDC), nutukimas kasmet sukelia daugiau nei 300 000 mir\u010di\u0173 Jungtin\u0117se Amerikos Valstijose, o net nedidelis antsvorio kiekis padidina \u012fvairi\u0173 lig\u0173 rizik\u0105. CDC susieja antsvor\u012f su padid\u0117jusia hipertenzijos, diabeto, \u0161irdies lig\u0173, kv\u0117pavimo sutrikim\u0173 ir kai kuri\u0173 v\u0117\u017eio form\u0173 rizika.<br><br>Dieta &#8222;NEERA&#8221; pad\u0117s jums numesti svorio, ribojant suvartojam\u0173 kalorij\u0173 kiek\u012f. Nat\u016bral\u016bs Madalbalo sirupo komponentai taip pat atlieka svarb\u0173 vaidmen\u012f. Citrin\u0173 sultys padeda suskaidyti riebalus organizme. Pasak Stanley Burroughs, &#8222;riebalai tiesiog i\u0161tirpsta&#8221;. Cayenne pipirai taip pat \u017einomi kaip nat\u016bralus produktas, skatinantis svorio netekim\u0105.<br><br>Neera dieta ne tik padeda numesti svorio, bet ir neleid\u017eia jam gr\u012f\u017eti. Atlik\u0119 \u0161i\u0105 valymo diet\u0105, atsikratysite tro\u0161kimo sunkiam, nesveikam maistui.<br><br>Daugelis tipi\u0161k\u0173 maisto produkt\u0173 m\u016bs\u0173 \u0161iuolaikin\u0117je visuomen\u0117je yra intensyviai apdorojami, tod\u0117l padid\u0117ja cukraus, so\u010di\u0173j\u0173 riebal\u0173 ir perdirbt\u0173 angliavandeni\u0173 kiekis. Valymo metu atsikratysite priklausomyb\u0117s nuo \u0161i\u0173 nereikaling\u0173 maisto produkt\u0173.<br><br>Daugelis \u017emoni\u0173, kurie bando net 5-7 dien\u0173 diet\u0105, pastebi, kaip gerai jie jau\u010diasi ir nenori gr\u012f\u017eti \u012f savo ankstesn\u012f gyvenimo b\u016bd\u0105.<br><br>Daugiau nei prie\u0161 30 met\u0173 i\u0161rastas nat\u016brali\u0173 medienos sirup\u0173 mi\u0161inys Madalbaloje prisideda prie nat\u016bralaus k\u016bno riebal\u0173 valymo ir deginimo proceso, kurio veiksmingum\u0105 patvirtino daugelis gydytoj\u0173 ir nat\u016bropat\u0173 visame pasaulyje.<br><br>&#8222;NEERA&#8221; supervalymo programa \u012fgijo did\u017eiul\u012f populiarum\u0105 Europoje, Amerikoje ir Azijoje, kur t\u016bkstan\u010diai \u017emoni\u0173 savo akimis \u012fsitikino jos efektyvumu ir pa\u017eym\u0117jo jos nuostab\u0173 geb\u0117jim\u0105 pad\u0117ti numesti svorio.<br><br>Dietini\u0173 produkt\u0173 parduotuv\u0117s prane\u0161a apie did\u0117jant\u012f nat\u016bralaus sirupo i\u0161 Madalbalo med\u017eio, kuris yra NEERA Super Cleansing citrin\u0173 dietos pagrindas, populiarum\u0105 ir pardavimus. Citrin\u0173 dieta yra viena populiariausi\u0173 Holivude. Daugelis \u012f\u017eymybi\u0173, \u012fskaitant Angelin\u0105 Jolie, j\u012f naudojo, kad greitai atgaut\u0173 form\u0105 filmavimui kine, muzikos klipuose ir apdovanojim\u0173 ceremonijose, kai \u012fprasta dieta negal\u0117jo pad\u0117ti. Rusijos \u017eurnalo &#8222;ELLE&#8221; leidime buvo pristatyta citrin\u0173 valymo dieta &#8222;Neera&#8221;.<br><br><\/p><h3 class=\"wp-block-heading\">Limonadinis D\u017eo<\/h3><p><br>Anglija ir Amerika i\u0161prot\u0117jo d\u0117l naujos &#8222;Master Cleanse&#8221; dietos arba citrin\u0173 Detoksikacijos. Yra gandai, kad Courtney Love, Mickas Jaggeris ir net visur esanti Madona yra jos gerb\u0117jai. Paprasti \u017emon\u0117s taip pat seka \u0161i\u0105 tendencij\u0105: yra daug dienora\u0161\u010di\u0173, kuriuose limonado dietos \u0161alininkai dalijasi savo patirtimi ir palaiko vienas kit\u0105 \u0161ioje sud\u0117tingoje kelion\u0117je. Metodo esm\u0117 yra visi\u0161kas septyni\u0173 dien\u0173 badas. Vietoj maisto galite paruo\u0161ti kokteil\u012f i\u0161 vandens, citrin\u0173 sul\u010di\u0173 ir palmi\u0173 bei klevo sirup\u0173 mi\u0161inio. Taip pat galite prid\u0117ti Cayenne pipir\u0173 ir imbiero \u012f \u0161\u012f aromatin\u012f mi\u0161in\u012f. Pagal turimus duomenis, i\u0161g\u0117r\u0119 porcij\u0105 g\u0117rimo, j\u016bs nepajusite alkio ir jums reikia i\u0161gerti septynias-devynias stiklines \u0161io stebuklingo g\u0117rimo per dien\u0105. \u017dad\u0117ti rezultatai apima trij\u0173 ar keturi\u0173 kilogram\u0173 praradim\u0105, \u0161vie\u017ei\u0105 od\u0105, \u0161vytin\u010dias akis ir puiki\u0105 gerov\u0119.<br><br>\u0160i Valomoji dieta pad\u0117jo dainininkei Beyonce Knowles numesti 9 kg prie\u0161 jos vaidmen\u012f filme &#8222;Svajoni\u0173 merginos&#8221; (2006).<br><br><\/p><figure class=\"wp-block-image size-large is-resized wp-block-image-rounded\"><img decoding=\"async\" src=\"\/lt\/wp-content\/uploads\/sites\/5\/2024\/09\/beyonce-2.webp\" alt=\"\" style=\"aspect-ratio:3\/2;object-fit:cover;width:840px\"\/><\/figure><p><br>2007 m. rugs\u0117jo 23 d. aktor\u0117 ir daininink\u0117 Ashanti septynias dienas praleido valymo kurs\u0105, kuris pad\u0117jo jai prarasti 8 kilogramus prie\u0161 pradedant filmuoti naujame filme &#8222;blogio buvein\u0117: i\u0161nykimas&#8221; ir naujo albumo &#8222;deklaracija&#8221;\u012fra\u0161ym\u0105.<br><br><\/p><figure class=\"wp-block-image size-large is-resized wp-block-image-rounded\"><img decoding=\"async\" src=\"\/lt\/wp-content\/uploads\/sites\/5\/2024\/09\/ashanti-2.webp\" alt=\"\" style=\"object-fit:cover;width:840px;height:auto\"\/><\/figure><p class=\"link tw-text-lg\"><br><a href=\"\/lt\/shop\" data-type=\"link\" data-id=\"https:\/\/neera.ee\/ru\/shop\/\">Pirkite dabar nat\u016bral\u0173 medienos sirup\u0105 &#8222;Madalbal&#8221;!<\/a><\/p>","protected":false},"excerpt":{"rendered":"<p>Liekn\u0117jimas Daugelis \u017emoni\u0173 pasirenka Neera k\u016bno valymo program\u0105, nes tai padeda suma\u017einti perteklin\u012f svor\u012f. Toksin\u0173 kaupimasis organizme ir antsvoris visada yra susij\u0119. Daugelis maisto produkt\u0173, kurie sukelia svorio padid\u0117jim\u0105, taip pat u\u017eter\u0161ia m\u016bs\u0173 k\u016bn\u0105 toksinais. Ar svorio netekimas yra toks svarbus? Mes tikime, kad kiekvienas \u017emogus tur\u0117t\u0173 jaustis patogiai savo k\u016bno at\u017evilgiu, nesvarbu, ar jis [&hellip;]<\/p>\n","protected":false},"author":1,"featured_media":0,"parent":22,"menu_order":0,"comment_status":"closed","ping_status":"closed","template":"","meta":{"_acf_changed":false,"inline_featured_image":false,"footnotes":""},"class_list":["post-24","page","type-page","status-publish","hentry"],"acf":[],"yoast_head":"<!-- This site is optimized with the Yoast SEO plugin v24.6 - https:\/\/yoast.com\/wordpress\/plugins\/seo\/ -->\n<title>Liekn\u0117jimas - Neera - Valymo sirupas<\/title>\n<meta name=\"robots\" content=\"index, follow, max-snippet:-1, max-image-preview:large, max-video-preview:-1\" \/>\n<link rel=\"canonical\" href=\"https:\/\/neera.ee\/lt\/the-program\/weight-loss\/\" \/>\n<meta property=\"og:locale\" content=\"lt_LT\" \/>\n<meta property=\"og:type\" content=\"article\" \/>\n<meta property=\"og:title\" content=\"Liekn\u0117jimas - Neera - Valymo sirupas\" \/>\n<meta property=\"og:description\" content=\"Liekn\u0117jimas Daugelis \u017emoni\u0173 pasirenka Neera k\u016bno valymo program\u0105, nes tai padeda suma\u017einti perteklin\u012f svor\u012f. Toksin\u0173 kaupimasis organizme ir antsvoris visada yra susij\u0119. Daugelis maisto produkt\u0173, kurie sukelia svorio padid\u0117jim\u0105, taip pat u\u017eter\u0161ia m\u016bs\u0173 k\u016bn\u0105 toksinais. Ar svorio netekimas yra toks svarbus? Mes tikime, kad kiekvienas \u017emogus tur\u0117t\u0173 jaustis patogiai savo k\u016bno at\u017evilgiu, nesvarbu, ar jis [&hellip;]\" \/>\n<meta property=\"og:url\" content=\"https:\/\/neera.ee\/lt\/the-program\/weight-loss\/\" \/>\n<meta property=\"og:site_name\" content=\"Neera - Valymo sirupas\" \/>\n<meta property=\"article:modified_time\" content=\"2025-03-13T21:44:06+00:00\" \/>\n<meta name=\"twitter:card\" content=\"summary_large_image\" \/>\n<meta name=\"twitter:label1\" content=\"Est. reading time\" \/>\n\t<meta name=\"twitter:data1\" content=\"4 minut\u0117s\" \/>\n<script type=\"application\/ld+json\" class=\"yoast-schema-graph\">{\"@context\":\"https:\/\/schema.org\",\"@graph\":[{\"@type\":\"WebPage\",\"@id\":\"https:\/\/neera.ee\/lt\/the-program\/weight-loss\/\",\"url\":\"https:\/\/neera.ee\/lt\/the-program\/weight-loss\/\",\"name\":\"Liekn\u0117jimas - Neera - Valymo sirupas\",\"isPartOf\":{\"@id\":\"https:\/\/neera-shop.ru\/lt\/#website\"},\"datePublished\":\"2024-08-30T15:36:58+00:00\",\"dateModified\":\"2025-03-13T21:44:06+00:00\",\"breadcrumb\":{\"@id\":\"https:\/\/neera.ee\/lt\/the-program\/weight-loss\/#breadcrumb\"},\"inLanguage\":\"lt-LT\",\"potentialAction\":[{\"@type\":\"ReadAction\",\"target\":[\"https:\/\/neera.ee\/lt\/the-program\/weight-loss\/\"]}]},{\"@type\":\"BreadcrumbList\",\"@id\":\"https:\/\/neera.ee\/lt\/the-program\/weight-loss\/#breadcrumb\",\"itemListElement\":[{\"@type\":\"ListItem\",\"position\":1,\"name\":\"Home\",\"item\":\"https:\/\/neera.ee\/lt\/\"},{\"@type\":\"ListItem\",\"position\":2,\"name\":\"Programa\",\"item\":\"https:\/\/neera-shop.ru\/lt\/the-program\/\"},{\"@type\":\"ListItem\",\"position\":3,\"name\":\"Liekn\u0117jimas\"}]},{\"@type\":\"WebSite\",\"@id\":\"https:\/\/neera-shop.ru\/lt\/#website\",\"url\":\"https:\/\/neera-shop.ru\/lt\/\",\"name\":\"Neera - Valymo sirupas\",\"description\":\"Neera natural Madal Bal Syrup - specialus klevo sirupo ir palmi\u0173 sirupo mi\u0161inys, kuris bus pagrindas Master Cleanse dietai.\",\"potentialAction\":[{\"@type\":\"SearchAction\",\"target\":{\"@type\":\"EntryPoint\",\"urlTemplate\":\"https:\/\/neera-shop.ru\/lt\/?s={search_term_string}\"},\"query-input\":{\"@type\":\"PropertyValueSpecification\",\"valueRequired\":true,\"valueName\":\"search_term_string\"}}],\"inLanguage\":\"lt-LT\"}]}<\/script>\n<!-- \/ Yoast SEO plugin. -->","yoast_head_json":{"title":"Liekn\u0117jimas - Neera - Valymo sirupas","robots":{"index":"index","follow":"follow","max-snippet":"max-snippet:-1","max-image-preview":"max-image-preview:large","max-video-preview":"max-video-preview:-1"},"canonical":"https:\/\/neera.ee\/lt\/the-program\/weight-loss\/","og_locale":"lt_LT","og_type":"article","og_title":"Liekn\u0117jimas - Neera - Valymo sirupas","og_description":"Liekn\u0117jimas Daugelis \u017emoni\u0173 pasirenka Neera k\u016bno valymo program\u0105, nes tai padeda suma\u017einti perteklin\u012f svor\u012f. Toksin\u0173 kaupimasis organizme ir antsvoris visada yra susij\u0119. Daugelis maisto produkt\u0173, kurie sukelia svorio padid\u0117jim\u0105, taip pat u\u017eter\u0161ia m\u016bs\u0173 k\u016bn\u0105 toksinais. Ar svorio netekimas yra toks svarbus? Mes tikime, kad kiekvienas \u017emogus tur\u0117t\u0173 jaustis patogiai savo k\u016bno at\u017evilgiu, nesvarbu, ar jis [&hellip;]","og_url":"https:\/\/neera.ee\/lt\/the-program\/weight-loss\/","og_site_name":"Neera - Valymo sirupas","article_modified_time":"2025-03-13T21:44:06+00:00","twitter_card":"summary_large_image","twitter_misc":{"Est. reading time":"4 minut\u0117s"},"schema":{"@context":"https:\/\/schema.org","@graph":[{"@type":"WebPage","@id":"https:\/\/neera.ee\/lt\/the-program\/weight-loss\/","url":"https:\/\/neera.ee\/lt\/the-program\/weight-loss\/","name":"Liekn\u0117jimas - Neera - Valymo sirupas","isPartOf":{"@id":"https:\/\/neera-shop.ru\/lt\/#website"},"datePublished":"2024-08-30T15:36:58+00:00","dateModified":"2025-03-13T21:44:06+00:00","breadcrumb":{"@id":"https:\/\/neera.ee\/lt\/the-program\/weight-loss\/#breadcrumb"},"inLanguage":"lt-LT","potentialAction":[{"@type":"ReadAction","target":["https:\/\/neera.ee\/lt\/the-program\/weight-loss\/"]}]},{"@type":"BreadcrumbList","@id":"https:\/\/neera.ee\/lt\/the-program\/weight-loss\/#breadcrumb","itemListElement":[{"@type":"ListItem","position":1,"name":"Home","item":"https:\/\/neera.ee\/lt\/"},{"@type":"ListItem","position":2,"name":"Programa","item":"https:\/\/neera-shop.ru\/lt\/the-program\/"},{"@type":"ListItem","position":3,"name":"Liekn\u0117jimas"}]},{"@type":"WebSite","@id":"https:\/\/neera-shop.ru\/lt\/#website","url":"https:\/\/neera-shop.ru\/lt\/","name":"Neera - Valymo sirupas","description":"Neera natural Madal Bal Syrup - specialus klevo sirupo ir palmi\u0173 sirupo mi\u0161inys, kuris bus pagrindas Master Cleanse dietai.","potentialAction":[{"@type":"SearchAction","target":{"@type":"EntryPoint","urlTemplate":"https:\/\/neera-shop.ru\/lt\/?s={search_term_string}"},"query-input":{"@type":"PropertyValueSpecification","valueRequired":true,"valueName":"search_term_string"}}],"inLanguage":"lt-LT"}]}},"_links":{"self":[{"href":"https:\/\/neera.ee\/lt\/wp-json\/wp\/v2\/pages\/24","targetHints":{"allow":["GET"]}}],"collection":[{"href":"https:\/\/neera.ee\/lt\/wp-json\/wp\/v2\/pages"}],"about":[{"href":"https:\/\/neera.ee\/lt\/wp-json\/wp\/v2\/types\/page"}],"author":[{"embeddable":true,"href":"https:\/\/neera.ee\/lt\/wp-json\/wp\/v2\/users\/1"}],"replies":[{"embeddable":true,"href":"https:\/\/neera.ee\/lt\/wp-json\/wp\/v2\/comments?post=24"}],"version-history":[{"count":5,"href":"https:\/\/neera.ee\/lt\/wp-json\/wp\/v2\/pages\/24\/revisions"}],"predecessor-version":[{"id":584,"href":"https:\/\/neera.ee\/lt\/wp-json\/wp\/v2\/pages\/24\/revisions\/584"}],"up":[{"embeddable":true,"href":"https:\/\/neera.ee\/lt\/wp-json\/wp\/v2\/pages\/22"}],"wp:attachment":[{"href":"https:\/\/neera.ee\/lt\/wp-json\/wp\/v2\/media?parent=24"}],"curies":[{"name":"wp","href":"https:\/\/api.w.org\/{rel}","templated":true}]}}