{"id":20,"date":"2024-08-30T18:36:20","date_gmt":"2024-08-30T15:36:20","guid":{"rendered":"https:\/\/neera-shop.ru\/lt\/?page_id=20"},"modified":"2025-03-14T00:44:56","modified_gmt":"2025-03-13T21:44:56","slug":"syrup","status":"publish","type":"page","link":"https:\/\/neera.ee\/lt\/syrup\/","title":{"rendered":"Sirupas"},"content":{"rendered":"<h1 class=\"wp-block-heading has-text-align-center tw-mb-16 NB tw-w-full\">Sirupas MadalBal<\/h1><figure class=\"wp-block-image size-large tw-rounded-xl tw-object-cover tw-mb-8 tw-w-full wp-block-image-rounded\"><img decoding=\"async\" src=\"\/lt\/wp-content\/uploads\/sites\/5\/2024\/09\/product-4.webp\" alt=\"\" style=\"aspect-ratio:3\/2;object-fit:cover\"\/><\/figure><p>Valymo dietos metu labai svarbu, kad \u012f organizm\u0105 nepatekt\u0173 nauji toksinai. Madalbal sirupas gaminamas i\u0161 nat\u016bralioje, sveikoje aplinkoje auginam\u0173 med\u017ei\u0173 sul\u010di\u0173, kurios garantuoja \u0161var\u0173 ir auk\u0161tos kokyb\u0117s produkt\u0105.<br><br>Madalbal sirupas buvo specialiai sukurtas Neera valymo dietai. Jis savo savyb\u0117mis pranoksta gryn\u0105 klevo sirup\u0105, palengvina diet\u0105 ir pagerina jos rezultatus.<br><br>Sirup\u0105 \u0160veicarijoje suk\u016br\u0117 alternatyvios medicinos specialist\u0173 grup\u0117, vadovaujama Dr.K. A. Beyer. Jie nustat\u0117, kad gryname klevo sirupe n\u0117ra svarbi\u0173 mineral\u0173, reikaling\u0173 dietos metu. Po daugelio met\u0173 bandym\u0173 jie suk\u016br\u0117 madalbal sirup\u0105, kuris yra Kanados klevo sirupo C ir palmi\u0173 sirupo i\u0161 Pietry\u010di\u0173 Azijos mi\u0161inys. \u0160is derinys u\u017etikrina subalansuot\u0105 gyvybi\u0161kai svarbi\u0173 mineral\u0173, reikaling\u0173 organizmui detoksikacijos metu, tiekim\u0105.<br><br>Palmi\u0173 sirupas, \u017einomas Indijoje kaip NEERA, buvo naudojamas t\u016bkstan\u010dius met\u0173 ir yra pagrindinis MadalBal sirupo komponentas. Jis surenkamas i\u0161 keli\u0173 palmi\u0173 veisli\u0173 Pietry\u010di\u0173 Azijoje, naudojant tradicinius daug laiko reikalaujan\u010dius metodus, u\u017etikrinan\u010dius auk\u0161t\u0105 kokyb\u0119. Sirupas tiekiamas i\u0161 ma\u017e\u0173 \u016bki\u0173, palaikan\u010di\u0173 vietines bendruomenes.<br><br>MadalBal sirupui taip pat naudojamas C klas\u0117s Kanados klev\u0173 sirupas, \u017einomas d\u0117l savo prisotinimo ir didelio mineral\u0173 kiekio. Jis surenkamas per trump\u0105 4-6 savai\u010di\u0173 laikotarp\u012f pavasar\u012f, o tik 3-4 litr\u0173 sirupo gamybai reikia 120-200 litr\u0173 sul\u010di\u0173, o tai pabr\u0117\u017eia jo gamybos sud\u0117tingum\u0105.<br><br><\/p><p><\/p><h3 class=\"wp-block-heading\">Nat\u016bralaus med\u017eio sirupo sud\u0117tis:<\/h3><p><br>Baltymai: 1,1 g<br>Angliavandeniai: 64.9 g<br>riebalai: 0,0 g<br>Energin\u0117 vert\u0117: 264 kcal<br><br>Sirupas taip pat yra daug mineral\u0173, kalio, mangano ir cinko. Kalcio ir magnio, taip pat natrio ir kalio santykis idealiai atitinka \u017emogaus k\u016bno poreikius.<br><br><\/p><h3 class=\"wp-block-heading\">Mineralin\u0117 sud\u0117tis:<\/h3><p><br>Gele\u017eis (Fe): 12,1 mg<br>Manganas (Mn): 18,9 mg<br>Cinkas (Zn): 49,5 mg<br>Magnis (Mg): 144,0 mg<br>Kalcio (Ca): 358,0 mg<br>Natris (Na): 457,0 mg<br>Kalio (K): 3963,0 mg<br><br><\/p><p class=\"link tw-text-lg\"><a href=\"\/lt\/shop\" data-type=\"page\" data-id=\"6\">Pirkite dabar nat\u016bral\u0173 medienos sirup\u0105 &#8222;MadalBal&#8221;!<\/a><\/p>","protected":false},"excerpt":{"rendered":"<p>Sirupas MadalBal Valymo dietos metu labai svarbu, kad \u012f organizm\u0105 nepatekt\u0173 nauji toksinai. Madalbal sirupas gaminamas i\u0161 nat\u016bralioje, sveikoje aplinkoje auginam\u0173 med\u017ei\u0173 sul\u010di\u0173, kurios garantuoja \u0161var\u0173 ir auk\u0161tos kokyb\u0117s produkt\u0105. Madalbal sirupas buvo specialiai sukurtas Neera valymo dietai. Jis savo savyb\u0117mis pranoksta gryn\u0105 klevo sirup\u0105, palengvina diet\u0105 ir pagerina jos rezultatus. Sirup\u0105 \u0160veicarijoje suk\u016br\u0117 alternatyvios [&hellip;]<\/p>\n","protected":false},"author":1,"featured_media":0,"parent":0,"menu_order":0,"comment_status":"closed","ping_status":"closed","template":"","meta":{"_acf_changed":false,"inline_featured_image":false,"footnotes":""},"class_list":["post-20","page","type-page","status-publish","hentry"],"acf":[],"yoast_head":"<!-- This site is optimized with the Yoast SEO plugin v24.6 - https:\/\/yoast.com\/wordpress\/plugins\/seo\/ -->\n<title>Sirupas - Neera - Valymo sirupas<\/title>\n<meta name=\"robots\" content=\"index, follow, max-snippet:-1, max-image-preview:large, max-video-preview:-1\" \/>\n<link rel=\"canonical\" href=\"https:\/\/neera.ee\/lt\/syrup\/\" \/>\n<meta property=\"og:locale\" content=\"lt_LT\" \/>\n<meta property=\"og:type\" content=\"article\" \/>\n<meta property=\"og:title\" content=\"Sirupas - Neera - Valymo sirupas\" \/>\n<meta property=\"og:description\" content=\"Sirupas MadalBal Valymo dietos metu labai svarbu, kad \u012f organizm\u0105 nepatekt\u0173 nauji toksinai. Madalbal sirupas gaminamas i\u0161 nat\u016bralioje, sveikoje aplinkoje auginam\u0173 med\u017ei\u0173 sul\u010di\u0173, kurios garantuoja \u0161var\u0173 ir auk\u0161tos kokyb\u0117s produkt\u0105. Madalbal sirupas buvo specialiai sukurtas Neera valymo dietai. Jis savo savyb\u0117mis pranoksta gryn\u0105 klevo sirup\u0105, palengvina diet\u0105 ir pagerina jos rezultatus. Sirup\u0105 \u0160veicarijoje suk\u016br\u0117 alternatyvios [&hellip;]\" \/>\n<meta property=\"og:url\" content=\"https:\/\/neera.ee\/lt\/syrup\/\" \/>\n<meta property=\"og:site_name\" content=\"Neera - Valymo sirupas\" \/>\n<meta property=\"article:modified_time\" content=\"2025-03-13T21:44:56+00:00\" \/>\n<meta name=\"twitter:card\" content=\"summary_large_image\" \/>\n<meta name=\"twitter:label1\" content=\"Est. reading time\" \/>\n\t<meta name=\"twitter:data1\" content=\"1 minut\u0117\" \/>\n<script type=\"application\/ld+json\" class=\"yoast-schema-graph\">{\"@context\":\"https:\/\/schema.org\",\"@graph\":[{\"@type\":\"WebPage\",\"@id\":\"https:\/\/neera.ee\/lt\/syrup\/\",\"url\":\"https:\/\/neera.ee\/lt\/syrup\/\",\"name\":\"Sirupas - Neera - Valymo sirupas\",\"isPartOf\":{\"@id\":\"https:\/\/neera-shop.ru\/lt\/#website\"},\"datePublished\":\"2024-08-30T15:36:20+00:00\",\"dateModified\":\"2025-03-13T21:44:56+00:00\",\"breadcrumb\":{\"@id\":\"https:\/\/neera.ee\/lt\/syrup\/#breadcrumb\"},\"inLanguage\":\"lt-LT\",\"potentialAction\":[{\"@type\":\"ReadAction\",\"target\":[\"https:\/\/neera.ee\/lt\/syrup\/\"]}]},{\"@type\":\"BreadcrumbList\",\"@id\":\"https:\/\/neera.ee\/lt\/syrup\/#breadcrumb\",\"itemListElement\":[{\"@type\":\"ListItem\",\"position\":1,\"name\":\"Home\",\"item\":\"https:\/\/neera.ee\/lt\/\"},{\"@type\":\"ListItem\",\"position\":2,\"name\":\"Sirupas\"}]},{\"@type\":\"WebSite\",\"@id\":\"https:\/\/neera-shop.ru\/lt\/#website\",\"url\":\"https:\/\/neera-shop.ru\/lt\/\",\"name\":\"Neera - Valymo sirupas\",\"description\":\"Neera natural Madal Bal Syrup - specialus klevo sirupo ir palmi\u0173 sirupo mi\u0161inys, kuris bus pagrindas Master Cleanse dietai.\",\"potentialAction\":[{\"@type\":\"SearchAction\",\"target\":{\"@type\":\"EntryPoint\",\"urlTemplate\":\"https:\/\/neera-shop.ru\/lt\/?s={search_term_string}\"},\"query-input\":{\"@type\":\"PropertyValueSpecification\",\"valueRequired\":true,\"valueName\":\"search_term_string\"}}],\"inLanguage\":\"lt-LT\"}]}<\/script>\n<!-- \/ Yoast SEO plugin. -->","yoast_head_json":{"title":"Sirupas - Neera - Valymo sirupas","robots":{"index":"index","follow":"follow","max-snippet":"max-snippet:-1","max-image-preview":"max-image-preview:large","max-video-preview":"max-video-preview:-1"},"canonical":"https:\/\/neera.ee\/lt\/syrup\/","og_locale":"lt_LT","og_type":"article","og_title":"Sirupas - Neera - Valymo sirupas","og_description":"Sirupas MadalBal Valymo dietos metu labai svarbu, kad \u012f organizm\u0105 nepatekt\u0173 nauji toksinai. Madalbal sirupas gaminamas i\u0161 nat\u016bralioje, sveikoje aplinkoje auginam\u0173 med\u017ei\u0173 sul\u010di\u0173, kurios garantuoja \u0161var\u0173 ir auk\u0161tos kokyb\u0117s produkt\u0105. Madalbal sirupas buvo specialiai sukurtas Neera valymo dietai. Jis savo savyb\u0117mis pranoksta gryn\u0105 klevo sirup\u0105, palengvina diet\u0105 ir pagerina jos rezultatus. Sirup\u0105 \u0160veicarijoje suk\u016br\u0117 alternatyvios [&hellip;]","og_url":"https:\/\/neera.ee\/lt\/syrup\/","og_site_name":"Neera - Valymo sirupas","article_modified_time":"2025-03-13T21:44:56+00:00","twitter_card":"summary_large_image","twitter_misc":{"Est. reading time":"1 minut\u0117"},"schema":{"@context":"https:\/\/schema.org","@graph":[{"@type":"WebPage","@id":"https:\/\/neera.ee\/lt\/syrup\/","url":"https:\/\/neera.ee\/lt\/syrup\/","name":"Sirupas - Neera - Valymo sirupas","isPartOf":{"@id":"https:\/\/neera-shop.ru\/lt\/#website"},"datePublished":"2024-08-30T15:36:20+00:00","dateModified":"2025-03-13T21:44:56+00:00","breadcrumb":{"@id":"https:\/\/neera.ee\/lt\/syrup\/#breadcrumb"},"inLanguage":"lt-LT","potentialAction":[{"@type":"ReadAction","target":["https:\/\/neera.ee\/lt\/syrup\/"]}]},{"@type":"BreadcrumbList","@id":"https:\/\/neera.ee\/lt\/syrup\/#breadcrumb","itemListElement":[{"@type":"ListItem","position":1,"name":"Home","item":"https:\/\/neera.ee\/lt\/"},{"@type":"ListItem","position":2,"name":"Sirupas"}]},{"@type":"WebSite","@id":"https:\/\/neera-shop.ru\/lt\/#website","url":"https:\/\/neera-shop.ru\/lt\/","name":"Neera - Valymo sirupas","description":"Neera natural Madal Bal Syrup - specialus klevo sirupo ir palmi\u0173 sirupo mi\u0161inys, kuris bus pagrindas Master Cleanse dietai.","potentialAction":[{"@type":"SearchAction","target":{"@type":"EntryPoint","urlTemplate":"https:\/\/neera-shop.ru\/lt\/?s={search_term_string}"},"query-input":{"@type":"PropertyValueSpecification","valueRequired":true,"valueName":"search_term_string"}}],"inLanguage":"lt-LT"}]}},"_links":{"self":[{"href":"https:\/\/neera.ee\/lt\/wp-json\/wp\/v2\/pages\/20","targetHints":{"allow":["GET"]}}],"collection":[{"href":"https:\/\/neera.ee\/lt\/wp-json\/wp\/v2\/pages"}],"about":[{"href":"https:\/\/neera.ee\/lt\/wp-json\/wp\/v2\/types\/page"}],"author":[{"embeddable":true,"href":"https:\/\/neera.ee\/lt\/wp-json\/wp\/v2\/users\/1"}],"replies":[{"embeddable":true,"href":"https:\/\/neera.ee\/lt\/wp-json\/wp\/v2\/comments?post=20"}],"version-history":[{"count":11,"href":"https:\/\/neera.ee\/lt\/wp-json\/wp\/v2\/pages\/20\/revisions"}],"predecessor-version":[{"id":589,"href":"https:\/\/neera.ee\/lt\/wp-json\/wp\/v2\/pages\/20\/revisions\/589"}],"wp:attachment":[{"href":"https:\/\/neera.ee\/lt\/wp-json\/wp\/v2\/media?parent=20"}],"curies":[{"name":"wp","href":"https:\/\/api.w.org\/{rel}","templated":true}]}}